{"id":6424,"date":"2016-02-08T17:35:12","date_gmt":"2016-02-08T15:35:12","guid":{"rendered":"http:\/\/www.kloster-metten.de\/?page_id=6424"},"modified":"2017-09-17T08:32:21","modified_gmt":"2017-09-17T06:32:21","slug":"bunter-kreis","status":"publish","type":"page","link":"https:\/\/www.kloster-metten.com\/?page_id=6424","title":{"rendered":"Bunter Kreis"},"content":{"rendered":"<h2>Bunter Kreis<\/h2><p>Oberarzt Dr. Christian Batzlsperger von der Kinderklinik am DONAUISAR Klinikum Deggendorf und \u00c4rztlicher Leiter des Buntes Kreises sowie Simone Sigl und Daniela Gigl haben sich sehr \u00fcber eine Spende in H\u00f6he von 500 Euro vom St.-Michaels-Gymnasium in Metten gefreut.<br \/>\nDie Spende ist ein Teil des Erl\u00f6ses, welcher beim letzten Weihnachtsbasar des Gymnasiums erzielt werden konnte. Der Markt wurde von den Sch\u00fclern, unter der Leitung zweier Lehrkr\u00e4fte, selbst gestaltet und organisiert. Neben dem Engagement f\u00fcr soziale Projekte in Afrika, war es f\u00fcr die stellvertretende Schulleiterin Claudia Brehm-Wammes ein gro\u00dfes Anliegen, auch f\u00fcr den guten Zweck in der Region zu spenden.<br \/>\nDas auf diese Weise gesammelte Geld wird nun daf\u00fcr eingesetzt, Eltern von zu fr\u00fch geborenen oder krank geborenen Kindern zu unterst\u00fctzen. Dabei beraten, tr\u00f6sten und leiten die Kinderkrankenschwestern des Bunten Kreises Eltern bei der oft komplizierten Pflege ihrer teilweise schwer kranken Kinder an, so dass einer guten Entwicklung der Babys nichts im Wege steht. H\u00e4ufig sind die ben\u00f6tigten Hilfen der betroffenen Familien sehr umfangreich. So kommt es vor, dass die Leistungen der gesetzlichen Krankenkassen nicht ausreichen. Aus diesem Grund ist der Bunte Kreis auf Unterst\u00fctzung durch Spenden angewiesen.<br \/>\nStellvertretende Schulleiterin Claudia Brehm-Wammes, Lehrerin und Organisatorin des Weihnachtsbasars Beate Scheubeck sowie die Sch\u00fclersprecher Laura Esterbauer und Manuel Grohmann \u00fcbergaben die Spende und haben sich vor Ort ein Bild \u00fcber die Verwendung gemacht.<\/p>\n<p><a href=\"https:\/\/www.kloster-metten.com\/wp-content\/uploads\/2016\/02\/Bunter-Kreis-1-1.jpg\"><img loading=\"lazy\" decoding=\"async\" class=\"alignnone size-medium wp-image-6425\" title=\"Bunter Kreis\" src=\"https:\/\/www.kloster-metten.com\/wp-content\/uploads\/2016\/02\/Bunter-Kreis-1-500x332.jpg\" alt=\"\" width=\"500\" height=\"332\" srcset=\"https:\/\/www.kloster-metten.com\/wp-content\/uploads\/2016\/02\/Bunter-Kreis-1-500x332.jpg 500w, https:\/\/www.kloster-metten.com\/wp-content\/uploads\/2016\/02\/Bunter-Kreis-1.jpg 528w\" sizes=\"auto, (max-width: 500px) 100vw, 500px\" \/><\/a><\/p>\n<p>Bild (v.l.): Sch\u00fclersprecher Manuel Grohmann und Laura Esterbauer, stellvertretende Schulleiterin Claudia Brehm-Wammes, Lehrerin und Organisatorin des Weihnachtsbasars Beate Scheubeck, Daniela Gigl, Oberarzt Dr. Christian Batzlsperger und Simone Sigl vom Bunten Kreis<\/p>\n","protected":false},"excerpt":{"rendered":"<p>Bunter KreisOberarzt Dr. Christian Batzlsperger von der Kinderklinik am DONAUISAR Klinikum Deggendorf und \u00c4rztlicher Leiter des Buntes Kreises sowie Simone Sigl und Daniela Gigl haben sich sehr \u00fcber eine Spende in H\u00f6he von 500 Euro vom St.-Michaels-Gymnasium in Metten gefreut. Die Spende ist ein Teil des Erl\u00f6ses, welcher beim letzten Weihnachtsbasar des Gymnasiums erzielt werden [&hellip;]<\/p>\n","protected":false},"author":5,"featured_media":0,"parent":11026,"menu_order":161,"comment_status":"closed","ping_status":"open","template":"","meta":{"footnotes":""},"class_list":["post-6424","page","type-page","status-publish","hentry"],"_links":{"self":[{"href":"https:\/\/www.kloster-metten.com\/index.php?rest_route=\/wp\/v2\/pages\/6424","targetHints":{"allow":["GET"]}}],"collection":[{"href":"https:\/\/www.kloster-metten.com\/index.php?rest_route=\/wp\/v2\/pages"}],"about":[{"href":"https:\/\/www.kloster-metten.com\/index.php?rest_route=\/wp\/v2\/types\/page"}],"author":[{"embeddable":true,"href":"https:\/\/www.kloster-metten.com\/index.php?rest_route=\/wp\/v2\/users\/5"}],"replies":[{"embeddable":true,"href":"https:\/\/www.kloster-metten.com\/index.php?rest_route=%2Fwp%2Fv2%2Fcomments&post=6424"}],"version-history":[{"count":1,"href":"https:\/\/www.kloster-metten.com\/index.php?rest_route=\/wp\/v2\/pages\/6424\/revisions"}],"predecessor-version":[{"id":9180,"href":"https:\/\/www.kloster-metten.com\/index.php?rest_route=\/wp\/v2\/pages\/6424\/revisions\/9180"}],"up":[{"embeddable":true,"href":"https:\/\/www.kloster-metten.com\/index.php?rest_route=\/wp\/v2\/pages\/11026"}],"wp:attachment":[{"href":"https:\/\/www.kloster-metten.com\/index.php?rest_route=%2Fwp%2Fv2%2Fmedia&parent=6424"}],"curies":[{"name":"wp","href":"https:\/\/api.w.org\/{rel}","templated":true}]}}