{"id":65,"date":"2008-08-04T21:54:59","date_gmt":"2008-08-04T19:54:59","guid":{"rendered":"http:\/\/kloster-metten.de\/?page_id=65"},"modified":"2025-12-14T13:17:20","modified_gmt":"2025-12-14T12:17:20","slug":"gregorianik","status":"publish","type":"page","link":"https:\/\/www.kloster-metten.com\/?page_id=65","title":{"rendered":"Gregorianik"},"content":{"rendered":"<img loading=\"lazy\" decoding=\"async\" class=\"alignnone wp-image-900 size-medium\" title=\"benediktiner-02\" src=\"https:\/\/www.kloster-metten.com\/wp-content\/uploads\/2008\/09\/benediktiner-02-500x332.jpg\" alt=\"\" width=\"500\" height=\"332\" srcset=\"https:\/\/www.kloster-metten.com\/wp-content\/uploads\/2008\/09\/benediktiner-02-500x332.jpg 500w, https:\/\/www.kloster-metten.com\/wp-content\/uploads\/2008\/09\/benediktiner-02.jpg 1000w\" sizes=\"auto, (max-width: 500px) 100vw, 500px\" \/><h2>Gregorianik<\/h2><p><\/p>\n<p>Der Gregorianische Choral ist die \u00e4lteste Form des gesungenen Gebets. Schon in der j\u00fcdischen Tempelliturgie gibt es \u00e4hnliche Ges\u00e4nge. Weiterentwickelt hat sich der Choral im 7. und 8. Jahrhundert. Dabei ist es Papst Gregor dem Gro\u00dfen (540 &#8211; 604) zu verdanken, der die Ges\u00e4nge sammelte und den Kirchengesang in Rom reformierte.<\/p>\n<p class=\"Absatzlinks\">\u201eWer singt, betet doppelt\u201c, wusste Kirchenvater Augustinus, und so kommen die M\u00f6nche t\u00e4glich mehrmals, wie es ihnen ihr Ordensgr\u00fcnder Benedikt aufgetragen hat, zum Chorgebet zusammen. Der Gregorianische Choral ist einstimmig und kennt acht verschiedene Tonarten. Die in Latein gesungenen Texte sind h\u00e4ufig Worte aus der Bibel, dabei meist den alttestamentlichen Psalmen entnommen. Die Melodien sind einfach und meditativ.<\/p>\n<p>Wie zeitgem\u00e4\u00df diese Musik sein kann, haben die M\u00f6nche des \u00f6sterreichischen Zisterzienserstiftes Heiligkreuz bewiesen. Mit ihrer CD \u201e<a href=\"http:\/\/www.chantmusicforparadise.com\/\" target=\"_blank\" rel=\"noopener\">Chant \u2013 Music for Paradise<\/a>\u201c sorgten sie weltweit f\u00fcr Aufsehen und zogen in den Popcharts an Madonna und Co. vorbei.<\/p>\n","protected":false},"excerpt":{"rendered":"<p>Gregorianik Der Gregorianische Choral ist die \u00e4lteste Form des gesungenen Gebets. Schon in der j\u00fcdischen Tempelliturgie gibt es \u00e4hnliche Ges\u00e4nge. Weiterentwickelt hat sich der Choral im 7. und 8. Jahrhundert. Dabei ist es Papst Gregor dem Gro\u00dfen (540 &#8211; 604) zu verdanken, der die Ges\u00e4nge sammelte und den Kirchengesang in Rom reformierte. \u201eWer singt, betet [&hellip;]<\/p>\n","protected":false},"author":5,"featured_media":0,"parent":59,"menu_order":0,"comment_status":"closed","ping_status":"closed","template":"","meta":{"footnotes":""},"class_list":["post-65","page","type-page","status-publish","hentry"],"_links":{"self":[{"href":"https:\/\/www.kloster-metten.com\/index.php?rest_route=\/wp\/v2\/pages\/65","targetHints":{"allow":["GET"]}}],"collection":[{"href":"https:\/\/www.kloster-metten.com\/index.php?rest_route=\/wp\/v2\/pages"}],"about":[{"href":"https:\/\/www.kloster-metten.com\/index.php?rest_route=\/wp\/v2\/types\/page"}],"author":[{"embeddable":true,"href":"https:\/\/www.kloster-metten.com\/index.php?rest_route=\/wp\/v2\/users\/5"}],"replies":[{"embeddable":true,"href":"https:\/\/www.kloster-metten.com\/index.php?rest_route=%2Fwp%2Fv2%2Fcomments&post=65"}],"version-history":[{"count":1,"href":"https:\/\/www.kloster-metten.com\/index.php?rest_route=\/wp\/v2\/pages\/65\/revisions"}],"predecessor-version":[{"id":49545,"href":"https:\/\/www.kloster-metten.com\/index.php?rest_route=\/wp\/v2\/pages\/65\/revisions\/49545"}],"up":[{"embeddable":true,"href":"https:\/\/www.kloster-metten.com\/index.php?rest_route=\/wp\/v2\/pages\/59"}],"wp:attachment":[{"href":"https:\/\/www.kloster-metten.com\/index.php?rest_route=%2Fwp%2Fv2%2Fmedia&parent=65"}],"curies":[{"name":"wp","href":"https:\/\/api.w.org\/{rel}","templated":true}]}}