{"id":66,"date":"2008-08-05T12:48:35","date_gmt":"2008-08-05T10:48:35","guid":{"rendered":"http:\/\/kloster-metten.de\/?page_id=66"},"modified":"2023-10-14T15:00:57","modified_gmt":"2023-10-14T13:00:57","slug":"schulprofil","status":"publish","type":"page","link":"https:\/\/www.kloster-metten.com\/?page_id=66","title":{"rendered":"Schulprofil"},"content":{"rendered":"<a href=\"http:\/\/kloster-metten.de\/wp-content\/uploads\/2008\/09\/01-01.jpg\"><img loading=\"lazy\" decoding=\"async\" class=\"alignleft size-medium wp-image-1833\" title=\"01-01\" src=\"http:\/\/kloster-metten.de\/wp-content\/uploads\/2008\/09\/01-01-500x326.jpg\" alt=\"\" width=\"300\" height=\"195\" srcset=\"https:\/\/www.kloster-metten.com\/wp-content\/uploads\/2008\/09\/01-01-500x326.jpg 500w, https:\/\/www.kloster-metten.com\/wp-content\/uploads\/2008\/09\/01-01.jpg 700w\" sizes=\"auto, (max-width: 300px) 100vw, 300px\" \/><\/a><h2>Schulprofil<\/h2><p>Das St.-Michaels-Gymnasium im Kloster Metten ist eine kleine Schule mit pers\u00f6nlicher Atmosph\u00e4re. Es hat einen humanistischen, einen sprachlichen und einen naturwissenschaftlich-technologischen Zweig und kann von allen Jungen und M\u00e4dchen besucht werden, die die allgemeinen Voraussetzungen f\u00fcr den \u00dcbertritt an ein Gymnasium erf\u00fcllen. Ein breites Angebot von Wahlf\u00e4chern und Neigungsgruppen, Kontakte zu Schulen in Indien und der Tschechischen Republik sowie regelm\u00e4\u00dfige Konzerte, Theaterauff\u00fchrungen und Sportveranstaltungen bereichern den Schulalltag.<\/p>\n<p>Als Klosterschule sieht sich das Gymnasium den christlichen Werten und denen des Evangeliums verpflichtet, die vor mehr als 1.000 Jahren zur Schaffung eines neuen Schulwesens in Europa gef\u00fchrt haben. In Metten wirken seit Jahrhunderten M\u00f6nche als Lehrer und Erzieher. In dieser Tradition steht das Gymnasium. So begegnen sich die gro\u00dfen kulturellen Werte des christlichen Abendlandes und das Wissen des 21. Jahrhunderts.<\/p>\n<p>Jedes Jahr findet ein \u201eTag der offenen T\u00fcr\u201c statt, um Eltern und Kindern Gelegenheit zu geben, die Schule kennen zu lernen.<\/p>\n<p><a href=\"https:\/\/www.kloster-metten.com\/wp-content\/uploads\/2023\/10\/Info-Heft-A5_2024.pdf\">Info-Heft 2024<\/a><\/p>\n","protected":false},"excerpt":{"rendered":"<p>SchulprofilDas St.-Michaels-Gymnasium im Kloster Metten ist eine kleine Schule mit pers\u00f6nlicher Atmosph\u00e4re. Es hat einen humanistischen, einen sprachlichen und einen naturwissenschaftlich-technologischen Zweig und kann von allen Jungen und M\u00e4dchen besucht werden, die die allgemeinen Voraussetzungen f\u00fcr den \u00dcbertritt an ein Gymnasium erf\u00fcllen. Ein breites Angebot von Wahlf\u00e4chern und Neigungsgruppen, Kontakte zu Schulen in Indien und [&hellip;]<\/p>\n","protected":false},"author":5,"featured_media":0,"parent":8,"menu_order":2,"comment_status":"closed","ping_status":"closed","template":"","meta":{"footnotes":""},"class_list":["post-66","page","type-page","status-publish","hentry"],"_links":{"self":[{"href":"https:\/\/www.kloster-metten.com\/index.php?rest_route=\/wp\/v2\/pages\/66","targetHints":{"allow":["GET"]}}],"collection":[{"href":"https:\/\/www.kloster-metten.com\/index.php?rest_route=\/wp\/v2\/pages"}],"about":[{"href":"https:\/\/www.kloster-metten.com\/index.php?rest_route=\/wp\/v2\/types\/page"}],"author":[{"embeddable":true,"href":"https:\/\/www.kloster-metten.com\/index.php?rest_route=\/wp\/v2\/users\/5"}],"replies":[{"embeddable":true,"href":"https:\/\/www.kloster-metten.com\/index.php?rest_route=%2Fwp%2Fv2%2Fcomments&post=66"}],"version-history":[{"count":9,"href":"https:\/\/www.kloster-metten.com\/index.php?rest_route=\/wp\/v2\/pages\/66\/revisions"}],"predecessor-version":[{"id":47952,"href":"https:\/\/www.kloster-metten.com\/index.php?rest_route=\/wp\/v2\/pages\/66\/revisions\/47952"}],"up":[{"embeddable":true,"href":"https:\/\/www.kloster-metten.com\/index.php?rest_route=\/wp\/v2\/pages\/8"}],"wp:attachment":[{"href":"https:\/\/www.kloster-metten.com\/index.php?rest_route=%2Fwp%2Fv2%2Fmedia&parent=66"}],"curies":[{"name":"wp","href":"https:\/\/api.w.org\/{rel}","templated":true}]}}