{"id":68,"date":"2008-08-05T12:48:47","date_gmt":"2008-08-05T10:48:47","guid":{"rendered":"http:\/\/kloster-metten.de\/?page_id=68"},"modified":"2021-11-25T22:52:45","modified_gmt":"2021-11-25T21:52:45","slug":"schulfamilie","status":"publish","type":"page","link":"https:\/\/www.kloster-metten.com\/?page_id=68","title":{"rendered":"Schulfamilie"},"content":{"rendered":"<a href=\"http:\/\/kloster-metten.de\/wp-content\/uploads\/2008\/09\/_atk22211.jpg\"><img loading=\"lazy\" decoding=\"async\" class=\"size-medium wp-image-1846 alignleft\" title=\"_atk22211\" src=\"http:\/\/kloster-metten.de\/wp-content\/uploads\/2008\/09\/_atk22211-500x332.jpg\" alt=\"\" width=\"300\" height=\"199\" srcset=\"https:\/\/www.kloster-metten.com\/wp-content\/uploads\/2008\/09\/_atk22211-500x332.jpg 500w, https:\/\/www.kloster-metten.com\/wp-content\/uploads\/2008\/09\/_atk22211.jpg 700w\" sizes=\"auto, (max-width: 300px) 100vw, 300px\" \/><\/a><h2>Schulfamilie<\/h2><p>Es zeichnet den pers\u00f6nlichen Charakter des St.-Michaels-Gymnasiums aus, dass sich M\u00f6nche, Lehrer, Sch\u00fclerinnen und Sch\u00fcler sowie ihre Eltern als Schulfamilie sehen. Der Umgang ist von gegenseitigem Vertrauen gepr\u00e4gt. Kein Wunder also, dass viele ehemaligen Absolventen sp\u00e4ter auch ihre eigenen Kinder wieder auf die Klosterschule schicken.<\/p>\n<p>Wichtig ist den M\u00f6nchen die Einbindung der Eltern ins Schulleben. Dazu gibt es die Elternabende f\u00fcr die 5. Klassen und sp\u00e4ter die Elternsprechtage. Eine feste Einrichtung ist mittlerweile die j\u00e4hrliche Informationsveranstaltung f\u00fcr die Sch\u00fclerinnen und Sch\u00fcler ab der 10.Jahrgangsstufe mit Eltern und \u201eAltmettenern\u201c geworden, in denen diese \u00fcber ihre Studienerfahrungen berichten und ihren jeweiligen Beruf vorstellen.<\/p>\n","protected":false},"excerpt":{"rendered":"<p>SchulfamilieEs zeichnet den pers\u00f6nlichen Charakter des St.-Michaels-Gymnasiums aus, dass sich M\u00f6nche, Lehrer, Sch\u00fclerinnen und Sch\u00fcler sowie ihre Eltern als Schulfamilie sehen. Der Umgang ist von gegenseitigem Vertrauen gepr\u00e4gt. Kein Wunder also, dass viele ehemaligen Absolventen sp\u00e4ter auch ihre eigenen Kinder wieder auf die Klosterschule schicken. Wichtig ist den M\u00f6nchen die Einbindung der Eltern ins Schulleben. [&hellip;]<\/p>\n","protected":false},"author":5,"featured_media":0,"parent":8,"menu_order":4,"comment_status":"closed","ping_status":"closed","template":"","meta":{"footnotes":""},"class_list":["post-68","page","type-page","status-publish","hentry"],"_links":{"self":[{"href":"https:\/\/www.kloster-metten.com\/index.php?rest_route=\/wp\/v2\/pages\/68","targetHints":{"allow":["GET"]}}],"collection":[{"href":"https:\/\/www.kloster-metten.com\/index.php?rest_route=\/wp\/v2\/pages"}],"about":[{"href":"https:\/\/www.kloster-metten.com\/index.php?rest_route=\/wp\/v2\/types\/page"}],"author":[{"embeddable":true,"href":"https:\/\/www.kloster-metten.com\/index.php?rest_route=\/wp\/v2\/users\/5"}],"replies":[{"embeddable":true,"href":"https:\/\/www.kloster-metten.com\/index.php?rest_route=%2Fwp%2Fv2%2Fcomments&post=68"}],"version-history":[{"count":2,"href":"https:\/\/www.kloster-metten.com\/index.php?rest_route=\/wp\/v2\/pages\/68\/revisions"}],"predecessor-version":[{"id":13703,"href":"https:\/\/www.kloster-metten.com\/index.php?rest_route=\/wp\/v2\/pages\/68\/revisions\/13703"}],"up":[{"embeddable":true,"href":"https:\/\/www.kloster-metten.com\/index.php?rest_route=\/wp\/v2\/pages\/8"}],"wp:attachment":[{"href":"https:\/\/www.kloster-metten.com\/index.php?rest_route=%2Fwp%2Fv2%2Fmedia&parent=68"}],"curies":[{"name":"wp","href":"https:\/\/api.w.org\/{rel}","templated":true}]}}