{"id":70,"date":"2008-08-05T12:49:02","date_gmt":"2008-08-05T10:49:02","guid":{"rendered":"http:\/\/kloster-metten.de\/?page_id=70"},"modified":"2016-03-07T22:15:41","modified_gmt":"2016-03-07T21:15:41","slug":"angebote","status":"publish","type":"page","link":"https:\/\/www.kloster-metten.com\/?page_id=70","title":{"rendered":"Angebote"},"content":{"rendered":"<a href=\"http:\/\/kloster-metten.de\/wp-content\/uploads\/2008\/09\/10-02.jpg\"><img loading=\"lazy\" decoding=\"async\" class=\"alignleft size-medium wp-image-1880\" title=\"10-02\" src=\"http:\/\/kloster-metten.de\/wp-content\/uploads\/2008\/09\/10-02-500x328.jpg\" alt=\"\" width=\"301\" height=\"197\" srcset=\"https:\/\/www.kloster-metten.com\/wp-content\/uploads\/2008\/09\/10-02-500x328.jpg 500w, https:\/\/www.kloster-metten.com\/wp-content\/uploads\/2008\/09\/10-02.jpg 700w\" sizes=\"auto, (max-width: 301px) 100vw, 301px\" \/><\/a><h2>Angebote<\/h2><p>Zu einer ganzheitlichen Erziehung, wie es die Benediktiner verstehen, geh\u00f6rt ein umfangreiches Angebot rund um die Schule. St\u00e4rken der Sch\u00fcler sollen bewusst gef\u00f6rdert werden. Nur so k\u00f6nnen sich junge Leute auch entfalten. Die Schule ermuntert sie dazu, in Wahlf\u00e4chern und Arbeitsgemeinschaften ihren Interessen nachzugehen.<\/p>\n","protected":false},"excerpt":{"rendered":"<p>AngeboteZu einer ganzheitlichen Erziehung, wie es die Benediktiner verstehen, geh\u00f6rt ein umfangreiches Angebot rund um die Schule. St\u00e4rken der Sch\u00fcler sollen bewusst gef\u00f6rdert werden. Nur so k\u00f6nnen sich junge Leute auch entfalten. Die Schule ermuntert sie dazu, in Wahlf\u00e4chern und Arbeitsgemeinschaften ihren Interessen nachzugehen.<\/p>\n","protected":false},"author":5,"featured_media":0,"parent":8,"menu_order":5,"comment_status":"closed","ping_status":"closed","template":"","meta":{"footnotes":""},"class_list":["post-70","page","type-page","status-publish","hentry"],"_links":{"self":[{"href":"https:\/\/www.kloster-metten.com\/index.php?rest_route=\/wp\/v2\/pages\/70","targetHints":{"allow":["GET"]}}],"collection":[{"href":"https:\/\/www.kloster-metten.com\/index.php?rest_route=\/wp\/v2\/pages"}],"about":[{"href":"https:\/\/www.kloster-metten.com\/index.php?rest_route=\/wp\/v2\/types\/page"}],"author":[{"embeddable":true,"href":"https:\/\/www.kloster-metten.com\/index.php?rest_route=\/wp\/v2\/users\/5"}],"replies":[{"embeddable":true,"href":"https:\/\/www.kloster-metten.com\/index.php?rest_route=%2Fwp%2Fv2%2Fcomments&post=70"}],"version-history":[{"count":1,"href":"https:\/\/www.kloster-metten.com\/index.php?rest_route=\/wp\/v2\/pages\/70\/revisions"}],"predecessor-version":[{"id":9247,"href":"https:\/\/www.kloster-metten.com\/index.php?rest_route=\/wp\/v2\/pages\/70\/revisions\/9247"}],"up":[{"embeddable":true,"href":"https:\/\/www.kloster-metten.com\/index.php?rest_route=\/wp\/v2\/pages\/8"}],"wp:attachment":[{"href":"https:\/\/www.kloster-metten.com\/index.php?rest_route=%2Fwp%2Fv2%2Fmedia&parent=70"}],"curies":[{"name":"wp","href":"https:\/\/api.w.org\/{rel}","templated":true}]}}