{"id":74,"date":"2008-08-05T12:49:48","date_gmt":"2008-08-05T10:49:48","guid":{"rendered":"http:\/\/kloster-metten.de\/?page_id=74"},"modified":"2024-07-08T16:03:35","modified_gmt":"2024-07-08T14:03:35","slug":"bibliothek","status":"publish","type":"page","link":"https:\/\/www.kloster-metten.com\/?page_id=74","title":{"rendered":"Bibliothek"},"content":{"rendered":"<a href=\"http:\/\/kloster-metten.com\/wp-content\/uploads\/2008\/09\/_atk50581.jpg\"><img class=\"alignleft wp-image-1343 size-medium\" title=\"_atk50581\" src=\"https:\/\/www.kloster-metten.com\/wp-content\/uploads\/2008\/09\/_atk50581-500x332.jpg\" alt=\"\" width=\"500\" height=\"332\" \/><\/a><h2>Bibliothek<\/h2><p>Die ber\u00fchmte Barockbibliothek der Benediktinerabtei Metten ist weit \u00fcber die bayerischen Grenzen hinaus bekannt. Dem Bibliothekswesen f\u00fchlt man sich im Kloster bis heute verpflichtet. Im Sommer 2009 wurden die neuen Bibliotheksr\u00e4ume er\u00f6ffnet. Damit steht den Benutzern jetzt ein gro\u00dfer Lesesaal zu Verf\u00fcgung. Die bisher \u00fcber mehrere Standorte verteilten Werke werden jetzt in einem Magazin vereinigt.<\/p>\n<p class=\"Absatzlinks\"><a href=\"https:\/\/bybtp20.bib-bvb.de\/TouchPoint\/start.do?View=bam&amp;SearchType=2&amp;BaseURL=this\" target=\"_blank\" rel=\"noopener noreferrer\">ONLINE-Katalog der Bibliothek Benediktinerabtei Metten<\/a><\/p>\n","protected":false},"excerpt":{"rendered":"<p>BibliothekDie ber\u00fchmte Barockbibliothek der Benediktinerabtei Metten ist weit \u00fcber die bayerischen Grenzen hinaus bekannt. Dem Bibliothekswesen f\u00fchlt man sich im Kloster bis heute verpflichtet. Im Sommer 2009 wurden die neuen Bibliotheksr\u00e4ume er\u00f6ffnet. Damit steht den Benutzern jetzt ein gro\u00dfer Lesesaal zu Verf\u00fcgung. Die bisher \u00fcber mehrere Standorte verteilten Werke werden jetzt in einem Magazin vereinigt. [&hellip;]<\/p>\n","protected":false},"author":5,"featured_media":0,"parent":8,"menu_order":7,"comment_status":"closed","ping_status":"closed","template":"","meta":{"footnotes":""},"class_list":["post-74","page","type-page","status-publish","hentry"],"_links":{"self":[{"href":"https:\/\/www.kloster-metten.com\/index.php?rest_route=\/wp\/v2\/pages\/74","targetHints":{"allow":["GET"]}}],"collection":[{"href":"https:\/\/www.kloster-metten.com\/index.php?rest_route=\/wp\/v2\/pages"}],"about":[{"href":"https:\/\/www.kloster-metten.com\/index.php?rest_route=\/wp\/v2\/types\/page"}],"author":[{"embeddable":true,"href":"https:\/\/www.kloster-metten.com\/index.php?rest_route=\/wp\/v2\/users\/5"}],"replies":[{"embeddable":true,"href":"https:\/\/www.kloster-metten.com\/index.php?rest_route=%2Fwp%2Fv2%2Fcomments&post=74"}],"version-history":[{"count":1,"href":"https:\/\/www.kloster-metten.com\/index.php?rest_route=\/wp\/v2\/pages\/74\/revisions"}],"predecessor-version":[{"id":48733,"href":"https:\/\/www.kloster-metten.com\/index.php?rest_route=\/wp\/v2\/pages\/74\/revisions\/48733"}],"up":[{"embeddable":true,"href":"https:\/\/www.kloster-metten.com\/index.php?rest_route=\/wp\/v2\/pages\/8"}],"wp:attachment":[{"href":"https:\/\/www.kloster-metten.com\/index.php?rest_route=%2Fwp%2Fv2%2Fmedia&parent=74"}],"curies":[{"name":"wp","href":"https:\/\/api.w.org\/{rel}","templated":true}]}}