{"id":791,"date":"2008-09-01T11:37:12","date_gmt":"2008-09-01T09:37:12","guid":{"rendered":"http:\/\/kloster-metten.de\/?page_id=791"},"modified":"2025-01-02T14:47:55","modified_gmt":"2025-01-02T13:47:55","slug":"kosten","status":"publish","type":"page","link":"https:\/\/www.kloster-metten.com\/?page_id=791","title":{"rendered":"Kosten"},"content":{"rendered":"<h2>Kosten<\/h2><p>F\u00fcr den Besuch des Gymnasiums wird ein Elternbeitrag in H\u00f6he von 50 Euro pro Monat (f\u00fcr 11 Monate) erhoben. Besuchen zwei Kinder derselben Familie gleichzeitig das St.-Michaels-Gymnasium, erm\u00e4\u00dfigt sich der Beitrag beim zweiten Kind um 50 Prozent, ab dem dritten Kind entf\u00e4llt er v\u00f6llig. In begr\u00fcndeten F\u00e4llen kann der Elternbeitrag auf Antrag auch reduziert oder erlassen werden.<\/p>\n","protected":false},"excerpt":{"rendered":"<p>KostenF\u00fcr den Besuch des Gymnasiums wird ein Elternbeitrag in H\u00f6he von 50 Euro pro Monat (f\u00fcr 11 Monate) erhoben. Besuchen zwei Kinder derselben Familie gleichzeitig das St.-Michaels-Gymnasium, erm\u00e4\u00dfigt sich der Beitrag beim zweiten Kind um 50 Prozent, ab dem dritten Kind entf\u00e4llt er v\u00f6llig. In begr\u00fcndeten F\u00e4llen kann der Elternbeitrag auf Antrag auch reduziert oder [&hellip;]<\/p>\n","protected":false},"author":5,"featured_media":0,"parent":66,"menu_order":7,"comment_status":"closed","ping_status":"closed","template":"","meta":{"footnotes":""},"class_list":["post-791","page","type-page","status-publish","hentry"],"_links":{"self":[{"href":"https:\/\/www.kloster-metten.com\/index.php?rest_route=\/wp\/v2\/pages\/791","targetHints":{"allow":["GET"]}}],"collection":[{"href":"https:\/\/www.kloster-metten.com\/index.php?rest_route=\/wp\/v2\/pages"}],"about":[{"href":"https:\/\/www.kloster-metten.com\/index.php?rest_route=\/wp\/v2\/types\/page"}],"author":[{"embeddable":true,"href":"https:\/\/www.kloster-metten.com\/index.php?rest_route=\/wp\/v2\/users\/5"}],"replies":[{"embeddable":true,"href":"https:\/\/www.kloster-metten.com\/index.php?rest_route=%2Fwp%2Fv2%2Fcomments&post=791"}],"version-history":[{"count":2,"href":"https:\/\/www.kloster-metten.com\/index.php?rest_route=\/wp\/v2\/pages\/791\/revisions"}],"predecessor-version":[{"id":49025,"href":"https:\/\/www.kloster-metten.com\/index.php?rest_route=\/wp\/v2\/pages\/791\/revisions\/49025"}],"up":[{"embeddable":true,"href":"https:\/\/www.kloster-metten.com\/index.php?rest_route=\/wp\/v2\/pages\/66"}],"wp:attachment":[{"href":"https:\/\/www.kloster-metten.com\/index.php?rest_route=%2Fwp%2Fv2%2Fmedia&parent=791"}],"curies":[{"name":"wp","href":"https:\/\/api.w.org\/{rel}","templated":true}]}}