{"id":793,"date":"2008-09-01T11:39:01","date_gmt":"2008-09-01T09:39:01","guid":{"rendered":"http:\/\/kloster-metten.de\/?page_id=793"},"modified":"2025-12-14T13:07:08","modified_gmt":"2025-12-14T12:07:08","slug":"alt-mettner-testimonial","status":"publish","type":"page","link":"https:\/\/www.kloster-metten.com\/?page_id=793","title":{"rendered":"Altmettener"},"content":{"rendered":"<a href=\"http:\/\/kloster-metten.de\/wp-content\/uploads\/2008\/09\/14-01.jpg\"><img loading=\"lazy\" decoding=\"async\" class=\"alignleft wp-image-1873 size-medium\" title=\"14-01\" src=\"https:\/\/www.kloster-metten.com\/wp-content\/uploads\/2008\/09\/14-01-500x333.jpg\" alt=\"\" width=\"500\" height=\"333\" srcset=\"https:\/\/www.kloster-metten.com\/wp-content\/uploads\/2008\/09\/14-01-500x333.jpg 500w, https:\/\/www.kloster-metten.com\/wp-content\/uploads\/2008\/09\/14-01.jpg 700w\" sizes=\"auto, (max-width: 500px) 100vw, 500px\" \/><\/a><h2>Altmettener<\/h2><p>Zahlreiche Absolventinnen und Absolventen halten intensiven Kontakt zu ihrer ehemaligen Schule, Lehrkr\u00e4ften und zu ihren Mitsch\u00fclerinnen und Mitsch\u00fclern. Bei privaten Kontakten, im Rahmen von regelm\u00e4\u00dfig stattfindenden Klassentreffen und Altmettner-Treffen werden die Erinnerungen an die gemeinsame Schulzeit aufgefrischt.<\/p>\n<blockquote>\n<p>In meiner Position brauche ich die Kombination von Leistung, Menschlichkeit und Konsequenz, da zu das Ruhen in einem soliden Wertesystem und das Bewusstsein f\u00fcr meine Wurzeln. Das habe ich hier erfahren.<\/p>\n<\/blockquote>\n<p>Waldemar Kindler, bayerischer Polizeichef a. D., Abitur 1967<\/p>\n<hr \/>\n<p>&nbsp;<\/p>\n<blockquote>\n<p>Durch die Begegnungen mit den Patres und durch ihre Begleitung habe ich den religi\u00f6sen Geist glaubw\u00fcrdig erfahren. Sie haben uns vorgelebt, dass man Menschen mit dem Herzen begegnen kann.<\/p>\n<\/blockquote>\n<p>Dr. Alexandra Rotkegel, Seminarrektorin, Abitur 1987<\/p>\n<hr \/>\n<p><a href=\"http:\/\/kloster-metten.de\/wp-content\/uploads\/2008\/09\/08-011.jpg\"><img loading=\"lazy\" decoding=\"async\" class=\"alignleft wp-image-1875 size-thumbnail\" title=\"08-011\" src=\"https:\/\/www.kloster-metten.com\/wp-content\/uploads\/2008\/09\/08-011-170x115.jpg\" alt=\"\" width=\"170\" height=\"115\" srcset=\"https:\/\/www.kloster-metten.com\/wp-content\/uploads\/2008\/09\/08-011-170x115.jpg 170w, https:\/\/www.kloster-metten.com\/wp-content\/uploads\/2008\/09\/08-011-500x334.jpg 500w, https:\/\/www.kloster-metten.com\/wp-content\/uploads\/2008\/09\/08-011.jpg 700w\" sizes=\"auto, (max-width: 170px) 100vw, 170px\" \/><\/a><\/p>\n<blockquote>\n<p>Ich habe mich in der Verbindung von Tradition und Moderne besonders wohl gef\u00fchlt. Weil ich in diesem Sinne umfassend gef\u00f6rdert wurde, stehen mir heute alle T\u00fcren f\u00fcr meinen Ausbildungsweg offen.<\/p>\n<\/blockquote>\n<p>Konstantin Esterl, Abitur 2003<\/p>\n<hr \/>\n<p><a href=\"http:\/\/kloster-metten.de\/wp-content\/uploads\/2008\/09\/06-01.jpg\"><img loading=\"lazy\" decoding=\"async\" class=\"alignleft wp-image-1190 size-thumbnail\" title=\"06-01\" src=\"https:\/\/www.kloster-metten.com\/wp-content\/uploads\/2008\/09\/06-01-170x115.jpg\" alt=\"\" width=\"170\" height=\"115\" \/><\/a><\/p>\n<blockquote>\n<p>Bildung geht an unserer Schule \u00fcber blo\u00dfe Wissensinhalte hinaus. Das habe ich selbst als Sch\u00fcler in Metten erlebt, und auch sch\u00e4tzten es meine Kinder als Sch\u00fcler dieser Schule.<\/p>\n<\/blockquote>\n<p>Thomas Horndasch, Lehrer, Abitur 1976<\/p>\n<hr \/>\n<p><a href=\"http:\/\/kloster-metten.de\/wp-content\/uploads\/2008\/09\/_atk0246.jpg\"><img loading=\"lazy\" decoding=\"async\" class=\"alignleft wp-image-2423 size-thumbnail\" title=\"_atk0246\" src=\"https:\/\/www.kloster-metten.com\/wp-content\/uploads\/2008\/09\/_atk0246-170x115.jpg\" alt=\"\" width=\"170\" height=\"115\" \/><\/a><\/p>\n<blockquote>\n<p>Nach neun Jahren Klosterseminar ist mir Metten zur geistigen Heimat geworden. So etwas gibt es nur einmal, und deshalb bin ich wieder hier.<\/p>\n<\/blockquote>\n<p>Dr. Ernst Sch\u00fctz, Lehrer, Abitur 1992<\/p>\n","protected":false},"excerpt":{"rendered":"<p>AltmettenerZahlreiche Absolventinnen und Absolventen halten intensiven Kontakt zu ihrer ehemaligen Schule, Lehrkr\u00e4ften und zu ihren Mitsch\u00fclerinnen und Mitsch\u00fclern. Bei privaten Kontakten, im Rahmen von regelm\u00e4\u00dfig stattfindenden Klassentreffen und Altmettner-Treffen werden die Erinnerungen an die gemeinsame Schulzeit aufgefrischt. In meiner Position brauche ich die Kombination von Leistung, Menschlichkeit und Konsequenz, da zu das Ruhen in einem [&hellip;]<\/p>\n","protected":false},"author":5,"featured_media":0,"parent":68,"menu_order":7,"comment_status":"closed","ping_status":"closed","template":"","meta":{"footnotes":""},"class_list":["post-793","page","type-page","status-publish","hentry"],"_links":{"self":[{"href":"https:\/\/www.kloster-metten.com\/index.php?rest_route=\/wp\/v2\/pages\/793","targetHints":{"allow":["GET"]}}],"collection":[{"href":"https:\/\/www.kloster-metten.com\/index.php?rest_route=\/wp\/v2\/pages"}],"about":[{"href":"https:\/\/www.kloster-metten.com\/index.php?rest_route=\/wp\/v2\/types\/page"}],"author":[{"embeddable":true,"href":"https:\/\/www.kloster-metten.com\/index.php?rest_route=\/wp\/v2\/users\/5"}],"replies":[{"embeddable":true,"href":"https:\/\/www.kloster-metten.com\/index.php?rest_route=%2Fwp%2Fv2%2Fcomments&post=793"}],"version-history":[{"count":5,"href":"https:\/\/www.kloster-metten.com\/index.php?rest_route=\/wp\/v2\/pages\/793\/revisions"}],"predecessor-version":[{"id":49538,"href":"https:\/\/www.kloster-metten.com\/index.php?rest_route=\/wp\/v2\/pages\/793\/revisions\/49538"}],"up":[{"embeddable":true,"href":"https:\/\/www.kloster-metten.com\/index.php?rest_route=\/wp\/v2\/pages\/68"}],"wp:attachment":[{"href":"https:\/\/www.kloster-metten.com\/index.php?rest_route=%2Fwp%2Fv2%2Fmedia&parent=793"}],"curies":[{"name":"wp","href":"https:\/\/api.w.org\/{rel}","templated":true}]}}