{"id":84,"date":"2008-08-05T12:51:09","date_gmt":"2008-08-05T10:51:09","guid":{"rendered":"http:\/\/kloster-metten.de\/?page_id=84"},"modified":"2022-01-30T08:42:45","modified_gmt":"2022-01-30T07:42:45","slug":"kontakt","status":"publish","type":"page","link":"https:\/\/www.kloster-metten.com\/?page_id=84","title":{"rendered":"Kontakt"},"content":{"rendered":"<h2>Kontakt<\/h2><p><strong>St.-Michaels-Gymnasium Metten<\/strong><br \/>\nAbteistr. 3<br \/>\nD-94526 Metten<br \/>\nTel. (09 91) 91 08- 1 20<br \/>\nFax.(09 91) 91 08- 1 78<br \/>\nE-mail: <a href=\"mailto:sekretariat@kloster-metten.de\">sekretariat@kloster-metten.de<\/a><\/p>\n<p><a href=\"https:\/\/goo.gl\/maps\/UpoDc8M9gXR2\">Routenplaner\u00a0von Google Maps<\/a><\/p>\n<h2>Informationen zum \u00dcbertritt<\/h2>\n<p>Als Voraussetzung f\u00fcr den \u00dcbertritt von der <strong>4. Klasse Grundschule<\/strong> ans Gymnasium gelten folgende Bedingungen f\u00fcr das \u00dcbertrittszeugnis:<\/p>\n<p>Durchschnittsnote aus Deutsch, Mathematik, Heimat- und Sachunterricht<\/p>\n<ul>\n<li>mindestens 2,33 <br \/>\n<strong>\u00dcbertritt uneingeschr\u00e4nkt m\u00f6glich <\/strong><\/li>\n<li>2,66 oder schlechter<br \/>\n\u00dcbertritt nur nach bestandenem Probeunterricht m\u00f6glich<\/li>\n<\/ul>\n","protected":false},"excerpt":{"rendered":"<p>KontaktSt.-Michaels-Gymnasium Metten Abteistr. 3 D-94526 Metten Tel. (09 91) 91 08- 1 20 Fax.(09 91) 91 08- 1 78 E-mail: sekretariat@kloster-metten.de Routenplaner\u00a0von Google Maps Informationen zum \u00dcbertritt Als Voraussetzung f\u00fcr den \u00dcbertritt von der 4. Klasse Grundschule ans Gymnasium gelten folgende Bedingungen f\u00fcr das \u00dcbertrittszeugnis: Durchschnittsnote aus Deutsch, Mathematik, Heimat- und Sachunterricht mindestens 2,33 \u00dcbertritt [&hellip;]<\/p>\n","protected":false},"author":5,"featured_media":0,"parent":8,"menu_order":16,"comment_status":"closed","ping_status":"closed","template":"","meta":{"footnotes":""},"class_list":["post-84","page","type-page","status-publish","hentry"],"_links":{"self":[{"href":"https:\/\/www.kloster-metten.com\/index.php?rest_route=\/wp\/v2\/pages\/84","targetHints":{"allow":["GET"]}}],"collection":[{"href":"https:\/\/www.kloster-metten.com\/index.php?rest_route=\/wp\/v2\/pages"}],"about":[{"href":"https:\/\/www.kloster-metten.com\/index.php?rest_route=\/wp\/v2\/types\/page"}],"author":[{"embeddable":true,"href":"https:\/\/www.kloster-metten.com\/index.php?rest_route=\/wp\/v2\/users\/5"}],"replies":[{"embeddable":true,"href":"https:\/\/www.kloster-metten.com\/index.php?rest_route=%2Fwp%2Fv2%2Fcomments&post=84"}],"version-history":[{"count":9,"href":"https:\/\/www.kloster-metten.com\/index.php?rest_route=\/wp\/v2\/pages\/84\/revisions"}],"predecessor-version":[{"id":13776,"href":"https:\/\/www.kloster-metten.com\/index.php?rest_route=\/wp\/v2\/pages\/84\/revisions\/13776"}],"up":[{"embeddable":true,"href":"https:\/\/www.kloster-metten.com\/index.php?rest_route=\/wp\/v2\/pages\/8"}],"wp:attachment":[{"href":"https:\/\/www.kloster-metten.com\/index.php?rest_route=%2Fwp%2Fv2%2Fmedia&parent=84"}],"curies":[{"name":"wp","href":"https:\/\/api.w.org\/{rel}","templated":true}]}}