{"id":856,"date":"2008-09-02T11:35:57","date_gmt":"2008-09-02T09:35:57","guid":{"rendered":"http:\/\/kloster-metten.de\/?page_id=856"},"modified":"2008-09-02T11:35:57","modified_gmt":"2008-09-02T09:35:57","slug":"leo-mergel","status":"publish","type":"page","link":"https:\/\/www.kloster-metten.com\/?page_id=856","title":{"rendered":"Leo Mergel"},"content":{"rendered":"<h2>Leo Mergel<\/h2><p><strong>Leo Mergel (1847 bis 1932), Abt von Metten und Bischof von Eichst\u00e4tt<\/strong><br \/>\nDer Sohn eines Kleinbauern aus Rohrbach bei Neuburg an der Donau durfte aufgrund seiner Begabung die Lateinschule in Eichst\u00e4tt besuchen und danach Theologie studieren. 1873 folgte die Priesterweihe. Sein Bischof schickte ihn sp\u00e4ter zum Weiterstudium nach Rom, wo Mergel zum Doktor des Kirchenrechts promoviert wurde. Der Geistliche kehrte zwar nach Eichst\u00e4tt zur\u00fcck, schied aber 1882 aus dem Dienst der Di\u00f6zese aus und trat in das Benediktinerkloster Metten ein. Dort leitete er das Knabenseminar und war Lehrer f\u00fcr Religion, Italienisch und Spanisch. 1898 w\u00e4hlte ihn der Konvent zum Abt.<\/p>\n<p>Dieses Amt musste Mergel jedoch 1905 aufgeben, da er zum Bischof von Eichst\u00e4tt berufen wurde. Neben dem Einsatz f\u00fcr die Ausbildung des Priesternachwuchses engagierte er sich f\u00fcr die Kl\u00f6ster in seiner Di\u00f6zese. Insgesamt entstanden in seiner Amtszeit 35 neue kl\u00f6sterliche Niederlassungen. Mergel blieb Historikern zufolge zeitlebens seinen M\u00f6nchsidealen treu, er lebte asketisch und zur\u00fcckgezogen. Er ist im Eichst\u00e4tter Dom bestattet, wo in einer Seitenkapelle ein Relief aus Jurastein an ihn erinnert.<\/p>\n","protected":false},"excerpt":{"rendered":"<p>Leo MergelLeo Mergel (1847 bis 1932), Abt von Metten und Bischof von Eichst\u00e4tt Der Sohn eines Kleinbauern aus Rohrbach bei Neuburg an der Donau durfte aufgrund seiner Begabung die Lateinschule in Eichst\u00e4tt besuchen und danach Theologie studieren. 1873 folgte die Priesterweihe. Sein Bischof schickte ihn sp\u00e4ter zum Weiterstudium nach Rom, wo Mergel zum Doktor des [&hellip;]<\/p>\n","protected":false},"author":5,"featured_media":0,"parent":141,"menu_order":0,"comment_status":"closed","ping_status":"closed","template":"","meta":{"footnotes":""},"class_list":["post-856","page","type-page","status-publish","hentry"],"_links":{"self":[{"href":"https:\/\/www.kloster-metten.com\/index.php?rest_route=\/wp\/v2\/pages\/856","targetHints":{"allow":["GET"]}}],"collection":[{"href":"https:\/\/www.kloster-metten.com\/index.php?rest_route=\/wp\/v2\/pages"}],"about":[{"href":"https:\/\/www.kloster-metten.com\/index.php?rest_route=\/wp\/v2\/types\/page"}],"author":[{"embeddable":true,"href":"https:\/\/www.kloster-metten.com\/index.php?rest_route=\/wp\/v2\/users\/5"}],"replies":[{"embeddable":true,"href":"https:\/\/www.kloster-metten.com\/index.php?rest_route=%2Fwp%2Fv2%2Fcomments&post=856"}],"version-history":[{"count":0,"href":"https:\/\/www.kloster-metten.com\/index.php?rest_route=\/wp\/v2\/pages\/856\/revisions"}],"up":[{"embeddable":true,"href":"https:\/\/www.kloster-metten.com\/index.php?rest_route=\/wp\/v2\/pages\/141"}],"wp:attachment":[{"href":"https:\/\/www.kloster-metten.com\/index.php?rest_route=%2Fwp%2Fv2%2Fmedia&parent=856"}],"curies":[{"name":"wp","href":"https:\/\/api.w.org\/{rel}","templated":true}]}}