{"id":860,"date":"2008-09-02T11:37:43","date_gmt":"2008-09-02T09:37:43","guid":{"rendered":"http:\/\/kloster-metten.de\/?page_id=860"},"modified":"2008-09-02T11:37:43","modified_gmt":"2008-09-02T09:37:43","slug":"frater-lucas-schraudolph","status":"publish","type":"page","link":"https:\/\/www.kloster-metten.com\/?page_id=860","title":{"rendered":"Frater Lukas Schraudolph"},"content":{"rendered":"<h2>Frater Lukas Schraudolph<\/h2><p><strong>Frater Lukas Schraudolph (1817 bis 1863), K\u00fcnstler<\/strong><br \/>\nDer aus Oberstdorf stammende Sohn eines Tischlers trat 1842 in das Kloster Metten ein. Dort bet\u00e4tigte er sich auch als religi\u00f6ser Maler. F\u00fcr zahlreiche Landkirchen schuf der Ordensmann Altarbilder. Viele seiner Werke wurden durch Stahlstiche vervielf\u00e4ltigt.<\/p>\n","protected":false},"excerpt":{"rendered":"<p>Frater Lukas SchraudolphFrater Lukas Schraudolph (1817 bis 1863), K\u00fcnstler Der aus Oberstdorf stammende Sohn eines Tischlers trat 1842 in das Kloster Metten ein. Dort bet\u00e4tigte er sich auch als religi\u00f6ser Maler. F\u00fcr zahlreiche Landkirchen schuf der Ordensmann Altarbilder. Viele seiner Werke wurden durch Stahlstiche vervielf\u00e4ltigt.<\/p>\n","protected":false},"author":5,"featured_media":0,"parent":141,"menu_order":0,"comment_status":"closed","ping_status":"closed","template":"","meta":{"footnotes":""},"class_list":["post-860","page","type-page","status-publish","hentry"],"_links":{"self":[{"href":"https:\/\/www.kloster-metten.com\/index.php?rest_route=\/wp\/v2\/pages\/860","targetHints":{"allow":["GET"]}}],"collection":[{"href":"https:\/\/www.kloster-metten.com\/index.php?rest_route=\/wp\/v2\/pages"}],"about":[{"href":"https:\/\/www.kloster-metten.com\/index.php?rest_route=\/wp\/v2\/types\/page"}],"author":[{"embeddable":true,"href":"https:\/\/www.kloster-metten.com\/index.php?rest_route=\/wp\/v2\/users\/5"}],"replies":[{"embeddable":true,"href":"https:\/\/www.kloster-metten.com\/index.php?rest_route=%2Fwp%2Fv2%2Fcomments&post=860"}],"version-history":[{"count":0,"href":"https:\/\/www.kloster-metten.com\/index.php?rest_route=\/wp\/v2\/pages\/860\/revisions"}],"up":[{"embeddable":true,"href":"https:\/\/www.kloster-metten.com\/index.php?rest_route=\/wp\/v2\/pages\/141"}],"wp:attachment":[{"href":"https:\/\/www.kloster-metten.com\/index.php?rest_route=%2Fwp%2Fv2%2Fmedia&parent=860"}],"curies":[{"name":"wp","href":"https:\/\/api.w.org\/{rel}","templated":true}]}}