{"id":862,"date":"2008-09-02T11:38:15","date_gmt":"2008-09-02T09:38:15","guid":{"rendered":"http:\/\/kloster-metten.de\/?page_id=862"},"modified":"2024-02-11T09:31:27","modified_gmt":"2024-02-11T08:31:27","slug":"pater-adalbert-seipolt","status":"publish","type":"page","link":"https:\/\/www.kloster-metten.com\/?page_id=862","title":{"rendered":"Pater Adalbert Seipolt"},"content":{"rendered":"<a href=\"http:\/\/kloster-metten.de\/wp-content\/uploads\/2008\/09\/_atk14301.jpg\"><img loading=\"lazy\" decoding=\"async\" class=\"alignleft size-medium wp-image-1364\" title=\"_atk14301\" src=\"http:\/\/kloster-metten.de\/wp-content\/uploads\/2008\/09\/_atk14301-332x500.jpg\" alt=\"\" width=\"230\" height=\"347\" srcset=\"https:\/\/www.kloster-metten.com\/wp-content\/uploads\/2008\/09\/_atk14301-332x500.jpg 332w, https:\/\/www.kloster-metten.com\/wp-content\/uploads\/2008\/09\/_atk14301.jpg 665w\" sizes=\"auto, (max-width: 230px) 100vw, 230px\" \/><\/a><h2>Pater Adalbert Seipolt<\/h2><p><strong>Pater Adalbert Seipolt, langj\u00e4hriger Prior und Buchautor<\/strong><br \/>\nDer 1929 in Breslau geborene Seipolt kam durch die Wirren der Vertreibung aus seiner schlesischen Heimat nach Metten. Dort absolvierte er das Gymnasium und entschied sich anschlie\u00dfend, M\u00f6nch zu werden. 1949 legte er die Profess ab, vier Jahre sp\u00e4ter wurde er zum Priester geweiht. Neben seiner T\u00e4tigkeit als Lehrer f\u00fcr Deutsch, Griechisch und Geschichte am ordenseigenen Gymnasium und Pr\u00e4fekt im Internat\u00a0war er lange Jahre auch Prior der Abtei.<\/p>\n<p>\u00dcber das Kloster hinaus wurde Pater Adalbert vor allem bekannt durch seine B\u00fccher. Dabei lieferte er keine wissenschaftlich-theologischen Werke ab, sondern humorvolle Geschichten aus dem katholischen Milieu. Mit seinen B\u00fcchern, die sogar in sieben Sprachen \u00fcbersetzt wurden, erreichte er eine Gesamtauflage von mehr als einer Million. Zu seinen erfolgreichen Titeln geh\u00f6ren unter anderen \u201eAlle Wege f\u00fchren nach Rom\u201c, \u201eHochw\u00fcrden auf Brautschau\u201c, \u201eVatikan zu verkaufen\u201c, \u201eDie r\u00f6mische Himmelfahrt\u201c oder \u201eDer aufgeweckte Siebenschl\u00e4fer\u201c. Auch Theaterst\u00fccke stammen aus seiner Feder, von denen er die meisten mit seiner Theatergruppe in der Schule einstudierte.<\/p>\n<p>F\u00fcr sein Wirken wurde er unter anderem mit dem Bundesverdienstkreuz am Bande geehrt.<\/p>\n<p>Am 29. 1. 2009 f\u00fchrte ihn der Weg in die ewige Heimat.<\/p>\n<p>B\u00fccher von P. Adalbert:<\/p>\n<ul>\n<li><i>Alle Wege f\u00fchren nach Rom. Die heitere Geschichte einer Pilgerfahrt<\/i>, Echter, W\u00fcrzburg 1958.<\/li>\n<li><i>Die Ente Seiner Eminenz. Neun Geschichten von heiligm\u00e4\u00dfigen und m\u00e4\u00dfigheiligen Leuten<\/i>, W\u00fcrzburg 1959.<\/li>\n<li><i>Wir sind nicht gemeint!?<\/i> (Benno-B\u00fccher \/ Reihe religi\u00f6ser Erz\u00e4hlungen, Bd. 16), Leipzig 1961.<\/li>\n<li><i>Der aufgeweckte Siebenschl\u00e4fer. Eine unverbl\u00fcmte Legende aus unseren Tagen<\/i>, W\u00fcrzburg 1962.<\/li>\n<li>Adalbert Seipolt\/Michael Horatczuk, <i>Unverbl\u00fcmte Legenden um christliche Zeitgenossen<\/i> (Benno-B\u00fccher \/ Reihe religi\u00f6ser Erz\u00e4hlungen, Bd. 21), Leipzig 1963.<\/li>\n<li><i>Die Zeche zahlt einer<\/i>, W\u00fcrzburg 1965.<\/li>\n<li><i>Zwei Hauben und eine Posaune. Eine lange und f\u00fcnf kurze Geschichten<\/i>, W\u00fcrzburg 1965.<\/li>\n<li><i>St\u00f6rfeuer im Paradies. Eine lange und drei kurze Geschichten<\/i> (Benno-B\u00fccher \/ Reihe religi\u00f6ser Erz\u00e4hlungen, Bd. 31), Leipzig 1967.<\/li>\n<li><i>David, Isais j\u00fcngster Sohn<\/i>, W\u00fcrzburg 1970.<\/li>\n<li><i>Schnups, der arme Wohlstandsknabe. Ein beispielloser Verziehungsroman aus unseren Breiten zu Nutzen und Frommen, Abschrecken und Erg\u00f6tzen vergewaltigter Eltern<\/i>, W\u00fcrzburg 1974.<\/li>\n<li><i>Der \u00d6lscheich von Christiansreuth<\/i>, W\u00fcrzburg 1977.<\/li>\n<li><i>Brief an den heiligen Benedikt<\/i>, W\u00fcrzburg 1980.<\/li>\n<li><i>Die R\u00f6mische Himmelfahrt. Schwester Annabertas unverhoffte Abenteuer<\/i>, W\u00fcrzburg 1980.<\/li>\n<li><i>Der Esel Habakuk und andere Bescherungen<\/i>, W\u00fcrzburg 1983.<\/li>\n<li><i>Verifax oder der ehrliche Bildschirm. Vier phantastische Geschichten<\/i>, W\u00fcrzburg 1983.<\/li>\n<li><i>Und es nickte der kopflose Bischof<\/i>, W\u00fcrzburg 1988.<\/li>\n<li><i>Zw\u00f6lf im Netz<\/i>, W\u00fcrzburg 1990.<\/li>\n<li><i>Frauenspersonen Zutritt verboten. Die Geschichte von einem, der auszog, im Kloster das Gruseln zu lernen<\/i>, W\u00fcrzburg 1991.<\/li>\n<li><i>Der widerspenstige Pater oder die Verbesserung des Geschichtsunterrichts<\/i>, W\u00fcrzburg 1993.<\/li>\n<li>Hermann Eller, <i>Zwischen Himmel und Erde<\/i>. Mit Beitr. von Adalbert Seipolt, Grafenau 1993.<\/li>\n<li>Adalbert Seipolt\/Lukas Ruegenberg, <i>Franz. Ein Bilderbuch<\/i>, Freiburg im Breisgau u.\u00a0a. 1994.<\/li>\n<li><i>Abgehauen gr\u00fcnt er neu. Geschichte(n) als Arzeney f\u00fcr Mi\u00dfvergn\u00fcgte<\/i>, W\u00fcrzburg 1995.<\/li>\n<li><i>Hochw\u00fcrden auf Brautschau. Vermischtes und Verschmitztes<\/i>, Echter, W\u00fcrzburg 1996.<\/li>\n<li>Adalbert Seipolt\/Lukas Ruegenberg. <i>Benedikt<\/i>, W\u00fcrzburg 1998.<\/li>\n<li><i>Vatikan zu verkaufen. Heitere Geschichten<\/i>, Echter, W\u00fcrzburg 1998, <a class=\"internal mw-magiclink-isbn\" href=\"https:\/\/de.wikipedia.org\/wiki\/Spezial:ISBN-Suche\/3429020654\">ISBN 3-429-02065-4<\/a>.<\/li>\n<li><i>Das gro\u00dfe Adalbert-Seipolt-Lesebuch<\/i> (Sonderausgabe), W\u00fcrzburg 1999.<\/li>\n<li><i>Jahre im Gegenwind. Meine Kindheit und Jugend im Dritten Reich<\/i>, Echter, W\u00fcrzburg 2003, <a class=\"internal mw-magiclink-isbn\" href=\"https:\/\/de.wikipedia.org\/wiki\/Spezial:ISBN-Suche\/3429025478\">ISBN 3-429-02547-8<\/a>.<\/li>\n<\/ul>\n<p>&nbsp;<\/p>\n<p>Theaterst\u00fccke von P. Adalbert: <a href=\"http:\/\/theaterverlag.eu\/SeipA\">http:\/\/theaterverlag.eu\/SeipA<\/a><\/p>\n<p>Bearbeitung von B\u00fcchern f\u00fcr Theaterauff\u00fchrungen: <br \/>\n<a href=\"http:\/\/www.ruhmbach.de\/Stuecke-nach-Adalbert-Seipolt\">http:\/\/www.ruhmbach.de\/Stuecke-nach-Adalbert-Seipolt<\/a><br \/>\n<a href=\"https:\/\/www.wolfgang-gerlach-theatertexte.de\/Hex-Appeal\">https:\/\/www.wolfgang-gerlach-theatertexte.de\/Hex-Appeal<\/a><\/p>\n","protected":false},"excerpt":{"rendered":"<p>Pater Adalbert SeipoltPater Adalbert Seipolt, langj\u00e4hriger Prior und Buchautor Der 1929 in Breslau geborene Seipolt kam durch die Wirren der Vertreibung aus seiner schlesischen Heimat nach Metten. Dort absolvierte er das Gymnasium und entschied sich anschlie\u00dfend, M\u00f6nch zu werden. 1949 legte er die Profess ab, vier Jahre sp\u00e4ter wurde er zum Priester geweiht. Neben seiner [&hellip;]<\/p>\n","protected":false},"author":5,"featured_media":0,"parent":141,"menu_order":0,"comment_status":"closed","ping_status":"closed","template":"","meta":{"footnotes":""},"class_list":["post-862","page","type-page","status-publish","hentry"],"_links":{"self":[{"href":"https:\/\/www.kloster-metten.com\/index.php?rest_route=\/wp\/v2\/pages\/862","targetHints":{"allow":["GET"]}}],"collection":[{"href":"https:\/\/www.kloster-metten.com\/index.php?rest_route=\/wp\/v2\/pages"}],"about":[{"href":"https:\/\/www.kloster-metten.com\/index.php?rest_route=\/wp\/v2\/types\/page"}],"author":[{"embeddable":true,"href":"https:\/\/www.kloster-metten.com\/index.php?rest_route=\/wp\/v2\/users\/5"}],"replies":[{"embeddable":true,"href":"https:\/\/www.kloster-metten.com\/index.php?rest_route=%2Fwp%2Fv2%2Fcomments&post=862"}],"version-history":[{"count":5,"href":"https:\/\/www.kloster-metten.com\/index.php?rest_route=\/wp\/v2\/pages\/862\/revisions"}],"predecessor-version":[{"id":48370,"href":"https:\/\/www.kloster-metten.com\/index.php?rest_route=\/wp\/v2\/pages\/862\/revisions\/48370"}],"up":[{"embeddable":true,"href":"https:\/\/www.kloster-metten.com\/index.php?rest_route=\/wp\/v2\/pages\/141"}],"wp:attachment":[{"href":"https:\/\/www.kloster-metten.com\/index.php?rest_route=%2Fwp%2Fv2%2Fmedia&parent=862"}],"curies":[{"name":"wp","href":"https:\/\/api.w.org\/{rel}","templated":true}]}}