{"id":9,"date":"2008-08-04T17:12:35","date_gmt":"2008-08-04T15:12:35","guid":{"rendered":"http:\/\/kloster-metten.de\/?page_id=9"},"modified":"2025-01-01T16:14:39","modified_gmt":"2025-01-01T15:14:39","slug":"internat","status":"publish","type":"page","link":"https:\/\/www.kloster-metten.com\/?page_id=9","title":{"rendered":"Pfarrei"},"content":{"rendered":"<h2>Lieber Besucher unserer Hompage!<\/h2>\n<h2><a href=\"https:\/\/www.kloster-metten.com\/wp-content\/uploads\/2014\/06\/dscf5386_1.jpg\"><img loading=\"lazy\" decoding=\"async\" class=\"wp-image-6731 alignleft\" title=\"dscf5386_\" src=\"https:\/\/www.kloster-metten.com\/wp-content\/uploads\/2014\/06\/dscf5386_1-373x500.jpg\" alt=\"\" width=\"286\" height=\"383\" srcset=\"https:\/\/www.kloster-metten.com\/wp-content\/uploads\/2014\/06\/dscf5386_1-373x500.jpg 373w, https:\/\/www.kloster-metten.com\/wp-content\/uploads\/2014\/06\/dscf5386_1-764x1024.jpg 764w, https:\/\/www.kloster-metten.com\/wp-content\/uploads\/2014\/06\/dscf5386_1.jpg 1720w\" sizes=\"auto, (max-width: 286px) 100vw, 286px\" \/><\/a><u><\/u><\/h2>\n<p>Sie sind auf der Unterseite der Hompage des Klosters Metten, der Pfarreiengemeinschaft &#8222;Kloster Metten und Umgebung&#8220;.<\/p>\n<p>Der Pfarrer, der Pfarrgemeinderat und die Kirchenverwaltung der Pfarrei Metten freuen sich \u00fcber ihren Besuch.<\/p>\n<p>Die Pfarrei Metten wird seit ihrer Gr\u00fcndung von den M\u00f6nchen des Klosters versorgt. Neben der Arbeit im Gymnasium ist die Arbeit in der Pfarrei die wichtigste Aufgabe der M\u00f6nche.<\/p>\n<p>Der Pfarrer der Pfarreiengemeinschaft &#8222;Kloster Metten und Umgebung&#8220; ist derzeit P. Gregor Schuller OSB.<\/p>\n<p>Abt Athanasius Berggold OSB ist Pfarrvikar<\/p>\n<p>Kaplan f\u00fcr die Pfarreien Metten und Neuhausen ist P. Norbert Pfeiffer OSB.<\/p>\n<p>Kaplan f\u00fcr die Pfarreien Michaelsbuch und Stephansposching ist P. Erhard Hinrainer OSB.<\/p>\n<hr \/>\n<p><a href=\"https:\/\/www.kloster-metten.com\/wp-content\/uploads\/2008\/09\/_atk1325.jpg\"><img loading=\"lazy\" decoding=\"async\" class=\"wp-image-1823 alignright\" title=\"_atk1325\" src=\"https:\/\/www.kloster-metten.com\/wp-content\/uploads\/2008\/09\/_atk1325-332x500.jpg\" alt=\"\" width=\"287\" height=\"433\" \/><\/a><\/p>\n<p>Liebe Pfarrangeh\u00f6rige!<\/p>\n<p>Zum 1. Januar 2025 wurde die Pfarreiengemeinschaft &#8222;Kloster Metten und Umgebung&#8220; gebildet. Die vier Pfarreien Metten, Neuhausen Michaelsbuch und Stephansposching bleiben eigenst\u00e4ndig. Allerdings wird das Gottesdienstangebot in den Pfarrkirchen und den weiteren Dorfkirchen angepasst.<\/p>\n<p>In den Pfarrkirchen in Metten und Neuhausen werden jeden Sonntag Gottesdienste angeboten. In der Expositurkirche in Aschenau sowie in den Filialkirchen in Berg und Buchberg gibt es regelm\u00e4\u00dfige Gottesdienste am Sonntag.<\/p>\n<p>Die Werktagsmessen finden verteilt im Gebiet der Pfarreiengemeinschaft statt. In den Sommermonaten werden zus\u00e4tzlich Gottesdienste in Uttobrunn angeboten. Herzliche Einladung hierzu!<\/p>\n<p>Die aktuelle Gottesdienstordnung entnehmen Sie bitte dem Pfarrbrief der jeweiligen Pfarrei. Ab Sommer 2024 wird es f\u00fcr die Pfarreiengemeinschaft einen gemeinsamen Pfarrbrief geben.<\/p>\n<p>Wir bitten Sie, diese Anpassung positiv zu begleiten und danken jetzt schon allen, die unsere Gottesdienste besuchen, sie aktiv mitgestalten und zum aktiven Leben in unseren Pfarrgemeinden beitragen!<\/p>\n<p>Wir freuen uns auf den gemeinsamen Weg mit Ihnen allen!<\/p>\n<p>Euer Pastoralteam<\/p>\n<table style=\"width: 100%; height: 32px;\" width=\"0\">\n<tbody>\n<tr style=\"height: 10px;\">\n<td style=\"width: 13.3091%; height: 10px;\">P. Gregor<\/td>\n<td style=\"width: 17.3936%; height: 10px;\">Abt Athanasius<\/td>\n<td style=\"width: 13.0381%; height: 10px;\">P. Norbert<\/td>\n<td style=\"width: 13.2332%; height: 10px;\">P. Erhard<\/td>\n<td style=\"width: 23.1966%; height: 10px;\">Verena Hofinger<\/td>\n<td style=\"width: 75.4398%; height: 10px;\">Karl-Heinz Seiler<\/td>\n<\/tr>\n<tr style=\"height: 20px;\">\n<td style=\"width: 13.3091%; height: 20px; vertical-align: middle;\">\n<p>Pfarrer<\/p>\n<\/td>\n<td style=\"width: 17.3936%; height: 22px;\">\n<p>Pfarrvikar<\/p>\n<\/td>\n<td style=\"width: 13.0381%; height: 22px;\">\n<p>Kaplan<\/p>\n<\/td>\n<td style=\"width: 13.2332%; height: 22px;\">\n<p>Kaplan<\/p>\n<\/td>\n<td style=\"width: 23.1966%; height: 22px;\">\n<p>Gemeindereferentin<\/p>\n<\/td>\n<td style=\"width: 75.4398%; height: 22px;\">\n<p>Diakon i. R.<\/p>\n<\/td>\n<\/tr>\n<\/tbody>\n<\/table>\n<hr \/>\n<p>Zur Pfarrei Metten geh\u00f6rt die Filiale Berg, mit der Kirche St. Peter und Paul, sowie die Ortschaft Zeitldorf, mit der Dorfkapelle. Insgesamt z\u00e4hlt die Pfarrei ca 3000 Seelen.<\/p>\n<p>Im Weiler Uttobrunn steht das der Muttergottes geweihte \u201eUttobrunner Kirchlein\u201c, wonach der \u00dcberlieferung, der erste Abt des Klosters, der selige Utto, eine Zelle als Einsiedler bewohnte.<\/p>\n<p>Die Pfarrkirchenstiftung ist auch der Tr\u00e4ger des Mettener Kindergarten St. Michael.\u00a0<\/p>\n<p>Die Mettener Pfarr- und Klosterkirche ist eine der sch\u00f6nsten Barockkirchen im niederbayerischen Raum und wurde in den vergangenen Jahren einer gr\u00fcndlichen und aufwendigen Innenrenovierung unterzogen. Kirchenf\u00fchrer sind am Schriftenstand, an der Klosterpforte oder im Pfarrb\u00fcro erh\u00e4ltlich.<\/p>\n<p>Die Kirche in Uttobrunn, aber auch die Berger Kirche, m\u00fcssen ebenfalls in den kommenden Jahren renoviert und saniert werden. Wir sind daher f\u00fcr jede Spende sehr dankbar.<\/p>\n<p><a href=\"https:\/\/www.kloster-metten.com\/wp-content\/uploads\/2025\/01\/PA250238_.jpg\"><img loading=\"lazy\" decoding=\"async\" class=\"alignleft wp-image-49009 size-medium\" title=\"OLYMPUS DIGITAL CAMERA\" src=\"https:\/\/www.kloster-metten.com\/wp-content\/uploads\/2025\/01\/PA250238_-500x400.jpg\" alt=\"\" width=\"500\" height=\"400\" srcset=\"https:\/\/www.kloster-metten.com\/wp-content\/uploads\/2025\/01\/PA250238_-500x400.jpg 500w, https:\/\/www.kloster-metten.com\/wp-content\/uploads\/2025\/01\/PA250238_-768x614.jpg 768w, https:\/\/www.kloster-metten.com\/wp-content\/uploads\/2025\/01\/PA250238_.jpg 856w\" sizes=\"auto, (max-width: 500px) 100vw, 500px\" \/><\/a><\/p>\n<p>&nbsp;<\/p>\n","protected":false},"excerpt":{"rendered":"<p>Lieber Besucher unserer Hompage! Sie sind auf der Unterseite der Hompage des Klosters Metten, der Pfarreiengemeinschaft &#8222;Kloster Metten und Umgebung&#8220;. Der Pfarrer, der Pfarrgemeinderat und die Kirchenverwaltung der Pfarrei Metten freuen sich \u00fcber ihren Besuch. Die Pfarrei Metten wird seit ihrer Gr\u00fcndung von den M\u00f6nchen des Klosters versorgt. Neben der Arbeit im Gymnasium ist die [&hellip;]<\/p>\n","protected":false},"author":5,"featured_media":0,"parent":0,"menu_order":3,"comment_status":"closed","ping_status":"closed","template":"","meta":{"footnotes":""},"class_list":["post-9","page","type-page","status-publish","hentry"],"_links":{"self":[{"href":"https:\/\/www.kloster-metten.com\/index.php?rest_route=\/wp\/v2\/pages\/9","targetHints":{"allow":["GET"]}}],"collection":[{"href":"https:\/\/www.kloster-metten.com\/index.php?rest_route=\/wp\/v2\/pages"}],"about":[{"href":"https:\/\/www.kloster-metten.com\/index.php?rest_route=\/wp\/v2\/types\/page"}],"author":[{"embeddable":true,"href":"https:\/\/www.kloster-metten.com\/index.php?rest_route=\/wp\/v2\/users\/5"}],"replies":[{"embeddable":true,"href":"https:\/\/www.kloster-metten.com\/index.php?rest_route=%2Fwp%2Fv2%2Fcomments&post=9"}],"version-history":[{"count":59,"href":"https:\/\/www.kloster-metten.com\/index.php?rest_route=\/wp\/v2\/pages\/9\/revisions"}],"predecessor-version":[{"id":49012,"href":"https:\/\/www.kloster-metten.com\/index.php?rest_route=\/wp\/v2\/pages\/9\/revisions\/49012"}],"wp:attachment":[{"href":"https:\/\/www.kloster-metten.com\/index.php?rest_route=%2Fwp%2Fv2%2Fmedia&parent=9"}],"curies":[{"name":"wp","href":"https:\/\/api.w.org\/{rel}","templated":true}]}}