{"id":9019,"date":"2016-02-28T18:14:01","date_gmt":"2016-02-28T17:14:01","guid":{"rendered":"http:\/\/www.kloster-metten.de\/?page_id=9019"},"modified":"2017-09-17T08:32:54","modified_gmt":"2017-09-17T06:32:54","slug":"schueler-aus-metten-und-pilsen-tauschen-sich-aus","status":"publish","type":"page","link":"https:\/\/www.kloster-metten.com\/?page_id=9019","title":{"rendered":"Sch\u00fcler aus Metten und Pilsen &#8222;tauschen sich aus"},"content":{"rendered":"<a href=\"https:\/\/www.kloster-metten.com\/wp-content\/uploads\/2016\/02\/GB_MP_.jpg\" rel=\"attachment wp-att-9020\"><img loading=\"lazy\" decoding=\"async\" class=\"alignleft wp-image-9020 size-medium\" title=\"GB_M+P_\" src=\"https:\/\/www.kloster-metten.com\/wp-content\/uploads\/2016\/02\/GB_MP_-500x359.jpg\" alt=\"GB_M+P_\" width=\"500\" height=\"359\" srcset=\"https:\/\/www.kloster-metten.com\/wp-content\/uploads\/2016\/02\/GB_MP_-500x359.jpg 500w, https:\/\/www.kloster-metten.com\/wp-content\/uploads\/2016\/02\/GB_MP_-768x552.jpg 768w, https:\/\/www.kloster-metten.com\/wp-content\/uploads\/2016\/02\/GB_MP_.jpg 848w\" sizes=\"auto, (max-width: 500px) 100vw, 500px\" \/><\/a><h2>Sch\u00fcler aus Metten und Pilsen &#8222;tauschen sich aus<\/h2><p>Fremdes kennen und verstehen lernen, Vorurteile \u00fcberwinden, sein Wissen und seinen Horizont erweitern und dabei mit reichlich Spa\u00df bleibende Eindr\u00fccke sammeln, so k\u00f6nnte man die wesentlichen Zielsetzungen eines erfolgreichen Sch\u00fcleraustausches zusammenfassen.<\/p>\n<p>Nun ja, ob nun der, zum Jahresende stattgefundene, Sch\u00fcleraustausch zwischen dem St.-Michaels- Gymnasium Metten und dem Kirchlichen Gymnasium Pilsen tats\u00e4chlich all diese Zielsetzungen zur G\u00e4nze erf\u00fcllt hat, kann sicherlich diskutiert werden. Laut Sch\u00fcleraussagen ist eines jedoch unstrittig: Der siebent\u00e4gige Austausch, der von StRin Beate Scheubeck und StR Michael Seibold geleitet worden ist, hat bei den teilnehmenden neun Sch\u00fclerinnen und sechs Sch\u00fclern des St.-Michaels-Gymnasiums bleibende Eindr\u00fccke hinterlassen: Eindr\u00fccke wie das gemeinsame \u00dcberschreiten der Grenzlinie am Bahnhof Bayerisch Eisenstein, das erste z\u00f6gerliche \u201eHallo-sagen&#8220;, nachdem unser Zug aus Deggendorf in Pilsen angekommen ist, das langsame L\u00f6sen der Anspannung beim anschlie\u00dfenden gemeinsamen Bowlingabend; die Erkenntnis ein erstes Mal ganz alleine in einem fremden Land bei einer v\u00f6llig fremden Familie \u00fcbernachtet zu haben und dort herzlichst aufgenommen und bestens umsorgt worden zu sein. Dies alles sind nur einige wenige Eindr\u00fccke, die die teilnehmenden Sch\u00fclerinnen und Sch\u00fcler des St.-Michaels-Gymnasiums bereits am ersten Tag machen durften. Viele weitere sollten noch folgen.<\/p>\n<p>So waren viele von ihnen zum erste Mal in der tschechischen Hauptstadt Prag, in der sie auf dem Petr\u00edn die Aussicht auf Prag inklusive der Prager Burg und Karlsbr\u00fccke genie\u00dfen konnten, um anschlie\u00dfend das Treiben dort selbst vor Ort zu erleben. Der Besuch des Techmania-Centers und die aktive Einbindung in den Unterricht des Gastgymnasiums erm\u00f6glichte unseren Sch\u00fclerinnen und Sch\u00fclern zudem die unterhaltsame M\u00f6glichkeit, ihr Wissen zu erweitern. Und wer wei\u00df, vielleicht ist bei den gemeinsamen Stadtf\u00fchrungen durch Pilsen und Prag bei dem einen oder anderen sogar etwas geschichtliches Wissen \u201eh\u00e4ngen\u201c geblieben. Wie auch immer, langweilig wurden den Jugendlichen bei den zahlreichen Aktivit\u00e4ten sicherlich nicht.<\/p>\n<p>Die gemeinsamen Mittag- und Abendessen sowie die selbstorganisierten abendlichen Erkundungen und Veranstaltungen in Kleingruppen haben vermutlich auch ihren Teil dazu beigetragen, dass bereits bei der gemeinsamen R\u00fcckreise nach Metten im Bus eine vertraute und ausgelassene Stimmung herrschte. F\u00fcr die letzten drei Tage des Austausches nahmen unsere Sch\u00fclerinnen und Sch\u00fcler nun ihre Gastsch\u00fcler zu sich nach Hause, um sie \u00e4hnlich gut zu umsorgen. Die G\u00e4ste aus Pilsen durften anhand einiger Unterrichtsbesuche ebenfalls den Alltag an einer Klosterschule erfahren. Auch konnten sie bei einer F\u00fchrung mit Pater Athanasius das Schul- und Klostergel\u00e4nde inklusive der Bibliotheken bestaunen. Nach einer Erkundung der Deggendorfer Altstadt und etwas Freizeit in Kleingruppen war abends erneut Bowling angesagt. Am n\u00e4chsten Tag ging es dann mit dem Zug nach Regensburg. Nach einer F\u00fchrung mit StR Martin Wimber hatten die Jugendlichen anschlie\u00dfend die M\u00f6glichkeit, eigenst\u00e4ndig in Kleingruppen die Stadt zu erkunden. Kurzentschlossen unterst\u00fctzte unsere deutsch-tschechische Austauschgruppe auch gleich noch eine Studentenaktion zur V\u00f6lkerverst\u00e4ndigung durch aktives Limbo tanzen. Anschlie\u00dfend fuhr man gem\u00e4chlich mit dem Schiff zur Walhalla, um dort auf den Stufen beim Anblick der Weite das bisherige Erlebte etwas \u201esacken\u201c zu lassen. Beim abschlie\u00dfenden gemeinsamen Abendessen und der Zugfahrt nach Hause musste dann jedoch wieder vieles lebhaft besprochen, bestaunt und belacht werden.<\/p>\n<p>Am Morgen des letzten Tages des Austausches wurden die zahlreichen Eindr\u00fccke nun noch einmal gesammelt und in der Gruppe besprochen. Die Sch\u00fcler schrieben Artikel f\u00fcr ihre Sch\u00fclerzeitungen, bastelten an Fotob\u00fcchern und Stellw\u00e4nden oder beredeten mit ihren neu gewonnen Freunden die vielen erlebten Eindr\u00fccke und so war es wenig \u00fcberraschend, dass zum Abschied noch einmal kr\u00e4ftig umarmt und sogar die ein oder andere Tr\u00e4ne kullerte.<\/p>\n<p>Ach ja, da war ja noch das mit dem \u00dcberwinden von Vorurteilen und das Erweitern des Horizonts. Auch das scheint dann irgendwie gelungen zu sein, zumindest l\u00e4sst das der Ausspruch eines Sch\u00fclers: \u201eDe san ja goa ned so vai anders als mia!\u201c vermuten.<\/p>\n<p>&nbsp;<\/p>\n\r\n\t\t<style type='text\/css'>\r\n\t\t\t#gallery-1 {\r\n\t\t\t\tmargin: auto;\r\n\t\t\t}\r\n\t\t\t#gallery-1 .gallery-item {\r\n\t\t\t\tfloat: left;\r\n\t\t\t\tmargin-top: 10px;\r\n\t\t\t\ttext-align: center;\r\n\t\t\t\twidth: 33%;\r\n\t\t\t}\r\n\t\t\t#gallery-1 hr {\r\n\t\t\t\theight: 1px;\r\n\t\t\t}\r\n\t\t\t#gallery-1 .gallery-caption {\r\n\t\t\t\tmargin-left: 0;\r\n\t\t\t}\r\n\t\t\t\/* see gallery_shortcode() in wp-includes\/media.php *\/\r\n\t\t<\/style>\n\t\t<div id='gallery-1' class='gallery galleryid-9019 gallery-columns-3 gallery-size-thumbnail'><hr class='null'><dl class='gallery-item'>\r\n\t\t\t<dt class='gallery-icon landscape'>\r\n\t\t\t\t<a title=\"GB_Stadtplatz Prag_\"  href='https:\/\/www.kloster-metten.com\/?attachment_id=9021'><img loading=\"lazy\" decoding=\"async\" width=\"170\" height=\"115\" src=\"https:\/\/www.kloster-metten.com\/wp-content\/uploads\/2016\/02\/GB_Stadtplatz-Prag_-170x115.jpg\" class=\"attachment-thumbnail size-thumbnail\" alt=\"\" \/><\/a>\r\n\t\t\t<\/dt><\/dl><dl class='gallery-item'>\r\n\t\t\t<dt class='gallery-icon landscape'>\r\n\t\t\t\t<a title=\"GB_Walhalla_\"  href='https:\/\/www.kloster-metten.com\/?attachment_id=9022'><img loading=\"lazy\" decoding=\"async\" width=\"170\" height=\"115\" src=\"https:\/\/www.kloster-metten.com\/wp-content\/uploads\/2016\/02\/GB_Walhalla_-170x115.jpg\" class=\"attachment-thumbnail size-thumbnail\" alt=\"\" \/><\/a>\r\n\t\t\t<\/dt><\/dl><dl class='gallery-item'>\r\n\t\t\t<dt class='gallery-icon landscape'>\r\n\t\t\t\t<a title=\"Petr\u00edn\"  href='https:\/\/www.kloster-metten.com\/?attachment_id=9023'><img loading=\"lazy\" decoding=\"async\" width=\"170\" height=\"115\" src=\"https:\/\/www.kloster-metten.com\/wp-content\/uploads\/2016\/02\/Petr\u00edn-170x115.jpg\" class=\"attachment-thumbnail size-thumbnail\" alt=\"\" \/><\/a>\r\n\t\t\t<\/dt><\/dl><br style=\"clear: both\" \/><dl class='gallery-item'>\r\n\t\t\t<dt class='gallery-icon landscape'>\r\n\t\t\t\t<a title=\"Techmania_\"  href='https:\/\/www.kloster-metten.com\/?attachment_id=9024'><img loading=\"lazy\" decoding=\"async\" width=\"170\" height=\"115\" src=\"https:\/\/www.kloster-metten.com\/wp-content\/uploads\/2016\/02\/Techmania_-170x115.jpg\" class=\"attachment-thumbnail size-thumbnail\" alt=\"\" \/><\/a>\r\n\t\t\t<\/dt><\/dl><dl class='gallery-item'>\r\n\t\t\t<dt class='gallery-icon landscape'>\r\n\t\t\t\t<a title=\"Unterricht_\"  href='https:\/\/www.kloster-metten.com\/?attachment_id=9025'><img loading=\"lazy\" decoding=\"async\" width=\"170\" height=\"115\" src=\"https:\/\/www.kloster-metten.com\/wp-content\/uploads\/2016\/02\/Unterricht_-170x115.jpg\" class=\"attachment-thumbnail size-thumbnail\" alt=\"\" \/><\/a>\r\n\t\t\t<\/dt><\/dl><dl class='gallery-item'>\r\n\t\t\t<dt class='gallery-icon portrait'>\r\n\t\t\t\t<a title=\"Walhalla_\"  href='https:\/\/www.kloster-metten.com\/?attachment_id=9026'><img loading=\"lazy\" decoding=\"async\" width=\"170\" height=\"115\" src=\"https:\/\/www.kloster-metten.com\/wp-content\/uploads\/2016\/02\/Walhalla_-170x115.jpg\" class=\"attachment-thumbnail size-thumbnail\" alt=\"\" \/><\/a>\r\n\t\t\t<\/dt><\/dl><br style=\"clear: both\" \/>\r\n\t\t<\/div>\n\n<p>&nbsp;<\/p>\n<p>&nbsp;<\/p>\n<p>&nbsp;<\/p>\n","protected":false},"excerpt":{"rendered":"<p>Sch\u00fcler aus Metten und Pilsen &#8222;tauschen sich ausFremdes kennen und verstehen lernen, Vorurteile \u00fcberwinden, sein Wissen und seinen Horizont erweitern und dabei mit reichlich Spa\u00df bleibende Eindr\u00fccke sammeln, so k\u00f6nnte man die wesentlichen Zielsetzungen eines erfolgreichen Sch\u00fcleraustausches zusammenfassen. Nun ja, ob nun der, zum Jahresende stattgefundene, Sch\u00fcleraustausch zwischen dem St.-Michaels- Gymnasium Metten und dem Kirchlichen [&hellip;]<\/p>\n","protected":false},"author":5,"featured_media":0,"parent":11026,"menu_order":162,"comment_status":"closed","ping_status":"closed","template":"","meta":{"footnotes":""},"class_list":["post-9019","page","type-page","status-publish","hentry"],"_links":{"self":[{"href":"https:\/\/www.kloster-metten.com\/index.php?rest_route=\/wp\/v2\/pages\/9019","targetHints":{"allow":["GET"]}}],"collection":[{"href":"https:\/\/www.kloster-metten.com\/index.php?rest_route=\/wp\/v2\/pages"}],"about":[{"href":"https:\/\/www.kloster-metten.com\/index.php?rest_route=\/wp\/v2\/types\/page"}],"author":[{"embeddable":true,"href":"https:\/\/www.kloster-metten.com\/index.php?rest_route=\/wp\/v2\/users\/5"}],"replies":[{"embeddable":true,"href":"https:\/\/www.kloster-metten.com\/index.php?rest_route=%2Fwp%2Fv2%2Fcomments&post=9019"}],"version-history":[{"count":1,"href":"https:\/\/www.kloster-metten.com\/index.php?rest_route=\/wp\/v2\/pages\/9019\/revisions"}],"predecessor-version":[{"id":9027,"href":"https:\/\/www.kloster-metten.com\/index.php?rest_route=\/wp\/v2\/pages\/9019\/revisions\/9027"}],"up":[{"embeddable":true,"href":"https:\/\/www.kloster-metten.com\/index.php?rest_route=\/wp\/v2\/pages\/11026"}],"wp:attachment":[{"href":"https:\/\/www.kloster-metten.com\/index.php?rest_route=%2Fwp%2Fv2%2Fmedia&parent=9019"}],"curies":[{"name":"wp","href":"https:\/\/api.w.org\/{rel}","templated":true}]}}