{"id":9028,"date":"2016-02-28T19:07:20","date_gmt":"2016-02-28T18:07:20","guid":{"rendered":"http:\/\/www.kloster-metten.de\/?page_id=9028"},"modified":"2017-09-17T08:31:14","modified_gmt":"2017-09-17T06:31:14","slug":"cosi-fan-tutte-in-regensburg","status":"publish","type":"page","link":"https:\/\/www.kloster-metten.com\/?page_id=9028","title":{"rendered":"\u201eCos\u00ec fan tutte\u201d in Regensburg"},"content":{"rendered":"<a href=\"https:\/\/www.kloster-metten.com\/wp-content\/uploads\/2016\/02\/CIMG0002_.jpg\" rel=\"attachment wp-att-9029\"><img loading=\"lazy\" decoding=\"async\" class=\"alignnone wp-image-9029 size-medium\" title=\"CIMG0002_\" src=\"https:\/\/www.kloster-metten.com\/wp-content\/uploads\/2016\/02\/CIMG0002_-500x375.jpg\" alt=\"CIMG0002_\" width=\"500\" height=\"375\" srcset=\"https:\/\/www.kloster-metten.com\/wp-content\/uploads\/2016\/02\/CIMG0002_-500x375.jpg 500w, https:\/\/www.kloster-metten.com\/wp-content\/uploads\/2016\/02\/CIMG0002_-768x576.jpg 768w, https:\/\/www.kloster-metten.com\/wp-content\/uploads\/2016\/02\/CIMG0002_.jpg 864w\" sizes=\"auto, (max-width: 500px) 100vw, 500px\" \/><\/a><h2>\u201eCos\u00ec fan tutte\u201d in Regensburg<\/h2><p><\/p>\n<p>Am vergangenen Mittwoch, dem 24. Februar 2016 besuchten die Sch\u00fclerinnen und Sch\u00fcler der Musikkurse Q11 und Q12 eine Auff\u00fchrung der Oper \u201eCos\u00ec fan tutte\u201d von Wolfgang Amadeus Mozart im Stadttheater Regensburg. Neben den Leistungen der S\u00e4ngerinnen und S\u00e4nger sowie des Orchesters \u00fcberzeugte vor allem die moderne Inszenierung der Oper, die sich am originalen Untertitel \u201eLa scuola degli amanti\u201d orientierte und so das Geschehen zum Gro\u00dfteil in einem Klassenzimmer mit Schulmobiliar und Tafel darstellte.<\/p>\n","protected":false},"excerpt":{"rendered":"<p>\u201eCos\u00ec fan tutte\u201d in Regensburg Am vergangenen Mittwoch, dem 24. Februar 2016 besuchten die Sch\u00fclerinnen und Sch\u00fcler der Musikkurse Q11 und Q12 eine Auff\u00fchrung der Oper \u201eCos\u00ec fan tutte\u201d von Wolfgang Amadeus Mozart im Stadttheater Regensburg. Neben den Leistungen der S\u00e4ngerinnen und S\u00e4nger sowie des Orchesters \u00fcberzeugte vor allem die moderne Inszenierung der Oper, die [&hellip;]<\/p>\n","protected":false},"author":5,"featured_media":0,"parent":11026,"menu_order":157,"comment_status":"closed","ping_status":"closed","template":"","meta":{"footnotes":""},"class_list":["post-9028","page","type-page","status-publish","hentry"],"_links":{"self":[{"href":"https:\/\/www.kloster-metten.com\/index.php?rest_route=\/wp\/v2\/pages\/9028","targetHints":{"allow":["GET"]}}],"collection":[{"href":"https:\/\/www.kloster-metten.com\/index.php?rest_route=\/wp\/v2\/pages"}],"about":[{"href":"https:\/\/www.kloster-metten.com\/index.php?rest_route=\/wp\/v2\/types\/page"}],"author":[{"embeddable":true,"href":"https:\/\/www.kloster-metten.com\/index.php?rest_route=\/wp\/v2\/users\/5"}],"replies":[{"embeddable":true,"href":"https:\/\/www.kloster-metten.com\/index.php?rest_route=%2Fwp%2Fv2%2Fcomments&post=9028"}],"version-history":[{"count":2,"href":"https:\/\/www.kloster-metten.com\/index.php?rest_route=\/wp\/v2\/pages\/9028\/revisions"}],"predecessor-version":[{"id":9031,"href":"https:\/\/www.kloster-metten.com\/index.php?rest_route=\/wp\/v2\/pages\/9028\/revisions\/9031"}],"up":[{"embeddable":true,"href":"https:\/\/www.kloster-metten.com\/index.php?rest_route=\/wp\/v2\/pages\/11026"}],"wp:attachment":[{"href":"https:\/\/www.kloster-metten.com\/index.php?rest_route=%2Fwp%2Fv2%2Fmedia&parent=9028"}],"curies":[{"name":"wp","href":"https:\/\/api.w.org\/{rel}","templated":true}]}}