{"id":9191,"date":"2016-03-01T22:00:37","date_gmt":"2016-03-01T21:00:37","guid":{"rendered":"http:\/\/www.kloster-metten.de\/?page_id=9191"},"modified":"2017-09-17T08:30:49","modified_gmt":"2017-09-17T06:30:49","slug":"auszeichnung-fuer-die-teilnahme-am-landeswettbewerb-experimente-antworten-2","status":"publish","type":"page","link":"https:\/\/www.kloster-metten.com\/?page_id=9191","title":{"rendered":"Auszeichnung f\u00fcr die Teilnahme am Landeswettbewerb \u201eExperimente antworten\u201c"},"content":{"rendered":"<a href=\"https:\/\/www.kloster-metten.com\/wp-content\/uploads\/2016\/03\/SAM_3244_.jpg\" rel=\"attachment wp-att-9187\"><img loading=\"lazy\" decoding=\"async\" class=\"size-medium wp-image-9187 alignnone\" title=\"SAM_3244_\" src=\"https:\/\/www.kloster-metten.com\/wp-content\/uploads\/2016\/03\/SAM_3244_-500x358.jpg\" alt=\"SAM_3244_\" width=\"500\" height=\"358\" srcset=\"https:\/\/www.kloster-metten.com\/wp-content\/uploads\/2016\/03\/SAM_3244_-500x358.jpg 500w, https:\/\/www.kloster-metten.com\/wp-content\/uploads\/2016\/03\/SAM_3244_-768x550.jpg 768w, https:\/\/www.kloster-metten.com\/wp-content\/uploads\/2016\/03\/SAM_3244_-1024x733.jpg 1024w, https:\/\/www.kloster-metten.com\/wp-content\/uploads\/2016\/03\/SAM_3244_.jpg 1027w\" sizes=\"auto, (max-width: 500px) 100vw, 500px\" \/><\/a><h2>Auszeichnung f\u00fcr die Teilnahme am Landeswettbewerb \u201eExperimente antworten\u201c<\/h2><p><\/p>\n<p>In der ersten Wettbewerbsrunde \u201eExperimente antworten\u201c haben f\u00fcnf Sch\u00fclerinnen des St. Michaels-Gymnasiums in Metten teilgenommen. Der Schulleiter, Pater Erhard \u00fcberreichte am Dienstag die Urkunden und Preise.<\/p>\n<p>So erhielten Ilonka Nerf und Helen Kelling aus der Klasse 9b f\u00fcr ihre Untersuchungen und eine tolle Dokumentation zum Thema \u201eNat\u00fcrliche Seifen und ihre Eigenschaften als Waschmittel\u201c die Urkunden mit sehr gutem Erfolg. Als besondere Anerkennung konnten sie sich au\u00dferdem \u00fcber eine Pinzette f\u00fcr die n\u00e4chsten Versuche freuen. Beide Sch\u00fclerinnen haben auch schon die Versuche der n\u00e4chsten Runde des Wettbewerbs durchgef\u00fchrt. Betreut wurden sie von Carmen Prinz (MINT-Ansprechpartnerin am St. Michaels-Gymnasium).<\/p>\n<p>Die Urkunde mit erfolgreicher Teilnahme haben Sophia Zauner (9b), Jana Alt (9b) und Jana Gulde (9a) f\u00fcr ihre Experimente unter Betreuung von Chemielehrer Christian Beyvers erhalten.<\/p>\n<p>&nbsp;<\/p>\n<p>&nbsp;<\/p>\n<p>&nbsp;<\/p>\n","protected":false},"excerpt":{"rendered":"<p>Auszeichnung f\u00fcr die Teilnahme am Landeswettbewerb \u201eExperimente antworten\u201c In der ersten Wettbewerbsrunde \u201eExperimente antworten\u201c haben f\u00fcnf Sch\u00fclerinnen des St. Michaels-Gymnasiums in Metten teilgenommen. Der Schulleiter, Pater Erhard \u00fcberreichte am Dienstag die Urkunden und Preise. So erhielten Ilonka Nerf und Helen Kelling aus der Klasse 9b f\u00fcr ihre Untersuchungen und eine tolle Dokumentation zum Thema \u201eNat\u00fcrliche [&hellip;]<\/p>\n","protected":false},"author":5,"featured_media":0,"parent":11026,"menu_order":156,"comment_status":"closed","ping_status":"closed","template":"","meta":{"footnotes":""},"class_list":["post-9191","page","type-page","status-publish","hentry"],"_links":{"self":[{"href":"https:\/\/www.kloster-metten.com\/index.php?rest_route=\/wp\/v2\/pages\/9191","targetHints":{"allow":["GET"]}}],"collection":[{"href":"https:\/\/www.kloster-metten.com\/index.php?rest_route=\/wp\/v2\/pages"}],"about":[{"href":"https:\/\/www.kloster-metten.com\/index.php?rest_route=\/wp\/v2\/types\/page"}],"author":[{"embeddable":true,"href":"https:\/\/www.kloster-metten.com\/index.php?rest_route=\/wp\/v2\/users\/5"}],"replies":[{"embeddable":true,"href":"https:\/\/www.kloster-metten.com\/index.php?rest_route=%2Fwp%2Fv2%2Fcomments&post=9191"}],"version-history":[{"count":7,"href":"https:\/\/www.kloster-metten.com\/index.php?rest_route=\/wp\/v2\/pages\/9191\/revisions"}],"predecessor-version":[{"id":9556,"href":"https:\/\/www.kloster-metten.com\/index.php?rest_route=\/wp\/v2\/pages\/9191\/revisions\/9556"}],"up":[{"embeddable":true,"href":"https:\/\/www.kloster-metten.com\/index.php?rest_route=\/wp\/v2\/pages\/11026"}],"wp:attachment":[{"href":"https:\/\/www.kloster-metten.com\/index.php?rest_route=%2Fwp%2Fv2%2Fmedia&parent=9191"}],"curies":[{"name":"wp","href":"https:\/\/api.w.org\/{rel}","templated":true}]}}