{"id":9198,"date":"2016-03-02T00:10:38","date_gmt":"2016-03-01T23:10:38","guid":{"rendered":"http:\/\/www.kloster-metten.de\/?page_id=9198"},"modified":"2017-09-17T09:54:17","modified_gmt":"2017-09-17T07:54:17","slug":"15-jahre-technik-zukunft-bayern","status":"publish","type":"page","link":"https:\/\/www.kloster-metten.com\/?page_id=9198","title":{"rendered":"15 Jahre \u201eTechnik \u2013 Zukunft Bayern?!"},"content":{"rendered":"<a href=\"https:\/\/www.kloster-metten.com\/wp-content\/uploads\/2016\/03\/tezba3.jpg\" rel=\"attachment wp-att-9199\"><img loading=\"lazy\" decoding=\"async\" class=\"size-medium wp-image-9199 alignnone\" title=\"tezba3\" src=\"https:\/\/www.kloster-metten.com\/wp-content\/uploads\/2016\/03\/tezba3-500x281.jpg\" alt=\"tezba3\" width=\"500\" height=\"281\" srcset=\"https:\/\/www.kloster-metten.com\/wp-content\/uploads\/2016\/03\/tezba3-500x281.jpg 500w, https:\/\/www.kloster-metten.com\/wp-content\/uploads\/2016\/03\/tezba3-768x432.jpg 768w, https:\/\/www.kloster-metten.com\/wp-content\/uploads\/2016\/03\/tezba3-1024x576.jpg 1024w, https:\/\/www.kloster-metten.com\/wp-content\/uploads\/2016\/03\/tezba3.jpg 1271w\" sizes=\"auto, (max-width: 500px) 100vw, 500px\" \/><\/a><h2>15 Jahre \u201eTechnik \u2013 Zukunft Bayern?!<\/h2><p><\/p>\n<p>Im November 2015 fand im MAN Truck Forum in M\u00fcnchen die vom Bildungswerk der Bayerischen Wirtschaft e.V. getragene Jubil\u00e4umsveranstaltung mit einem h\u00f6chst interessanten Programmablauf statt.<\/p>\n<p>Den Auftakt bildete eine spannende Werksf\u00fchrung f\u00fcr die geladenen G\u00e4ste, wozu auch Pia Bachmeiner (Klasse 7a) mit ihrer Familie und ihrer Biologielehrerin Carmen Prinz z\u00e4hlten. Vorausgegangen war dieser Einladung ein Werkspraktikum bei der Firma ebm-pabst in Landshut. Pia hatte dort zusammen mit Lena Lallinger (Klasse 7a) im M\u00e4dchen f\u00fcr Technik-Camp in der ersten Sommerferienwoche die Chance erhalten, Einblick in verschiedene technische Berufe zu bekommen. So hatten die beiden M\u00e4dchen z.B. einen Schaltkreis f\u00fcr eine Ampel gel\u00f6tet, einen tollen Ventilator zusammengeschraubt, die Firma erkundet und abschlie\u00dfend ihr Projekt in einer Power-Point-Pr\u00e4sentation in der Gruppe vorgestellt.<\/p>\n<p>Offensichtlich war das Team Pia und Lena so erfolgreich, dass daraufhin eine von ihnen eingeladen wurde, einen Beitrag auf der Jubil\u00e4umsveranstaltung im September mit zu gestalten. Die Auswahlkriterien waren streng und beide wussten lange nicht, wer nun mitwirken durfte. Letztendlich war es dann Pia, die als J\u00fcngste die 16-k\u00f6pfige bayerische M\u00e4dchengruppe vervollst\u00e4ndigte. Sie hatte dann bis November zwei anstrengende Wochenenden f\u00fcr die Vorbereitung investiert \u2013 und der schauspielerische Beitrag zum Thema \u201eDie Welt der Technik von morgen\u201c wurde sehr bejubelt. Erfolg auf allen Ebenen!<\/p>\n<p>Die 15-j\u00e4hrige Erfolgsgeschichte des Technikzentrums Bayern (tezba) wurde auf der Jubil\u00e4umsveranstaltung mit vielen unterschiedlichen Beispielen sehr deutlich. Es war beeindruckend zu sehen, wie engagiert junge M\u00e4dchen und Buben in den verschiedenen Ferien-Camps bei den Kooperationspartner aus der bayerischen Metall- und Elektrowirtschaft mit Eifer bei der Sache sind. An den St\u00e4nden konnten die G\u00e4ste nach der Veranstaltung bei einem guten Buffet unterschiedliche Projekte und Firmen begutachten und miteinander ins Gespr\u00e4ch kommen.<\/p>\n<p>Es ist zu w\u00fcnschen, dass diese Initiative, die als eine von vielen praxisnahen Bildungsprojekten im Netzwerk \u201eWirtschaft im Dialog\u201c Br\u00fccken baut zwischen Menschen, Gesellschaft und Wirtschaft, noch mehr von unseren Lernenden angenommen wird. Dazu m\u00f6chte unserer St.-Michaels-Gymnasium als MINT-freundliche Schule auch weiterhin verst\u00e4rkt beitragen.<\/p>\n<p><a href=\"https:\/\/www.kloster-metten.com\/wp-content\/uploads\/2016\/03\/tezba2.jpg\" rel=\"attachment wp-att-9205\"><img loading=\"lazy\" decoding=\"async\" class=\"alignleft size-medium wp-image-9205\" title=\"tezba2\" src=\"https:\/\/www.kloster-metten.com\/wp-content\/uploads\/2016\/03\/tezba2-500x281.jpg\" alt=\"tezba2\" width=\"500\" height=\"281\" srcset=\"https:\/\/www.kloster-metten.com\/wp-content\/uploads\/2016\/03\/tezba2-500x281.jpg 500w, https:\/\/www.kloster-metten.com\/wp-content\/uploads\/2016\/03\/tezba2-768x432.jpg 768w, https:\/\/www.kloster-metten.com\/wp-content\/uploads\/2016\/03\/tezba2-1024x575.jpg 1024w, https:\/\/www.kloster-metten.com\/wp-content\/uploads\/2016\/03\/tezba2.jpg 1258w\" sizes=\"auto, (max-width: 500px) 100vw, 500px\" \/><\/a><\/p>\n<p>&nbsp;<\/p>\n","protected":false},"excerpt":{"rendered":"<p>15 Jahre \u201eTechnik \u2013 Zukunft Bayern?! Im November 2015 fand im MAN Truck Forum in M\u00fcnchen die vom Bildungswerk der Bayerischen Wirtschaft e.V. getragene Jubil\u00e4umsveranstaltung mit einem h\u00f6chst interessanten Programmablauf statt. Den Auftakt bildete eine spannende Werksf\u00fchrung f\u00fcr die geladenen G\u00e4ste, wozu auch Pia Bachmeiner (Klasse 7a) mit ihrer Familie und ihrer Biologielehrerin Carmen Prinz [&hellip;]<\/p>\n","protected":false},"author":5,"featured_media":0,"parent":11026,"menu_order":164,"comment_status":"closed","ping_status":"closed","template":"","meta":{"footnotes":""},"class_list":["post-9198","page","type-page","status-publish","hentry"],"_links":{"self":[{"href":"https:\/\/www.kloster-metten.com\/index.php?rest_route=\/wp\/v2\/pages\/9198","targetHints":{"allow":["GET"]}}],"collection":[{"href":"https:\/\/www.kloster-metten.com\/index.php?rest_route=\/wp\/v2\/pages"}],"about":[{"href":"https:\/\/www.kloster-metten.com\/index.php?rest_route=\/wp\/v2\/types\/page"}],"author":[{"embeddable":true,"href":"https:\/\/www.kloster-metten.com\/index.php?rest_route=\/wp\/v2\/users\/5"}],"replies":[{"embeddable":true,"href":"https:\/\/www.kloster-metten.com\/index.php?rest_route=%2Fwp%2Fv2%2Fcomments&post=9198"}],"version-history":[{"count":5,"href":"https:\/\/www.kloster-metten.com\/index.php?rest_route=\/wp\/v2\/pages\/9198\/revisions"}],"predecessor-version":[{"id":9559,"href":"https:\/\/www.kloster-metten.com\/index.php?rest_route=\/wp\/v2\/pages\/9198\/revisions\/9559"}],"up":[{"embeddable":true,"href":"https:\/\/www.kloster-metten.com\/index.php?rest_route=\/wp\/v2\/pages\/11026"}],"wp:attachment":[{"href":"https:\/\/www.kloster-metten.com\/index.php?rest_route=%2Fwp%2Fv2%2Fmedia&parent=9198"}],"curies":[{"name":"wp","href":"https:\/\/api.w.org\/{rel}","templated":true}]}}