{"id":9209,"date":"2016-03-02T12:47:03","date_gmt":"2016-03-02T11:47:03","guid":{"rendered":"http:\/\/www.kloster-metten.de\/?page_id=9209"},"modified":"2017-09-17T08:31:33","modified_gmt":"2017-09-17T06:31:33","slug":"skiwoche","status":"publish","type":"page","link":"https:\/\/www.kloster-metten.com\/?page_id=9209","title":{"rendered":"Skiwoche"},"content":{"rendered":"<a href=\"https:\/\/www.kloster-metten.com\/wp-content\/uploads\/2016\/03\/ski2016.jpg\" rel=\"attachment wp-att-9210\"><img loading=\"lazy\" decoding=\"async\" class=\"alignleft size-medium wp-image-9210\" title=\"ski2016\" src=\"https:\/\/www.kloster-metten.com\/wp-content\/uploads\/2016\/03\/ski2016-500x375.jpg\" alt=\"ski2016\" width=\"500\" height=\"375\" srcset=\"https:\/\/www.kloster-metten.com\/wp-content\/uploads\/2016\/03\/ski2016-500x375.jpg 500w, https:\/\/www.kloster-metten.com\/wp-content\/uploads\/2016\/03\/ski2016-768x576.jpg 768w, https:\/\/www.kloster-metten.com\/wp-content\/uploads\/2016\/03\/ski2016.jpg 800w\" sizes=\"auto, (max-width: 500px) 100vw, 500px\" \/><\/a><h2>Skiwoche<\/h2><p>Gemeinsam mit f\u00fcnf Lehrkr\u00e4ften machten sich die Achtkl\u00e4ssler des St-Michaels-Gymnasiums Metten auf den Weg ins Skilager. Es ging traditionell in die Pension Leitenhof nach Wildsch\u00f6nau in die Kitzb\u00fchler Alpen, wo die Sch\u00fcler die Gelegenheit hatten ihre Ski- oder Snowboardkenntnisse zu vertiefen. Bei viel Sonnenschein und sehr milden Temperaturen verbrachte die Gruppe f\u00fcnf Tage, in denen flei\u00dfig die angrenzenden Skigebiete erkundet wurden. Eine Wandergruppe verbrachte die Zeit mit entspannten Spazierg\u00e4ngen oder auch tollen Rodelabfahrten. Abends wurden Gesellschaftsspiele gespielt oder die Sch\u00fcler konnten sich beim Tischtennis oder Tischfu\u00dfball austoben. Den H\u00f6hepunkt der Woche bildete ein bunter Abend, bei dem Sch\u00fcler und Lehrer in lockerer Runde ihre F\u00e4higkeiten, aber auch ihren Humor unter Beweis stellten. Etwas ersch\u00f6pft, aber unverletzt und voller positiver Eindr\u00fccke und Erfahrungen wurden die Sch\u00fcler nach ihrer R\u00fcckkehr in die wohlverdienten Fr\u00fchjahrsferien entlassen.<\/p>\n","protected":false},"excerpt":{"rendered":"<p>SkiwocheGemeinsam mit f\u00fcnf Lehrkr\u00e4ften machten sich die Achtkl\u00e4ssler des St-Michaels-Gymnasiums Metten auf den Weg ins Skilager. Es ging traditionell in die Pension Leitenhof nach Wildsch\u00f6nau in die Kitzb\u00fchler Alpen, wo die Sch\u00fcler die Gelegenheit hatten ihre Ski- oder Snowboardkenntnisse zu vertiefen. Bei viel Sonnenschein und sehr milden Temperaturen verbrachte die Gruppe f\u00fcnf Tage, in denen [&hellip;]<\/p>\n","protected":false},"author":5,"featured_media":0,"parent":11026,"menu_order":158,"comment_status":"closed","ping_status":"closed","template":"","meta":{"footnotes":""},"class_list":["post-9209","page","type-page","status-publish","hentry"],"_links":{"self":[{"href":"https:\/\/www.kloster-metten.com\/index.php?rest_route=\/wp\/v2\/pages\/9209","targetHints":{"allow":["GET"]}}],"collection":[{"href":"https:\/\/www.kloster-metten.com\/index.php?rest_route=\/wp\/v2\/pages"}],"about":[{"href":"https:\/\/www.kloster-metten.com\/index.php?rest_route=\/wp\/v2\/types\/page"}],"author":[{"embeddable":true,"href":"https:\/\/www.kloster-metten.com\/index.php?rest_route=\/wp\/v2\/users\/5"}],"replies":[{"embeddable":true,"href":"https:\/\/www.kloster-metten.com\/index.php?rest_route=%2Fwp%2Fv2%2Fcomments&post=9209"}],"version-history":[{"count":2,"href":"https:\/\/www.kloster-metten.com\/index.php?rest_route=\/wp\/v2\/pages\/9209\/revisions"}],"predecessor-version":[{"id":9212,"href":"https:\/\/www.kloster-metten.com\/index.php?rest_route=\/wp\/v2\/pages\/9209\/revisions\/9212"}],"up":[{"embeddable":true,"href":"https:\/\/www.kloster-metten.com\/index.php?rest_route=\/wp\/v2\/pages\/11026"}],"wp:attachment":[{"href":"https:\/\/www.kloster-metten.com\/index.php?rest_route=%2Fwp%2Fv2%2Fmedia&parent=9209"}],"curies":[{"name":"wp","href":"https:\/\/api.w.org\/{rel}","templated":true}]}}