{"id":9236,"date":"2016-03-04T00:17:18","date_gmt":"2016-03-03T23:17:18","guid":{"rendered":"http:\/\/www.kloster-metten.de\/?page_id=9236"},"modified":"2017-09-17T08:30:28","modified_gmt":"2017-09-17T06:30:28","slug":"erster-platz-bei-den-niederbayerischen-schulschachmeisterschaften","status":"publish","type":"page","link":"https:\/\/www.kloster-metten.com\/?page_id=9236","title":{"rendered":"Erster Platz bei den Niederbayerischen Schulschachmeisterschaften"},"content":{"rendered":"<h2>Erster Platz bei den Niederbayerischen Schulschachmeisterschaften<\/h2><p>&nbsp;<\/p>\n<p>Einen sehr sch\u00f6nen Erfolg konnte die Mannschaft des St.-Michaels-Gymnasiums bei den Niederbayerischen Schulschachmeisterschaften am 16. Februar in Dingolfing feiern. In ihrer Wettkampfklasse errangen die jungen Schachspieler den ersten Platz unter 15 Teilnehmern. Dabei blieben Sebastian K\u00f6ck und Thomas Gigler mit 6,5 von 7 m\u00f6glichen Punkten ungeschlagen. Nun darf die Mannschaft die Farben Mettens bei den Bayerischen Meisterschaften in N\u00fcrnberg vertreten. F\u00fcr Metten spielten Mika Bachmeier, Korbinian Deutinger, Thomas Gigler und Sebastian K\u00f6ck. Der Schulleiter Pater Erhard Hinrainer sowie der Betreuungslehrer der Schachgruppe, Herr Thomas Horndasch, gratulierten der siegreichen Mannschaft.<\/p>\n\r\n\t\t<style type='text\/css'>\r\n\t\t\t#gallery-1 {\r\n\t\t\t\tmargin: auto;\r\n\t\t\t}\r\n\t\t\t#gallery-1 .gallery-item {\r\n\t\t\t\tfloat: left;\r\n\t\t\t\tmargin-top: 10px;\r\n\t\t\t\ttext-align: center;\r\n\t\t\t\twidth: 33%;\r\n\t\t\t}\r\n\t\t\t#gallery-1 hr {\r\n\t\t\t\theight: 1px;\r\n\t\t\t}\r\n\t\t\t#gallery-1 .gallery-caption {\r\n\t\t\t\tmargin-left: 0;\r\n\t\t\t}\r\n\t\t\t\/* see gallery_shortcode() in wp-includes\/media.php *\/\r\n\t\t<\/style>\n\t\t<div id='gallery-1' class='gallery galleryid-9236 gallery-columns-3 gallery-size-thumbnail'><hr class='null'><dl class='gallery-item'>\r\n\t\t\t<dt class='gallery-icon landscape'>\r\n\t\t\t\t<a title=\"\"  href='https:\/\/www.kloster-metten.com\/?attachment_id=9240'><img loading=\"lazy\" decoding=\"async\" width=\"170\" height=\"115\" src=\"https:\/\/www.kloster-metten.com\/wp-content\/uploads\/2016\/03\/SAM_3248_-170x115.jpg\" class=\"attachment-thumbnail size-thumbnail\" alt=\"\" \/><\/a>\r\n\t\t\t<\/dt><\/dl><dl class='gallery-item'>\r\n\t\t\t<dt class='gallery-icon portrait'>\r\n\t\t\t\t<a title=\"\"  href='https:\/\/www.kloster-metten.com\/?attachment_id=9241'><img loading=\"lazy\" decoding=\"async\" width=\"170\" height=\"115\" src=\"https:\/\/www.kloster-metten.com\/wp-content\/uploads\/2016\/03\/SAM_3254_-1-170x115.jpg\" class=\"attachment-thumbnail size-thumbnail\" alt=\"\" \/><\/a>\r\n\t\t\t<\/dt><\/dl>\r\n\t\t\t<br style='clear: both' \/>\r\n\t\t<\/div>\n\n","protected":false},"excerpt":{"rendered":"<p>Erster Platz bei den Niederbayerischen Schulschachmeisterschaften&nbsp; Einen sehr sch\u00f6nen Erfolg konnte die Mannschaft des St.-Michaels-Gymnasiums bei den Niederbayerischen Schulschachmeisterschaften am 16. Februar in Dingolfing feiern. In ihrer Wettkampfklasse errangen die jungen Schachspieler den ersten Platz unter 15 Teilnehmern. Dabei blieben Sebastian K\u00f6ck und Thomas Gigler mit 6,5 von 7 m\u00f6glichen Punkten ungeschlagen. Nun darf die [&hellip;]<\/p>\n","protected":false},"author":5,"featured_media":0,"parent":11026,"menu_order":155,"comment_status":"closed","ping_status":"closed","template":"","meta":{"footnotes":""},"class_list":["post-9236","page","type-page","status-publish","hentry"],"_links":{"self":[{"href":"https:\/\/www.kloster-metten.com\/index.php?rest_route=\/wp\/v2\/pages\/9236","targetHints":{"allow":["GET"]}}],"collection":[{"href":"https:\/\/www.kloster-metten.com\/index.php?rest_route=\/wp\/v2\/pages"}],"about":[{"href":"https:\/\/www.kloster-metten.com\/index.php?rest_route=\/wp\/v2\/types\/page"}],"author":[{"embeddable":true,"href":"https:\/\/www.kloster-metten.com\/index.php?rest_route=\/wp\/v2\/users\/5"}],"replies":[{"embeddable":true,"href":"https:\/\/www.kloster-metten.com\/index.php?rest_route=%2Fwp%2Fv2%2Fcomments&post=9236"}],"version-history":[{"count":4,"href":"https:\/\/www.kloster-metten.com\/index.php?rest_route=\/wp\/v2\/pages\/9236\/revisions"}],"predecessor-version":[{"id":9243,"href":"https:\/\/www.kloster-metten.com\/index.php?rest_route=\/wp\/v2\/pages\/9236\/revisions\/9243"}],"up":[{"embeddable":true,"href":"https:\/\/www.kloster-metten.com\/index.php?rest_route=\/wp\/v2\/pages\/11026"}],"wp:attachment":[{"href":"https:\/\/www.kloster-metten.com\/index.php?rest_route=%2Fwp%2Fv2%2Fmedia&parent=9236"}],"curies":[{"name":"wp","href":"https:\/\/api.w.org\/{rel}","templated":true}]}}