{"id":9305,"date":"2016-03-10T22:43:22","date_gmt":"2016-03-10T21:43:22","guid":{"rendered":"http:\/\/www.kloster-metten.de\/?page_id=9305"},"modified":"2017-09-17T08:29:44","modified_gmt":"2017-09-17T06:29:44","slug":"kooperationsvereinbarung-mit-thd-unterzeichnet","status":"publish","type":"page","link":"https:\/\/www.kloster-metten.com\/?page_id=9305","title":{"rendered":"Kooperationsvereinbarung mit THD unterzeichnet"},"content":{"rendered":"<h2>Kooperationsvereinbarung mit THD unterzeichnet<\/h2><div id=\"attachment_9307\" style=\"width: 510px\" class=\"wp-caption alignnone\"><a href=\"https:\/\/www.kloster-metten.com\/wp-content\/uploads\/2016\/03\/IMG_5793_.jpg\" rel=\"attachment wp-att-9307\"><img loading=\"lazy\" decoding=\"async\" aria-describedby=\"caption-attachment-9307\" class=\"wp-image-9307 size-medium\" title=\"IMG_5793_\" src=\"https:\/\/www.kloster-metten.com\/wp-content\/uploads\/2016\/03\/IMG_5793_-500x333.jpg\" alt=\"IMG_5793_\" width=\"500\" height=\"333\" srcset=\"https:\/\/www.kloster-metten.com\/wp-content\/uploads\/2016\/03\/IMG_5793_-500x333.jpg 500w, https:\/\/www.kloster-metten.com\/wp-content\/uploads\/2016\/03\/IMG_5793_-768x512.jpg 768w, https:\/\/www.kloster-metten.com\/wp-content\/uploads\/2016\/03\/IMG_5793_-1024x682.jpg 1024w, https:\/\/www.kloster-metten.com\/wp-content\/uploads\/2016\/03\/IMG_5793_.jpg 1709w\" sizes=\"auto, (max-width: 500px) 100vw, 500px\" \/><\/a><p id=\"caption-attachment-9307\" class=\"wp-caption-text\">v.l. Prof. Dr. Horst Kunhardt (THD), Prof. Dr. Peter Sperber (THD), Abt Wolfgang M. Hagl OSB, Pater Erhard Hinrainer OSB, Claudia Brehm-Wammes StDin i. K.<\/p><\/div>\n<p>Die Technische Hochschule Deggendorf (THD) und das St.-Michaels-Gymnasium in Metten haben Ende Februar eine Kooperationsvereinbarung zur k\u00fcnftigen Zusammenarbeit getroffen. Die Vereinbarung wurde durch THD-Pr\u00e4sident Prof. Dr. Peter Sperber und Schulleiter Pater Erhard Hinrainer im Mettener Kloster unterzeichnet.<\/p>\n<p>F\u00fcr die THD bedeutet die Kooperationsvereinbarung eine weitere St\u00e4rkung der guten Beziehungen zu den Schulen der Region. Basis der Kooperation zwischen THD und St.-Michaels-Gymnasium bildet die bestehende Zusammenarbeit beider Institutionen. Beispielsweise besuchen Mettener Sch\u00fcler seit zwei Jahren erfolgreich das Fr\u00fchstudium an der THD. Projekte, wie z.B. im Rahmen der H\u00f6rpr\u00e4vention oder Veranstaltungen zur Berufs- und Studieninformation z\u00e4hlen ebenso zu den bereits bestehenden gemeinsamen Aktivit\u00e4ten. Pater Erhard Hinrainer, Schulleiter des St.-Michaels Gymnasiums, sieht die Kooperation positiv: \u201eIch freue mich, dass unsere bereits bestehende gute Zusammenarbeit durch die Kooperationsvereinbarung noch erweitert und gest\u00e4rkt wird. Gerade die naturwissenschaftlich-technologische Ausbildungsrichtung, die von vielen Sch\u00fclerinnen und Sch\u00fclern gew\u00e4hlt wird, wird durch die Kooperation mit der THD eine gro\u00dfe Bereicherung erfahren. So k\u00f6nnen die Sch\u00fclerinnen und Sch\u00fcler durch die Kontakte zur THD einen guten Einblick in verschiedene Studienangebote der MINT-F\u00e4cher erhalten und sich auch zu den Schwerpunkten der anderen Fakult\u00e4ten informieren.\u201c<\/p>\n<p>Mit der Kooperationsvereinbarung kommt als neuer Aspekt auch der Ausbau der Verbindungen im Gesundheitsbereich hinzu. \u201eDurch den Aufbau und die positive Entwicklung des Gesundheitsbereichs an der THD haben sich hier gemeinsame Interessen ergeben und es besteht die M\u00f6glichkeit voneinander zu profitieren.\u201c verdeutlicht Professor Dr. Horst Kunhardt, Vizepr\u00e4sident f\u00fcr Gesundheit an der THD.<\/p>\n<p><a href=\"https:\/\/www.kloster-metten.com\/wp-content\/uploads\/2016\/03\/IMG_5789_.jpg\" rel=\"attachment wp-att-9306\"><img loading=\"lazy\" decoding=\"async\" class=\"alignleft size-medium wp-image-9306\" title=\"IMG_5789_\" src=\"https:\/\/www.kloster-metten.com\/wp-content\/uploads\/2016\/03\/IMG_5789_-500x333.jpg\" alt=\"IMG_5789_\" width=\"500\" height=\"333\" srcset=\"https:\/\/www.kloster-metten.com\/wp-content\/uploads\/2016\/03\/IMG_5789_-500x333.jpg 500w, https:\/\/www.kloster-metten.com\/wp-content\/uploads\/2016\/03\/IMG_5789_-768x512.jpg 768w, https:\/\/www.kloster-metten.com\/wp-content\/uploads\/2016\/03\/IMG_5789_-1024x682.jpg 1024w, https:\/\/www.kloster-metten.com\/wp-content\/uploads\/2016\/03\/IMG_5789_.jpg 1709w\" sizes=\"auto, (max-width: 500px) 100vw, 500px\" \/><br \/>\n<\/a><\/p>\n","protected":false},"excerpt":{"rendered":"<p>Kooperationsvereinbarung mit THD unterzeichnetDie Technische Hochschule Deggendorf (THD) und das St.-Michaels-Gymnasium in Metten haben Ende Februar eine Kooperationsvereinbarung zur k\u00fcnftigen Zusammenarbeit getroffen. Die Vereinbarung wurde durch THD-Pr\u00e4sident Prof. Dr. Peter Sperber und Schulleiter Pater Erhard Hinrainer im Mettener Kloster unterzeichnet. F\u00fcr die THD bedeutet die Kooperationsvereinbarung eine weitere St\u00e4rkung der guten Beziehungen zu den Schulen [&hellip;]<\/p>\n","protected":false},"author":5,"featured_media":0,"parent":11026,"menu_order":153,"comment_status":"closed","ping_status":"closed","template":"","meta":{"footnotes":""},"class_list":["post-9305","page","type-page","status-publish","hentry"],"_links":{"self":[{"href":"https:\/\/www.kloster-metten.com\/index.php?rest_route=\/wp\/v2\/pages\/9305","targetHints":{"allow":["GET"]}}],"collection":[{"href":"https:\/\/www.kloster-metten.com\/index.php?rest_route=\/wp\/v2\/pages"}],"about":[{"href":"https:\/\/www.kloster-metten.com\/index.php?rest_route=\/wp\/v2\/types\/page"}],"author":[{"embeddable":true,"href":"https:\/\/www.kloster-metten.com\/index.php?rest_route=\/wp\/v2\/users\/5"}],"replies":[{"embeddable":true,"href":"https:\/\/www.kloster-metten.com\/index.php?rest_route=%2Fwp%2Fv2%2Fcomments&post=9305"}],"version-history":[{"count":5,"href":"https:\/\/www.kloster-metten.com\/index.php?rest_route=\/wp\/v2\/pages\/9305\/revisions"}],"predecessor-version":[{"id":9557,"href":"https:\/\/www.kloster-metten.com\/index.php?rest_route=\/wp\/v2\/pages\/9305\/revisions\/9557"}],"up":[{"embeddable":true,"href":"https:\/\/www.kloster-metten.com\/index.php?rest_route=\/wp\/v2\/pages\/11026"}],"wp:attachment":[{"href":"https:\/\/www.kloster-metten.com\/index.php?rest_route=%2Fwp%2Fv2%2Fmedia&parent=9305"}],"curies":[{"name":"wp","href":"https:\/\/api.w.org\/{rel}","templated":true}]}}