{"id":9573,"date":"2016-03-22T20:36:21","date_gmt":"2016-03-22T19:36:21","guid":{"rendered":"http:\/\/www.kloster-metten.de\/?page_id=9573"},"modified":"2017-09-17T08:29:21","modified_gmt":"2017-09-17T06:29:21","slug":"mit-freude-leben-lernen-wie-in-einem-schloss","status":"publish","type":"page","link":"https:\/\/www.kloster-metten.com\/?page_id=9573","title":{"rendered":"Mit Freude leben lernen &#8211; wie in einem Schloss"},"content":{"rendered":"<h2>Mit Freude leben lernen &#8211; wie in einem Schloss<\/h2><h4><a href=\"https:\/\/www.kloster-metten.com\/wp-content\/uploads\/2016\/03\/Tag-der-offenen-T\u00fcr-III_.jpg\" rel=\"attachment wp-att-9575\"><img loading=\"lazy\" decoding=\"async\" class=\"size-medium wp-image-9575 alignnone\" title=\"Tag der offenen T\u00fcr III_\" src=\"https:\/\/www.kloster-metten.com\/wp-content\/uploads\/2016\/03\/Tag-der-offenen-T\u00fcr-III_-500x333.jpg\" alt=\"Tag der offenen T\u00fcr III_\" width=\"500\" height=\"333\" srcset=\"https:\/\/www.kloster-metten.com\/wp-content\/uploads\/2016\/03\/Tag-der-offenen-T\u00fcr-III_-500x333.jpg 500w, https:\/\/www.kloster-metten.com\/wp-content\/uploads\/2016\/03\/Tag-der-offenen-T\u00fcr-III_-768x512.jpg 768w, https:\/\/www.kloster-metten.com\/wp-content\/uploads\/2016\/03\/Tag-der-offenen-T\u00fcr-III_-1024x683.jpg 1024w, https:\/\/www.kloster-metten.com\/wp-content\/uploads\/2016\/03\/Tag-der-offenen-T\u00fcr-III_.jpg 1555w\" sizes=\"auto, (max-width: 500px) 100vw, 500px\" \/><\/a><\/h4>\n<h4>&#8211; ein stimmungsvoller Tag der offenen T\u00fcr am St.-Michaels-Gymnasium in Metten<\/h4>\n<p>\u201eKomm schnell, hier gef\u00e4llt`s mir, hier ist es wie in einem Schloss.\u201c Diese Einladung lie\u00df eine Viertkl\u00e4sslerin ihrer Freundin per Handy zukommen und ging dann begeistert zur Vorf\u00fchrung einer Lateinstunde. Mit \u201eSalvete! Seid gegr\u00fc\u00dft!\u201c wurde sie dort empfangen und lernte mit Freude, dass die deutsche Sprache viele W\u00f6rter aus dem Lateinischen \u00fcbernommen hat. Schlie\u00dflich haben die R\u00f6mer zur Zeit des r\u00f6mischen Reichs ihre Kultur vom Tiber bis an die Donau und den Rhein verbreitet. Darauf wies in der besagten Lateinstunde eine Reihe von Lernexperten hin, n\u00e4mlich die F\u00fcnftkl\u00e4ssler, die bereits am St.-Michaels-Gymnasium unterrichtet werden und stolz darauf sind, damit ein Fundament zu legen, auf dem sie im \u201eHaus der Sprachen\u201c nicht nur in den Fremdsprachen, sondern auch in der Muttersprache aufbauen k\u00f6nnen. Auch in der Redekunst, der Architektur, der Philosophie, der Geschichte und in vielen Dingen des Alltags wirkt die lateinische Sprache nach, unser Selbstverst\u00e4ndnis als Europ\u00e4er wird durch die Antike und ihre Werte gepr\u00e4gt.<\/p>\n\r\n\t\t<style type='text\/css'>\r\n\t\t\t#gallery-1 {\r\n\t\t\t\tmargin: auto;\r\n\t\t\t}\r\n\t\t\t#gallery-1 .gallery-item {\r\n\t\t\t\tfloat: left;\r\n\t\t\t\tmargin-top: 10px;\r\n\t\t\t\ttext-align: center;\r\n\t\t\t\twidth: 33%;\r\n\t\t\t}\r\n\t\t\t#gallery-1 hr {\r\n\t\t\t\theight: 1px;\r\n\t\t\t}\r\n\t\t\t#gallery-1 .gallery-caption {\r\n\t\t\t\tmargin-left: 0;\r\n\t\t\t}\r\n\t\t\t\/* see gallery_shortcode() in wp-includes\/media.php *\/\r\n\t\t<\/style>\n\t\t<div id='gallery-1' class='gallery galleryid-9573 gallery-columns-3 gallery-size-thumbnail'><hr class='null'><dl class='gallery-item'>\r\n\t\t\t<dt class='gallery-icon landscape'>\r\n\t\t\t\t<a title=\"Tag der offenen T\u00fcr XII_\"  href='https:\/\/www.kloster-metten.com\/?attachment_id=9588'><img loading=\"lazy\" decoding=\"async\" width=\"170\" height=\"115\" src=\"https:\/\/www.kloster-metten.com\/wp-content\/uploads\/2016\/03\/Tag-der-offenen-T\u00fcr-XII_-170x115.jpg\" class=\"attachment-thumbnail size-thumbnail\" alt=\"\" \/><\/a>\r\n\t\t\t<\/dt><\/dl><dl class='gallery-item'>\r\n\t\t\t<dt class='gallery-icon landscape'>\r\n\t\t\t\t<a title=\"Tag der offenen T\u00fcr XI_\"  href='https:\/\/www.kloster-metten.com\/?attachment_id=9587'><img loading=\"lazy\" decoding=\"async\" width=\"170\" height=\"115\" src=\"https:\/\/www.kloster-metten.com\/wp-content\/uploads\/2016\/03\/Tag-der-offenen-T\u00fcr-XI_-170x115.jpg\" class=\"attachment-thumbnail size-thumbnail\" alt=\"\" \/><\/a>\r\n\t\t\t<\/dt><\/dl>\r\n\t\t\t<br style='clear: both' \/>\r\n\t\t<\/div>\n\n<p>Diese Bedeutung des Lateinischen, das als erste Fremdsprache am St.-Michaels-Gymnasium gelehrt wird und neben dem Unterricht in Griechisch die altsprachliche Ausbildungsrichtung bestimmt, hob auch Pater Erhard Hinrainer in seiner Begr\u00fc\u00dfung hervor. Nach einer schwungvollen Einstimmung durch das Sch\u00fclerblasorchester Kalliope freute er sich, den verehrten G\u00e4sten die famili\u00e4re Atmosph\u00e4re einer sehr kleinen \u00fcberschaubaren Schule n\u00e4herbringen zu d\u00fcrfen. Da auch die Grundschulen in der Nachbarschaft \u00fcber eine \u00fcberschaubare Anzahl von Sch\u00fclerinnen und Sch\u00fclern verf\u00fcgen, seien es die Kinder gewohnt, dass man sich schnell kennt und ohne Scheu in die Schule geht. In kleinen Klassen (im Durchschnitt 23 Sch\u00fclerinnen und Sch\u00fcler) k\u00f6nne individuell das Lernen gelernt werden, was durch ein Lernb\u00fcro in Deutsch, Latein, Englisch und Mathematik sowie durch diverse Angebote zur Lernf\u00f6rderung von der f\u00fcnften bis zur zw\u00f6lften Klasse unterst\u00fctzt werde. Gro\u00dfer Wert werde auf die Zusammenarbeit mit den Eltern gelegt. Auf ihren Wunsch hin habe man vor sieben Jahren die naturwissenschaftlich-technologische Ausbildungsrichtung eingef\u00fchrt. Sie trete damit neben die alt- und neusprachliche. Daf\u00fcr seien die Fachr\u00e4ume in den Naturwissenschaften auf den neuesten Stand gebracht worden. Von der MINT-freundlichen Schule k\u00f6nnten sich die Besucherinnen und Besucher anschlie\u00dfend bei zahlreichen Experimenten, Ausstellungen und Aktionen \u00fcberzeugen. Zu einer umfassenden Ausbildung geh\u00f6re auch der Unterricht in Kunst und Musik. \u201eSing mit!\u201c fordert die Chorklasse anschlie\u00dfend im Musiksaal im ersten Stock, in der in der f\u00fcnften und sechsten Jahrgangsstufe das Instrument \u201eStimme\u201c geschult werde. Ab dem kommenden Schuljahr gebe es keinen Samstagsunterricht mehr; er er\u00fcbrige sich, da ab dem \u00fcbern\u00e4chsten Schuljahr alle bayerischen Gymnasien die Mittelstufe Plus einf\u00fchren d\u00fcrfen und damit kein Samstagsunterricht mehr gebraucht werde. Mit dem Landratsamt stehe man in Verhandlungen wegen der Buslinien, da eine Zunahme des Nachmittagsunterrichts eine Zunahme der Busverbindungen zur Folge haben m\u00fcsse. Abschlie\u00dfend wies der Schulleiter auf das Programm in Altgold hin, das jedem Besucher erlaube, die Schule auf eigene Faust zu erkunden, in ihre Gesamtstimmung hineinzuschnuppern. F\u00fchrungen w\u00fcrden jedoch auch eine Orientierung im Hause erlauben, viele Ansprechpartner (u. a. im Cafe des Elternbeirats im Sudhaus im Erdgeschoss) seien gerne bereit, Rede und Antwort zu stehen.<\/p>\n\r\n\t\t<style type='text\/css'>\r\n\t\t\t#gallery-2 {\r\n\t\t\t\tmargin: auto;\r\n\t\t\t}\r\n\t\t\t#gallery-2 .gallery-item {\r\n\t\t\t\tfloat: left;\r\n\t\t\t\tmargin-top: 10px;\r\n\t\t\t\ttext-align: center;\r\n\t\t\t\twidth: 33%;\r\n\t\t\t}\r\n\t\t\t#gallery-2 hr {\r\n\t\t\t\theight: 1px;\r\n\t\t\t}\r\n\t\t\t#gallery-2 .gallery-caption {\r\n\t\t\t\tmargin-left: 0;\r\n\t\t\t}\r\n\t\t\t\/* see gallery_shortcode() in wp-includes\/media.php *\/\r\n\t\t<\/style>\n\t\t<div id='gallery-2' class='gallery galleryid-9573 gallery-columns-3 gallery-size-thumbnail'><hr class='null'><dl class='gallery-item'>\r\n\t\t\t<dt class='gallery-icon landscape'>\r\n\t\t\t\t<a title=\"Tag der offenen T\u00fcr II_\"  href='https:\/\/www.kloster-metten.com\/?attachment_id=9577'><img loading=\"lazy\" decoding=\"async\" width=\"170\" height=\"115\" src=\"https:\/\/www.kloster-metten.com\/wp-content\/uploads\/2016\/03\/Tag-der-offenen-T\u00fcr-II_-170x115.jpg\" class=\"attachment-thumbnail size-thumbnail\" alt=\"\" \/><\/a>\r\n\t\t\t<\/dt><\/dl><dl class='gallery-item'>\r\n\t\t\t<dt class='gallery-icon landscape'>\r\n\t\t\t\t<a title=\"Tag der offenen T\u00fcr VI_\"  href='https:\/\/www.kloster-metten.com\/?attachment_id=9578'><img loading=\"lazy\" decoding=\"async\" width=\"170\" height=\"115\" src=\"https:\/\/www.kloster-metten.com\/wp-content\/uploads\/2016\/03\/Tag-der-offenen-T\u00fcr-VI_-170x115.jpg\" class=\"attachment-thumbnail size-thumbnail\" alt=\"\" \/><\/a>\r\n\t\t\t<\/dt><\/dl><dl class='gallery-item'>\r\n\t\t\t<dt class='gallery-icon landscape'>\r\n\t\t\t\t<a title=\"Tag der offenen T\u00fcr VII_\"  href='https:\/\/www.kloster-metten.com\/?attachment_id=9579'><img loading=\"lazy\" decoding=\"async\" width=\"170\" height=\"115\" src=\"https:\/\/www.kloster-metten.com\/wp-content\/uploads\/2016\/03\/Tag-der-offenen-T\u00fcr-VII_-170x115.jpg\" class=\"attachment-thumbnail size-thumbnail\" alt=\"\" \/><\/a>\r\n\t\t\t<\/dt><\/dl><br style=\"clear: both\" \/>\r\n\t\t<\/div>\n\n<p>Wenn man der Empfehlung folgte, bei einem zweiten Fr\u00fchst\u00fcck die liebevoll dekorierten Torten des Elternbeirats zu genie\u00dfen, wurde man auf dem Weg dorthin vom Duft der Bratw\u00fcrste aus dem Innenhof verf\u00fchrt oder probierte doch lieber am Franz\u00f6sischstand ein gut belegtes Baguette. Nicht zu vergessen die r\u00f6mischen Spezialit\u00e4ten in der Taberna Romana im ersten Stock! Nebenbei konnte man sich \u00fcber die Vorz\u00fcge eines Urlaubs in Spanien in der spanischen Ecke informieren.<\/p>\n<p>Der Parcours der Sinne im St.-Notker-Zimmer (Partnerklasse der Klasse 6b) verf\u00fchrte zum F\u00fchlen von Naturgegenst\u00e4nden, wenn man den Mut hatte, in einen verschlossenen Kasten zu greifen, zum Legen von Figuren, Zuordnen von Geldscheinen und ausf\u00fchrlichem Studieren diverser Plakatw\u00e4nde zu den Themen, die in einer sechsten Jahrgangsstufe anstehen. Dabei wurde man kenntnisreich von ausgew\u00e4hlten Sch\u00fclerinnen und Sch\u00fclern betreut. Im Rahmen der Inklusion findet in diesem Schuljahr eine intensive Zusammenarbeit zwischen dem St.-Notker-F\u00f6rderzentrum und dem St.-Michaels-Gymnasium statt. Sie wurde in den zwei vorausgegangenen Schuljahren durch diverse Projekte vorbereitet. Im Verlauf dieses Schuljahres findet noch ein Kr\u00e4uterworkshop in Otzing bei Marlene N\u00fc\u00dfl statt; auch diverse Wanderungen aus dem gemeinsam zusammengestellten Wanderf\u00fchrer \u201eGemeinsam gehen\u201c sind geplant.<\/p>\n<p>Auf dem Weg zu den MINT-F\u00e4chern wurde man von einer W\u00e4scheleine abgelenkt, auf der mit Klammern Hinweise auf alle Theaterst\u00fccke der letzten Jahrzehnte, die unsere hervorragenden Sch\u00fcler- und Lehrertheatergruppen jemals gespielt hatten, zu lesen waren. Immerhin fand auch ein Auftritt auf der Landesgartenschau in Deggendorf 2014 statt. Theater gespielt wurde heute zwar nicht, aber aus dem Unterricht im Schulspiel in der f\u00fcnften Jahrgangsstufe erging die Aufforderung: \u201eTeste dein B\u00fchnentalent!\u201c<\/p>\n\r\n\t\t<style type='text\/css'>\r\n\t\t\t#gallery-3 {\r\n\t\t\t\tmargin: auto;\r\n\t\t\t}\r\n\t\t\t#gallery-3 .gallery-item {\r\n\t\t\t\tfloat: left;\r\n\t\t\t\tmargin-top: 10px;\r\n\t\t\t\ttext-align: center;\r\n\t\t\t\twidth: 33%;\r\n\t\t\t}\r\n\t\t\t#gallery-3 hr {\r\n\t\t\t\theight: 1px;\r\n\t\t\t}\r\n\t\t\t#gallery-3 .gallery-caption {\r\n\t\t\t\tmargin-left: 0;\r\n\t\t\t}\r\n\t\t\t\/* see gallery_shortcode() in wp-includes\/media.php *\/\r\n\t\t<\/style>\n\t\t<div id='gallery-3' class='gallery galleryid-9573 gallery-columns-3 gallery-size-thumbnail'><hr class='null'><dl class='gallery-item'>\r\n\t\t\t<dt class='gallery-icon landscape'>\r\n\t\t\t\t<a title=\"Tag der offenen T\u00fcr IX_\"  href='https:\/\/www.kloster-metten.com\/?attachment_id=9583'><img loading=\"lazy\" decoding=\"async\" width=\"170\" height=\"115\" src=\"https:\/\/www.kloster-metten.com\/wp-content\/uploads\/2016\/03\/Tag-der-offenen-T\u00fcr-IX_-170x115.jpg\" class=\"attachment-thumbnail size-thumbnail\" alt=\"\" srcset=\"https:\/\/www.kloster-metten.com\/wp-content\/uploads\/2016\/03\/Tag-der-offenen-T\u00fcr-IX_-170x115.jpg 170w, https:\/\/www.kloster-metten.com\/wp-content\/uploads\/2016\/03\/Tag-der-offenen-T\u00fcr-IX_-768x526.jpg 768w\" sizes=\"auto, (max-width: 170px) 100vw, 170px\" \/><\/a>\r\n\t\t\t<\/dt><\/dl><dl class='gallery-item'>\r\n\t\t\t<dt class='gallery-icon landscape'>\r\n\t\t\t\t<a title=\"Tag der offenen T\u00fcr VIII_\"  href='https:\/\/www.kloster-metten.com\/?attachment_id=9584'><img loading=\"lazy\" decoding=\"async\" width=\"170\" height=\"115\" src=\"https:\/\/www.kloster-metten.com\/wp-content\/uploads\/2016\/03\/Tag-der-offenen-T\u00fcr-VIII_-170x115.jpg\" class=\"attachment-thumbnail size-thumbnail\" alt=\"\" srcset=\"https:\/\/www.kloster-metten.com\/wp-content\/uploads\/2016\/03\/Tag-der-offenen-T\u00fcr-VIII_-170x115.jpg 170w, https:\/\/www.kloster-metten.com\/wp-content\/uploads\/2016\/03\/Tag-der-offenen-T\u00fcr-VIII_-500x336.jpg 500w, https:\/\/www.kloster-metten.com\/wp-content\/uploads\/2016\/03\/Tag-der-offenen-T\u00fcr-VIII_-768x515.jpg 768w, https:\/\/www.kloster-metten.com\/wp-content\/uploads\/2016\/03\/Tag-der-offenen-T\u00fcr-VIII_-1024x687.jpg 1024w, https:\/\/www.kloster-metten.com\/wp-content\/uploads\/2016\/03\/Tag-der-offenen-T\u00fcr-VIII_.jpg 1459w\" sizes=\"auto, (max-width: 170px) 100vw, 170px\" \/><\/a>\r\n\t\t\t<\/dt><\/dl><dl class='gallery-item'>\r\n\t\t\t<dt class='gallery-icon landscape'>\r\n\t\t\t\t<a title=\"Tag der offenen T\u00fcr X_\"  href='https:\/\/www.kloster-metten.com\/?attachment_id=9585'><img loading=\"lazy\" decoding=\"async\" width=\"170\" height=\"115\" src=\"https:\/\/www.kloster-metten.com\/wp-content\/uploads\/2016\/03\/Tag-der-offenen-T\u00fcr-X_-170x115.jpg\" class=\"attachment-thumbnail size-thumbnail\" alt=\"\" \/><\/a>\r\n\t\t\t<\/dt><\/dl><br style=\"clear: both\" \/>\r\n\t\t<\/div>\n\n<p>Auf dem Weg zur Turnhalle kam man am GCL-Stand vorbei mit einem Film \u00fcber die Israelfahrt 2014. In der Turnhalle betreute die Tutorengruppe einen Erlebnisparcours mit Mattenschaukel, Rutsche und Ballfangnetz. \u00dcber die Arbeit der Tutoren sowie der Unter-, Mittel- und Oberstufenbetreuung informierten Schautafeln auf dem Weg durch das Haus. Im Verlauf des Vormittags konnte man sich auf der B\u00fchne durch sportliche Leistungen in Tanz und Akrobatik unterhalten lassen.<\/p>\n<p>Szenen aus vergangenen Zeiten auf liebevoll gestalteten Plakaten erinnerten an die Kultur der \u00c4gypter, Griechen und R\u00f6mer; wer h\u00e4tte gedacht, dass zum Thema Theater Elyas M`Barek Homer gegen\u00fcbergestellt werden kann? Aber auch die Kultur des Rittertums kam nicht zu kurz; mittelalterliche Gew\u00e4nder (ausgeliehen bei einem Mittelalterverein), ein Burgenvergleich und ein Quiz mit dem Hinweis auf den S\u00e4ulenheiligen im Innenhof (Karl der Gro\u00dfe) veranschaulichten diese Epoche. Auf die Teilnahme an einem Griechisch-Symposium 2015 in Straubing wiesen Schautafeln in der Pausenhalle im zweiten Stock hin; Schautafeln informierten auch \u00fcber die Schulpartnerschaften mit Bangalore und Pilsen sowie \u00fcber das Compassionprojekt.<\/p>\n\r\n\t\t<style type='text\/css'>\r\n\t\t\t#gallery-4 {\r\n\t\t\t\tmargin: auto;\r\n\t\t\t}\r\n\t\t\t#gallery-4 .gallery-item {\r\n\t\t\t\tfloat: left;\r\n\t\t\t\tmargin-top: 10px;\r\n\t\t\t\ttext-align: center;\r\n\t\t\t\twidth: 33%;\r\n\t\t\t}\r\n\t\t\t#gallery-4 hr {\r\n\t\t\t\theight: 1px;\r\n\t\t\t}\r\n\t\t\t#gallery-4 .gallery-caption {\r\n\t\t\t\tmargin-left: 0;\r\n\t\t\t}\r\n\t\t\t\/* see gallery_shortcode() in wp-includes\/media.php *\/\r\n\t\t<\/style>\n\t\t<div id='gallery-4' class='gallery galleryid-9573 gallery-columns-3 gallery-size-thumbnail'><hr class='null'><dl class='gallery-item'>\r\n\t\t\t<dt class='gallery-icon landscape'>\r\n\t\t\t\t<a title=\"Tag der offenen T\u00fcr IV_\"  href='https:\/\/www.kloster-metten.com\/?attachment_id=9580'><img loading=\"lazy\" decoding=\"async\" width=\"170\" height=\"115\" src=\"https:\/\/www.kloster-metten.com\/wp-content\/uploads\/2016\/03\/Tag-der-offenen-T\u00fcr-IV_-170x115.jpg\" class=\"attachment-thumbnail size-thumbnail\" alt=\"\" \/><\/a>\r\n\t\t\t<\/dt><\/dl><dl class='gallery-item'>\r\n\t\t\t<dt class='gallery-icon landscape'>\r\n\t\t\t\t<a title=\"Tag der offenen T\u00fcr V_\"  href='https:\/\/www.kloster-metten.com\/?attachment_id=9581'><img loading=\"lazy\" decoding=\"async\" width=\"170\" height=\"115\" src=\"https:\/\/www.kloster-metten.com\/wp-content\/uploads\/2016\/03\/Tag-der-offenen-T\u00fcr-V_-170x115.jpg\" class=\"attachment-thumbnail size-thumbnail\" alt=\"\" srcset=\"https:\/\/www.kloster-metten.com\/wp-content\/uploads\/2016\/03\/Tag-der-offenen-T\u00fcr-V_-170x115.jpg 170w, https:\/\/www.kloster-metten.com\/wp-content\/uploads\/2016\/03\/Tag-der-offenen-T\u00fcr-V_-500x334.jpg 500w, https:\/\/www.kloster-metten.com\/wp-content\/uploads\/2016\/03\/Tag-der-offenen-T\u00fcr-V_-768x513.jpg 768w, https:\/\/www.kloster-metten.com\/wp-content\/uploads\/2016\/03\/Tag-der-offenen-T\u00fcr-V_-1024x684.jpg 1024w, https:\/\/www.kloster-metten.com\/wp-content\/uploads\/2016\/03\/Tag-der-offenen-T\u00fcr-V_.jpg 1346w\" sizes=\"auto, (max-width: 170px) 100vw, 170px\" \/><\/a>\r\n\t\t\t<\/dt><\/dl><dl class='gallery-item'>\r\n\t\t\t<dt class='gallery-icon landscape'>\r\n\t\t\t\t<a title=\"Tag der offenen T\u00fcr XIII_\"  href='https:\/\/www.kloster-metten.com\/?attachment_id=9582'><img loading=\"lazy\" decoding=\"async\" width=\"170\" height=\"115\" src=\"https:\/\/www.kloster-metten.com\/wp-content\/uploads\/2016\/03\/Tag-der-offenen-T\u00fcr-XIII_-170x115.jpg\" class=\"attachment-thumbnail size-thumbnail\" alt=\"\" srcset=\"https:\/\/www.kloster-metten.com\/wp-content\/uploads\/2016\/03\/Tag-der-offenen-T\u00fcr-XIII_-170x115.jpg 170w, https:\/\/www.kloster-metten.com\/wp-content\/uploads\/2016\/03\/Tag-der-offenen-T\u00fcr-XIII_-500x342.jpg 500w, https:\/\/www.kloster-metten.com\/wp-content\/uploads\/2016\/03\/Tag-der-offenen-T\u00fcr-XIII_-768x525.jpg 768w, https:\/\/www.kloster-metten.com\/wp-content\/uploads\/2016\/03\/Tag-der-offenen-T\u00fcr-XIII_-1024x700.jpg 1024w, https:\/\/www.kloster-metten.com\/wp-content\/uploads\/2016\/03\/Tag-der-offenen-T\u00fcr-XIII_.jpg 1360w\" sizes=\"auto, (max-width: 170px) 100vw, 170px\" \/><\/a>\r\n\t\t\t<\/dt><\/dl><br style=\"clear: both\" \/>\r\n\t\t<\/div>\n\n<p>Das St.-Michaels-Gymnasium ist eine MINT-freundliche Schule; das beweist z. B. die Bienen-AG, die die Bienenwelt erforscht und Kerzen gegossen, den Bienentanz beobachtet und Honig-Gummib\u00e4rchen hergestellt hat. Eine Imker-Ausr\u00fcstung soll eingesetzt werden, wenn es gelingt, ein Bienenvolk anzusiedeln. Im Bio-\u00dcbungsraum konnte an Wei\u00dfkohlbl\u00e4ttern der Lotuseffekt studiert werden, der beim Anstreichen von Hausfassaden daf\u00fcr sorgt, dass Schmutz abperlt. Zahlreiche Experimente veranschaulichten die Nanotechnologie. Im Biologiesaal erk\u00e4mpfte man sich eine Packung Gummib\u00e4rchen, wenn man einen L\u00f6sungssatz aus 16 Stationen durch die Natur gebildet hatte: \u201eIch finde Bio super.\u201c V\u00e4ter halfen dabei ihren T\u00f6chtern und genossen dankbar die bereitgestellten S\u00fc\u00dfigkeiten. Der Physik\u00fcbungsraum \u00fcberraschte mit Experimenten zu wechselnden Aggregatszust\u00e4nden; im Chemiesaal wurde mit Farben gespielt, im \u00dcbungsraum vergoldete man M\u00fcnzen, die Besucher \u00fcberlegten dabei, wie lange die Farbe wohl anh\u00e4lt. Auch zahlreiche Mathespiele durften nicht fehlen; wie viele Erbsen gehen z. B. in eine mittelgro\u00dfe Glasvase? Interaktive Lernspiele im Computerraum und ein Europaquiz auf dem Whiteboard vervollst\u00e4ndigten das MINT-Angebot. Eine Anzahl verschiedenfarbiger Eier wies auf ein Experiment f\u00fcr \u201eJugend forscht\u201c hin.<\/p>\n\r\n\t\t<style type='text\/css'>\r\n\t\t\t#gallery-5 {\r\n\t\t\t\tmargin: auto;\r\n\t\t\t}\r\n\t\t\t#gallery-5 .gallery-item {\r\n\t\t\t\tfloat: left;\r\n\t\t\t\tmargin-top: 10px;\r\n\t\t\t\ttext-align: center;\r\n\t\t\t\twidth: 33%;\r\n\t\t\t}\r\n\t\t\t#gallery-5 hr {\r\n\t\t\t\theight: 1px;\r\n\t\t\t}\r\n\t\t\t#gallery-5 .gallery-caption {\r\n\t\t\t\tmargin-left: 0;\r\n\t\t\t}\r\n\t\t\t\/* see gallery_shortcode() in wp-includes\/media.php *\/\r\n\t\t<\/style>\n\t\t<div id='gallery-5' class='gallery galleryid-9573 gallery-columns-3 gallery-size-thumbnail'><hr class='null'><dl class='gallery-item'>\r\n\t\t\t<dt class='gallery-icon landscape'>\r\n\t\t\t\t<a title=\"Tag der offenen T\u00fcr XIV_\"  href='https:\/\/www.kloster-metten.com\/?attachment_id=9589'><img loading=\"lazy\" decoding=\"async\" width=\"170\" height=\"115\" src=\"https:\/\/www.kloster-metten.com\/wp-content\/uploads\/2016\/03\/Tag-der-offenen-T\u00fcr-XIV_-170x115.jpg\" class=\"attachment-thumbnail size-thumbnail\" alt=\"\" \/><\/a>\r\n\t\t\t<\/dt><\/dl><dl class='gallery-item'>\r\n\t\t\t<dt class='gallery-icon portrait'>\r\n\t\t\t\t<a title=\"Tag der offenen T\u00fcr I_\"  href='https:\/\/www.kloster-metten.com\/?attachment_id=9590'><img loading=\"lazy\" decoding=\"async\" width=\"170\" height=\"115\" src=\"https:\/\/www.kloster-metten.com\/wp-content\/uploads\/2016\/03\/Tag-der-offenen-T\u00fcr-I_-e1458677420858-170x115.jpg\" class=\"attachment-thumbnail size-thumbnail\" alt=\"\" \/><\/a>\r\n\t\t\t<\/dt><\/dl>\r\n\t\t\t<br style='clear: both' \/>\r\n\t\t<\/div>\n\n<p>Insgesamt ein au\u00dferordentlich buntes vielseitiges Programm, das deutlich zeigt, dass der Lernort des St.-Michaels-Gymnasiums mit Freude Leben lehrt! Im Kunstunterricht im Dachgeschoss, f\u00fcr dessen Kreativit\u00e4t ein gro\u00dfes Areal zur Verf\u00fcgung steht, entstand ein Baum der W\u00fcnsche und Tr\u00e4ume, der durch zahlreiche Projekte im Deutschunterricht erg\u00e4nzt wird. Quer durch die Klassen w\u00fcnschen sich die Sch\u00fclerinnen und Sch\u00fcler Spa\u00df, Freude, Freunde, Gesundheit und tr\u00e4umen von Reisen, Erfolg, einer intakten Familie, Gl\u00fcck, Liebe und Zusammengeh\u00f6rigkeit.<\/p>\n<p>&nbsp;<\/p>\n","protected":false},"excerpt":{"rendered":"<p>Mit Freude leben lernen &#8211; wie in einem Schloss &#8211; ein stimmungsvoller Tag der offenen T\u00fcr am St.-Michaels-Gymnasium in Metten \u201eKomm schnell, hier gef\u00e4llt`s mir, hier ist es wie in einem Schloss.\u201c Diese Einladung lie\u00df eine Viertkl\u00e4sslerin ihrer Freundin per Handy zukommen und ging dann begeistert zur Vorf\u00fchrung einer Lateinstunde. Mit \u201eSalvete! Seid gegr\u00fc\u00dft!\u201c wurde [&hellip;]<\/p>\n","protected":false},"author":5,"featured_media":0,"parent":11026,"menu_order":151,"comment_status":"closed","ping_status":"closed","template":"","meta":{"footnotes":""},"class_list":["post-9573","page","type-page","status-publish","hentry"],"_links":{"self":[{"href":"https:\/\/www.kloster-metten.com\/index.php?rest_route=\/wp\/v2\/pages\/9573","targetHints":{"allow":["GET"]}}],"collection":[{"href":"https:\/\/www.kloster-metten.com\/index.php?rest_route=\/wp\/v2\/pages"}],"about":[{"href":"https:\/\/www.kloster-metten.com\/index.php?rest_route=\/wp\/v2\/types\/page"}],"author":[{"embeddable":true,"href":"https:\/\/www.kloster-metten.com\/index.php?rest_route=\/wp\/v2\/users\/5"}],"replies":[{"embeddable":true,"href":"https:\/\/www.kloster-metten.com\/index.php?rest_route=%2Fwp%2Fv2%2Fcomments&post=9573"}],"version-history":[{"count":3,"href":"https:\/\/www.kloster-metten.com\/index.php?rest_route=\/wp\/v2\/pages\/9573\/revisions"}],"predecessor-version":[{"id":9576,"href":"https:\/\/www.kloster-metten.com\/index.php?rest_route=\/wp\/v2\/pages\/9573\/revisions\/9576"}],"up":[{"embeddable":true,"href":"https:\/\/www.kloster-metten.com\/index.php?rest_route=\/wp\/v2\/pages\/11026"}],"wp:attachment":[{"href":"https:\/\/www.kloster-metten.com\/index.php?rest_route=%2Fwp%2Fv2%2Fmedia&parent=9573"}],"curies":[{"name":"wp","href":"https:\/\/api.w.org\/{rel}","templated":true}]}}