{"id":9672,"date":"2016-04-10T16:54:00","date_gmt":"2016-04-10T14:54:00","guid":{"rendered":"http:\/\/www.kloster-metten.de\/?page_id=9672"},"modified":"2016-04-10T17:05:47","modified_gmt":"2016-04-10T15:05:47","slug":"dechemax-chemiewettbewerb-zweite-runde","status":"publish","type":"page","link":"https:\/\/www.kloster-metten.com\/?page_id=9672","title":{"rendered":"Dechemax Chemiewettbewerb &#8211; Zweite Runde"},"content":{"rendered":"<a href=\"https:\/\/www.kloster-metten.com\/wp-content\/uploads\/2016\/04\/dx8.jpg\" rel=\"attachment wp-att-9675\"><img loading=\"lazy\" decoding=\"async\" class=\"size-medium wp-image-9675 alignnone\" title=\"dx8\" src=\"https:\/\/www.kloster-metten.com\/wp-content\/uploads\/2016\/04\/dx8-500x281.jpg\" alt=\"dx8\" width=\"500\" height=\"281\" srcset=\"https:\/\/www.kloster-metten.com\/wp-content\/uploads\/2016\/04\/dx8-500x281.jpg 500w, https:\/\/www.kloster-metten.com\/wp-content\/uploads\/2016\/04\/dx8-768x432.jpg 768w, https:\/\/www.kloster-metten.com\/wp-content\/uploads\/2016\/04\/dx8-1024x575.jpg 1024w, https:\/\/www.kloster-metten.com\/wp-content\/uploads\/2016\/04\/dx8.jpg 1162w\" sizes=\"auto, (max-width: 500px) 100vw, 500px\" \/><\/a><h2>Dechemax Chemiewettbewerb &#8211; Zweite Runde<\/h2><p><\/p>\n<p>F\u00fcnf Sch\u00fclerinnen und Sch\u00fcler der 9. Jahrgangsstufe nahmen an dem deutschlandweitem Chemiewettbewerb &#8222;Dechemax&#8220; teil. Nachdem sie die erste Runde, in der es um theoretische Fragen ging, erfolgreich gemeistert hatten, wurden sie zur zweiten Runde zugelassen.<br \/>\nJetzt ging es um anspruchsvolle praktische Arbeiten! Im Chemiesaal fanden sich deshalb am Donnerstag, 07.4.2016 die Teilnehmer Anna Petzendorfer, Anastasia Ackermann, Julia Renner, Moritz Obergru\u00dfberger und Daniel Gruber ein. Zum Thema \u201eKunststoffe \u2013 Nat\u00fcrlich!\u201c stellten die Jugendlichen nach der Dechemax-Anleitung eine s\u00fc\u00dfe Folie mit Zuckerschaum aus Backpulver und Traubenzucker sowie Folie aus Kartoffelst\u00e4rke her. Die Sch\u00fcler hatten dabei viel Spa\u00df beim Erkunden von chemischen Vorg\u00e4ngen und Versuchen und stellten aus den Naturmaterialien perfekte \u201eKunststoffe\u201c her. Nun mussten noch eine Reihe von Fragen beantwortet und eine gute Dokumentation erstellt werden. Jetzt fiebern alle Teilnehmer der Auswertung entgegen und hoffen, einen der Preise zu gewinnen.<br \/>\nUnterst\u00fctzt wurden sie von ihrem Chemielehrer Herr Alfons Winhart und der MINT Beauftragten der Schule Frau Carmen Prinz.<\/p>\n\r\n\t\t<style type='text\/css'>\r\n\t\t\t#gallery-1 {\r\n\t\t\t\tmargin: auto;\r\n\t\t\t}\r\n\t\t\t#gallery-1 .gallery-item {\r\n\t\t\t\tfloat: left;\r\n\t\t\t\tmargin-top: 10px;\r\n\t\t\t\ttext-align: center;\r\n\t\t\t\twidth: 33%;\r\n\t\t\t}\r\n\t\t\t#gallery-1 hr {\r\n\t\t\t\theight: 1px;\r\n\t\t\t}\r\n\t\t\t#gallery-1 .gallery-caption {\r\n\t\t\t\tmargin-left: 0;\r\n\t\t\t}\r\n\t\t\t\/* see gallery_shortcode() in wp-includes\/media.php *\/\r\n\t\t<\/style>\n\t\t<div id='gallery-1' class='gallery galleryid-9672 gallery-columns-3 gallery-size-thumbnail'><hr class='null'><dl class='gallery-item'>\r\n\t\t\t<dt class='gallery-icon landscape'>\r\n\t\t\t\t<a title=\"dx7\"  href='https:\/\/www.kloster-metten.com\/?attachment_id=9676'><img loading=\"lazy\" decoding=\"async\" width=\"170\" height=\"115\" src=\"https:\/\/www.kloster-metten.com\/wp-content\/uploads\/2016\/04\/dx7-170x115.jpg\" class=\"attachment-thumbnail size-thumbnail\" alt=\"\" \/><\/a>\r\n\t\t\t<\/dt><\/dl><dl class='gallery-item'>\r\n\t\t\t<dt class='gallery-icon landscape'>\r\n\t\t\t\t<a title=\"dx6\"  href='https:\/\/www.kloster-metten.com\/?attachment_id=9677'><img loading=\"lazy\" decoding=\"async\" width=\"170\" height=\"115\" src=\"https:\/\/www.kloster-metten.com\/wp-content\/uploads\/2016\/04\/dx6-170x115.jpg\" class=\"attachment-thumbnail size-thumbnail\" alt=\"\" \/><\/a>\r\n\t\t\t<\/dt><\/dl><dl class='gallery-item'>\r\n\t\t\t<dt class='gallery-icon landscape'>\r\n\t\t\t\t<a title=\"dx5\"  href='https:\/\/www.kloster-metten.com\/?attachment_id=9678'><img loading=\"lazy\" decoding=\"async\" width=\"170\" height=\"115\" src=\"https:\/\/www.kloster-metten.com\/wp-content\/uploads\/2016\/04\/dx5-170x115.jpg\" class=\"attachment-thumbnail size-thumbnail\" alt=\"\" \/><\/a>\r\n\t\t\t<\/dt><\/dl><br style=\"clear: both\" \/><dl class='gallery-item'>\r\n\t\t\t<dt class='gallery-icon landscape'>\r\n\t\t\t\t<a title=\"dx4\"  href='https:\/\/www.kloster-metten.com\/?attachment_id=9679'><img loading=\"lazy\" decoding=\"async\" width=\"170\" height=\"115\" src=\"https:\/\/www.kloster-metten.com\/wp-content\/uploads\/2016\/04\/dx4-170x115.jpg\" class=\"attachment-thumbnail size-thumbnail\" alt=\"\" \/><\/a>\r\n\t\t\t<\/dt><\/dl><dl class='gallery-item'>\r\n\t\t\t<dt class='gallery-icon landscape'>\r\n\t\t\t\t<a title=\"dx3\"  href='https:\/\/www.kloster-metten.com\/?attachment_id=9680'><img loading=\"lazy\" decoding=\"async\" width=\"170\" height=\"115\" src=\"https:\/\/www.kloster-metten.com\/wp-content\/uploads\/2016\/04\/dx3-170x115.jpg\" class=\"attachment-thumbnail size-thumbnail\" alt=\"\" \/><\/a>\r\n\t\t\t<\/dt><\/dl><dl class='gallery-item'>\r\n\t\t\t<dt class='gallery-icon landscape'>\r\n\t\t\t\t<a title=\"dx2\"  href='https:\/\/www.kloster-metten.com\/?attachment_id=9681'><img loading=\"lazy\" decoding=\"async\" width=\"170\" height=\"115\" src=\"https:\/\/www.kloster-metten.com\/wp-content\/uploads\/2016\/04\/dx2-170x115.jpg\" class=\"attachment-thumbnail size-thumbnail\" alt=\"\" \/><\/a>\r\n\t\t\t<\/dt><\/dl><br style=\"clear: both\" \/><dl class='gallery-item'>\r\n\t\t\t<dt class='gallery-icon portrait'>\r\n\t\t\t\t<a title=\"dx1\"  href='https:\/\/www.kloster-metten.com\/?attachment_id=9682'><img loading=\"lazy\" decoding=\"async\" width=\"170\" height=\"115\" src=\"https:\/\/www.kloster-metten.com\/wp-content\/uploads\/2016\/04\/dx1-170x115.jpg\" class=\"attachment-thumbnail size-thumbnail\" alt=\"\" \/><\/a>\r\n\t\t\t<\/dt><\/dl>\r\n\t\t\t<br style='clear: both' \/>\r\n\t\t<\/div>\n\n","protected":false},"excerpt":{"rendered":"<p>Dechemax Chemiewettbewerb &#8211; Zweite Runde F\u00fcnf Sch\u00fclerinnen und Sch\u00fcler der 9. Jahrgangsstufe nahmen an dem deutschlandweitem Chemiewettbewerb &#8222;Dechemax&#8220; teil. Nachdem sie die erste Runde, in der es um theoretische Fragen ging, erfolgreich gemeistert hatten, wurden sie zur zweiten Runde zugelassen. Jetzt ging es um anspruchsvolle praktische Arbeiten! Im Chemiesaal fanden sich deshalb am Donnerstag, 07.4.2016 [&hellip;]<\/p>\n","protected":false},"author":5,"featured_media":0,"parent":5394,"menu_order":-18,"comment_status":"closed","ping_status":"closed","template":"","meta":{"footnotes":""},"class_list":["post-9672","page","type-page","status-publish","hentry"],"_links":{"self":[{"href":"https:\/\/www.kloster-metten.com\/index.php?rest_route=\/wp\/v2\/pages\/9672","targetHints":{"allow":["GET"]}}],"collection":[{"href":"https:\/\/www.kloster-metten.com\/index.php?rest_route=\/wp\/v2\/pages"}],"about":[{"href":"https:\/\/www.kloster-metten.com\/index.php?rest_route=\/wp\/v2\/types\/page"}],"author":[{"embeddable":true,"href":"https:\/\/www.kloster-metten.com\/index.php?rest_route=\/wp\/v2\/users\/5"}],"replies":[{"embeddable":true,"href":"https:\/\/www.kloster-metten.com\/index.php?rest_route=%2Fwp%2Fv2%2Fcomments&post=9672"}],"version-history":[{"count":3,"href":"https:\/\/www.kloster-metten.com\/index.php?rest_route=\/wp\/v2\/pages\/9672\/revisions"}],"predecessor-version":[{"id":9683,"href":"https:\/\/www.kloster-metten.com\/index.php?rest_route=\/wp\/v2\/pages\/9672\/revisions\/9683"}],"up":[{"embeddable":true,"href":"https:\/\/www.kloster-metten.com\/index.php?rest_route=\/wp\/v2\/pages\/5394"}],"wp:attachment":[{"href":"https:\/\/www.kloster-metten.com\/index.php?rest_route=%2Fwp%2Fv2%2Fmedia&parent=9672"}],"curies":[{"name":"wp","href":"https:\/\/api.w.org\/{rel}","templated":true}]}}