{"id":9693,"date":"2016-04-27T13:32:32","date_gmt":"2016-04-27T11:32:32","guid":{"rendered":"http:\/\/www.kloster-metten.de\/?page_id=9693"},"modified":"2017-09-17T08:28:54","modified_gmt":"2017-09-17T06:28:54","slug":"11-preistraeger-beim-wettbewerb-kaenguru-der-mathematik-2016","status":"publish","type":"page","link":"https:\/\/www.kloster-metten.com\/?page_id=9693","title":{"rendered":"11 Preistr\u00e4ger beim Wettbewerb \u201eK\u00e4nguru der Mathematik 2016\u201c"},"content":{"rendered":"<a href=\"https:\/\/www.kloster-metten.com\/wp-content\/uploads\/2016\/04\/k\u00e4nguru1.jpg\" rel=\"attachment wp-att-9694\"><img loading=\"lazy\" decoding=\"async\" class=\"size-medium wp-image-9694 alignnone\" title=\"k\u00e4nguru1\" src=\"https:\/\/www.kloster-metten.com\/wp-content\/uploads\/2016\/04\/k\u00e4nguru1-500x276.jpg\" alt=\"k\u00e4nguru1\" width=\"500\" height=\"276\" srcset=\"https:\/\/www.kloster-metten.com\/wp-content\/uploads\/2016\/04\/k\u00e4nguru1-500x276.jpg 500w, https:\/\/www.kloster-metten.com\/wp-content\/uploads\/2016\/04\/k\u00e4nguru1-768x424.jpg 768w, https:\/\/www.kloster-metten.com\/wp-content\/uploads\/2016\/04\/k\u00e4nguru1-1024x566.jpg 1024w, https:\/\/www.kloster-metten.com\/wp-content\/uploads\/2016\/04\/k\u00e4nguru1.jpg 1387w\" sizes=\"auto, (max-width: 500px) 100vw, 500px\" \/><\/a><h2>11 Preistr\u00e4ger beim Wettbewerb \u201eK\u00e4nguru der Mathematik 2016\u201c<\/h2><p><\/p>\n<p>Die Preistr\u00e4ger von links:<\/p>\n<p>Mika Bachmeier 7b, StR. i. K. Ibrom, Andreas Steinb\u00fcgl 5b, Pia Steinkirchner 5b, Marius Kreuzer 5b, Adrian Kaltchev 5b, Moritz Kauer 7b, Thomas Zacher 7b, Gregor Fr\u00fch 10a, Vitus Hofmann 7b, Maximilian Wagner 7c, Julia Alt 6b<\/p>\n<p>Am 17. M\u00e4rz 2016 fand der K\u00e4nguruwettbewerb der Mathematik statt. F\u00fcr das St.-Michaels-Gym\u00adnasium stellten sich 216 Sch\u00fclerinnen und Sch\u00fcler den kniffeligen Denkaufgaben und knobelten 75 Minuten lang hoch konzentriert.<\/p>\n<p>Diesmal gab es insgesamt \u00a011 Preistr\u00e4ger am St.-Michaels-Gymnasium. In den 5. Klassen erzielte Pia Steinkirch\u00adner einen 1. Platz, Adrian Kaltchev und Andreas Steinb\u00fcgl jeweils einen 2. Platz und Marius Kreuzer einen 3. Platz. Bei den 6. Klassen holte Julia Alt einen 2. Platz. In den 7. Klassen gab es sogar drei er\u00adste Pl\u00e4tze: Mika Bachmeier, Thomas Zacher und Maximilian Wagner. Letztgenannter\u00a0 schaffte zudem den sogenannten gr\u00f6\u00dften K\u00e4ngurusprung, er l\u00f6ste die meisten Aufgaben innerhalb der Schule am St\u00fcck richtig. Moritz Kauer und Vitus Hofmann konnten sich jeweils \u00fcber einen 3. Platz freuen. Bei den 10. Klassen erhielt Gregor Fr\u00fch einen 2. Preis.<\/p>\n<p>Allen Preistr\u00e4gern hiermit nochmals herzliche Gl\u00fcckw\u00fcnsche zu ihren hervorragenden Leistungen!<\/p>\n<p>StR. i.K. Benno Ibrom im Namen der Fachschaft Mathematik<\/p>\n<p>&nbsp;<\/p>\n","protected":false},"excerpt":{"rendered":"<p>11 Preistr\u00e4ger beim Wettbewerb \u201eK\u00e4nguru der Mathematik 2016\u201c Die Preistr\u00e4ger von links: Mika Bachmeier 7b, StR. i. K. Ibrom, Andreas Steinb\u00fcgl 5b, Pia Steinkirchner 5b, Marius Kreuzer 5b, Adrian Kaltchev 5b, Moritz Kauer 7b, Thomas Zacher 7b, Gregor Fr\u00fch 10a, Vitus Hofmann 7b, Maximilian Wagner 7c, Julia Alt 6b Am 17. M\u00e4rz 2016 fand der [&hellip;]<\/p>\n","protected":false},"author":5,"featured_media":0,"parent":11026,"menu_order":150,"comment_status":"closed","ping_status":"closed","template":"","meta":{"footnotes":""},"class_list":["post-9693","page","type-page","status-publish","hentry"],"_links":{"self":[{"href":"https:\/\/www.kloster-metten.com\/index.php?rest_route=\/wp\/v2\/pages\/9693","targetHints":{"allow":["GET"]}}],"collection":[{"href":"https:\/\/www.kloster-metten.com\/index.php?rest_route=\/wp\/v2\/pages"}],"about":[{"href":"https:\/\/www.kloster-metten.com\/index.php?rest_route=\/wp\/v2\/types\/page"}],"author":[{"embeddable":true,"href":"https:\/\/www.kloster-metten.com\/index.php?rest_route=\/wp\/v2\/users\/5"}],"replies":[{"embeddable":true,"href":"https:\/\/www.kloster-metten.com\/index.php?rest_route=%2Fwp%2Fv2%2Fcomments&post=9693"}],"version-history":[{"count":1,"href":"https:\/\/www.kloster-metten.com\/index.php?rest_route=\/wp\/v2\/pages\/9693\/revisions"}],"predecessor-version":[{"id":9695,"href":"https:\/\/www.kloster-metten.com\/index.php?rest_route=\/wp\/v2\/pages\/9693\/revisions\/9695"}],"up":[{"embeddable":true,"href":"https:\/\/www.kloster-metten.com\/index.php?rest_route=\/wp\/v2\/pages\/11026"}],"wp:attachment":[{"href":"https:\/\/www.kloster-metten.com\/index.php?rest_route=%2Fwp%2Fv2%2Fmedia&parent=9693"}],"curies":[{"name":"wp","href":"https:\/\/api.w.org\/{rel}","templated":true}]}}