{"id":9727,"date":"2016-05-16T08:18:59","date_gmt":"2016-05-16T06:18:59","guid":{"rendered":"http:\/\/www.kloster-metten.de\/?page_id=9727"},"modified":"2017-09-17T08:28:28","modified_gmt":"2017-09-17T06:28:28","slug":"haus-und-strassensammlung-fuer-den-lbv-2016-und-urkunden-fuer-teilnahme-an-experimente-antworten","status":"publish","type":"page","link":"https:\/\/www.kloster-metten.com\/?page_id=9727","title":{"rendered":"Haus- und Stra\u00dfensammlung f\u00fcr den LBV 2016 und Urkunden f\u00fcr Teilnahme an \u201eExperimente antworten\u201c"},"content":{"rendered":"<a href=\"https:\/\/www.kloster-metten.com\/wp-content\/uploads\/2016\/05\/SAM_4193_.jpg\" rel=\"attachment wp-att-9728\"><img loading=\"lazy\" decoding=\"async\" class=\"alignleft size-medium wp-image-9728\" title=\"LBV\" src=\"https:\/\/www.kloster-metten.com\/wp-content\/uploads\/2016\/05\/SAM_4193_-500x375.jpg\" alt=\"LBV\" width=\"500\" height=\"375\" srcset=\"https:\/\/www.kloster-metten.com\/wp-content\/uploads\/2016\/05\/SAM_4193_-500x375.jpg 500w, https:\/\/www.kloster-metten.com\/wp-content\/uploads\/2016\/05\/SAM_4193_-768x576.jpg 768w, https:\/\/www.kloster-metten.com\/wp-content\/uploads\/2016\/05\/SAM_4193_-1024x768.jpg 1024w, https:\/\/www.kloster-metten.com\/wp-content\/uploads\/2016\/05\/SAM_4193_.jpg 1094w\" sizes=\"auto, (max-width: 500px) 100vw, 500px\" \/><\/a><h2>Haus- und Stra\u00dfensammlung f\u00fcr den LBV 2016 und Urkunden f\u00fcr Teilnahme an \u201eExperimente antworten\u201c<\/h2><p><\/p>\n<p class=\"wp-caption-dd\">Auch in diesem Jahr haben wieder zahlreiche Sch\u00fclerinnen und Sch\u00fcler des St.-Michael-Gymnasiums Metten f\u00fcr den Landesbund f\u00fcr Vogelschutz flei\u00dfig gesammelt. So konnte das stolze Ergebnis von 1063,- Euro f\u00fcr neue Artenschutzprojekte an den Verband \u00fcberwiesen werden. Als Dankesch\u00f6n erhielten die Sammlerinnen und Sammler einen funktionellen Outdoor-Geldbeutel, f\u00fcr die besonders flei\u00dfigen Sammler gab es zus\u00e4tzlich ein Buchgeschenk. Die Organisatorin Carmen Prinz \u00fcbergab die Preise.<\/p>\n<p>Das St.-Michaels-Gymnasium wurde dieses Jahr bei der Jahreshauptversammlung des LBV au\u00dferdem f\u00fcr 10-J\u00e4hrige Mitgliedschaft geehrt. Die Urkunde nahm Frau Carmen Prinz, in Vertretung der Schule entgegen. Die Kooperation mit dem Verband ist besonders f\u00fcr die 6.-Kl\u00e4ssler interessant, denn jedes Jahr nehmen sie an der Isarm\u00fcndung an tollen Naturveranstaltungen wie z.B. Geocaching oder Untersuchungen von Wasserlebewesen teil.<\/p>\n<p>Eine weitere Ehrung wurde den Sch\u00fclerinnen Iloka Nerf und Hellen Kelling zuteil. Sie haben an der zweiten Runde des Wettbewerbs \u201eExperimente antworten\u201c teilgenommen und wollen nun auch noch die dritte Runde bearbeiten. Dar\u00fcber freuten sich der Schulleiter Pater Erhard Hinrainer und die Biologielehrerin Carmen Prinz.<\/p>\n","protected":false},"excerpt":{"rendered":"<p>Haus- und Stra\u00dfensammlung f\u00fcr den LBV 2016 und Urkunden f\u00fcr Teilnahme an \u201eExperimente antworten\u201c Auch in diesem Jahr haben wieder zahlreiche Sch\u00fclerinnen und Sch\u00fcler des St.-Michael-Gymnasiums Metten f\u00fcr den Landesbund f\u00fcr Vogelschutz flei\u00dfig gesammelt. So konnte das stolze Ergebnis von 1063,- Euro f\u00fcr neue Artenschutzprojekte an den Verband \u00fcberwiesen werden. Als Dankesch\u00f6n erhielten die Sammlerinnen [&hellip;]<\/p>\n","protected":false},"author":5,"featured_media":0,"parent":11026,"menu_order":149,"comment_status":"closed","ping_status":"closed","template":"","meta":{"footnotes":""},"class_list":["post-9727","page","type-page","status-publish","hentry"],"_links":{"self":[{"href":"https:\/\/www.kloster-metten.com\/index.php?rest_route=\/wp\/v2\/pages\/9727","targetHints":{"allow":["GET"]}}],"collection":[{"href":"https:\/\/www.kloster-metten.com\/index.php?rest_route=\/wp\/v2\/pages"}],"about":[{"href":"https:\/\/www.kloster-metten.com\/index.php?rest_route=\/wp\/v2\/types\/page"}],"author":[{"embeddable":true,"href":"https:\/\/www.kloster-metten.com\/index.php?rest_route=\/wp\/v2\/users\/5"}],"replies":[{"embeddable":true,"href":"https:\/\/www.kloster-metten.com\/index.php?rest_route=%2Fwp%2Fv2%2Fcomments&post=9727"}],"version-history":[{"count":5,"href":"https:\/\/www.kloster-metten.com\/index.php?rest_route=\/wp\/v2\/pages\/9727\/revisions"}],"predecessor-version":[{"id":9734,"href":"https:\/\/www.kloster-metten.com\/index.php?rest_route=\/wp\/v2\/pages\/9727\/revisions\/9734"}],"up":[{"embeddable":true,"href":"https:\/\/www.kloster-metten.com\/index.php?rest_route=\/wp\/v2\/pages\/11026"}],"wp:attachment":[{"href":"https:\/\/www.kloster-metten.com\/index.php?rest_route=%2Fwp%2Fv2%2Fmedia&parent=9727"}],"curies":[{"name":"wp","href":"https:\/\/api.w.org\/{rel}","templated":true}]}}