{"id":9915,"date":"2016-06-04T09:14:18","date_gmt":"2016-06-04T07:14:18","guid":{"rendered":"http:\/\/www.kloster-metten.de\/?page_id=9915"},"modified":"2017-09-17T08:27:14","modified_gmt":"2017-09-17T06:27:14","slug":"jugend-unter-druck-suchtpraevention-am-st-michaels-gymnasium","status":"publish","type":"page","link":"https:\/\/www.kloster-metten.com\/?page_id=9915","title":{"rendered":"Jugend unter Druck \u2013 Suchtpr\u00e4vention am St.-Michaels-Gymnasium"},"content":{"rendered":"<a href=\"https:\/\/www.kloster-metten.com\/wp-content\/uploads\/2016\/06\/Gespr\u00e4chsrunde1_.jpg\" rel=\"attachment wp-att-9917\"><img loading=\"lazy\" decoding=\"async\" class=\"size-medium wp-image-9917 alignnone\" title=\"Gespr\u00e4chsrunde1_\" src=\"https:\/\/www.kloster-metten.com\/wp-content\/uploads\/2016\/06\/Gespr\u00e4chsrunde1_-500x375.jpg\" alt=\"Gespr\u00e4chsrunde1_\" width=\"500\" height=\"375\" srcset=\"https:\/\/www.kloster-metten.com\/wp-content\/uploads\/2016\/06\/Gespr\u00e4chsrunde1_-500x375.jpg 500w, https:\/\/www.kloster-metten.com\/wp-content\/uploads\/2016\/06\/Gespr\u00e4chsrunde1_-768x576.jpg 768w, https:\/\/www.kloster-metten.com\/wp-content\/uploads\/2016\/06\/Gespr\u00e4chsrunde1_-1024x768.jpg 1024w, https:\/\/www.kloster-metten.com\/wp-content\/uploads\/2016\/06\/Gespr\u00e4chsrunde1_.jpg 1200w\" sizes=\"auto, (max-width: 500px) 100vw, 500px\" \/><\/a><h2>Jugend unter Druck \u2013 Suchtpr\u00e4vention am St.-Michaels-Gymnasium<\/h2><p><\/p>\n<p>Noch nie standen Jugendliche so sehr im Spannungsfeld von Leistungsanforderungen, Erwartungen und Zukunfts\u00e4ngsten wie in der Gegenwart. Daher w\u00e4hlte Frau Kraus, die Leiterin der Suchtberatungsstelle des Landratsamts Deggendorf den Titel \u201eJugend unter Druck\u201c f\u00fcr ihren Vortrag, den sie am St.-Michaels-Gymnasium Metten f\u00fcr die Eltern der Siebtkl\u00e4ssler hielt. Auch habe es nie zuvor eine so angepasste und leistungsorientierte Generation von Jugendlichen gegeben wie die heutige. Diese Situation stelle die Jugendlichen vor enorme Probleme, die auch Ursache f\u00fcr den Konsum von Suchtmitteln werden k\u00f6nnten. Um den Eltern den n\u00f6tigen Vorsprung an Wissen f\u00fcr sachliche und verst\u00e4ndnisvolle Gespr\u00e4che \u00fcber Suchtmittel zu verschaffen, informierte Frau Kraus \u00fcber das Trinkverhalten von Jugendlichen, aber auch \u00fcber Drogen, wie z.B. die synthetische Droge Crystal, und sogenannte \u201eLegal Highs\u201c. Dies sind Rauschmittel, die oft als Badesalz oder Kr\u00e4utermischung angeboten werden. Problematisch sei der Konsum von Suchtmitteln vor allem dann, wenn er den Jugendlichen helfe, Probleme oder Kummer zu vergessen. Hier sei die Gefahr einer Abh\u00e4ngigkeit besonders gro\u00df.<\/p>\n<p>F\u00fcr die Eltern sei es in erster Linie wichtig, immer ein offenes Ohr f\u00fcr ihre Kinder zu haben, Verst\u00e4ndis und Gelassenheit zu zeigen, aber auch selbst als Vorbild zu fungieren und den Jugendlichen klare Grenzen zu setzen.<\/p>\n<p>F\u00fcr die Sch\u00fclerinnen und Sch\u00fcler der siebten Klassen fand am selben Tag ein Workshop zu den Risiken von Alkohol und Nikotin statt, bei dem die Jugendlichen an verschiedenen Stationen Informationen bekamen, aber auch mit sogenannten \u201ePromillebrillen\u201c die Wirkung von Alkohol auf das Sehverm\u00f6gen nachempfinden konnten. In Gespr\u00e4chsrunden wurden verschiedene Situationen nachgestellt und \u00fcberlegt, wie kritische Situationen vermieden werden k\u00f6nnten.<\/p>\n\r\n\t\t<style type='text\/css'>\r\n\t\t\t#gallery-1 {\r\n\t\t\t\tmargin: auto;\r\n\t\t\t}\r\n\t\t\t#gallery-1 .gallery-item {\r\n\t\t\t\tfloat: left;\r\n\t\t\t\tmargin-top: 10px;\r\n\t\t\t\ttext-align: center;\r\n\t\t\t\twidth: 33%;\r\n\t\t\t}\r\n\t\t\t#gallery-1 hr {\r\n\t\t\t\theight: 1px;\r\n\t\t\t}\r\n\t\t\t#gallery-1 .gallery-caption {\r\n\t\t\t\tmargin-left: 0;\r\n\t\t\t}\r\n\t\t\t\/* see gallery_shortcode() in wp-includes\/media.php *\/\r\n\t\t<\/style>\n\t\t<div id='gallery-1' class='gallery galleryid-9915 gallery-columns-3 gallery-size-thumbnail'><hr class='null'><dl class='gallery-item'>\r\n\t\t\t<dt class='gallery-icon portrait'>\r\n\t\t\t\t<a title=\"Frau Kraus und Schulleiter P. Erhard_\"  href='https:\/\/www.kloster-metten.com\/?attachment_id=9919'><img loading=\"lazy\" decoding=\"async\" width=\"170\" height=\"115\" src=\"https:\/\/www.kloster-metten.com\/wp-content\/uploads\/2016\/06\/Frau-Kraus-und-Schulleiter-P.-Erhard_-170x115.jpg\" class=\"attachment-thumbnail size-thumbnail\" alt=\"\" \/><\/a>\r\n\t\t\t<\/dt><\/dl><dl class='gallery-item'>\r\n\t\t\t<dt class='gallery-icon landscape'>\r\n\t\t\t\t<a title=\"Gespr\u00e4chsrunde2_\"  href='https:\/\/www.kloster-metten.com\/?attachment_id=9920'><img loading=\"lazy\" decoding=\"async\" width=\"170\" height=\"115\" src=\"https:\/\/www.kloster-metten.com\/wp-content\/uploads\/2016\/06\/Gespr\u00e4chsrunde2_-170x115.jpg\" class=\"attachment-thumbnail size-thumbnail\" alt=\"\" \/><\/a>\r\n\t\t\t<\/dt><\/dl><dl class='gallery-item'>\r\n\t\t\t<dt class='gallery-icon portrait'>\r\n\t\t\t\t<a title=\"Promillebrille1_\"  href='https:\/\/www.kloster-metten.com\/?attachment_id=9921'><img loading=\"lazy\" decoding=\"async\" width=\"170\" height=\"115\" src=\"https:\/\/www.kloster-metten.com\/wp-content\/uploads\/2016\/06\/Promillebrille1_-170x115.jpg\" class=\"attachment-thumbnail size-thumbnail\" alt=\"\" \/><\/a>\r\n\t\t\t<\/dt><\/dl><br style=\"clear: both\" \/><dl class='gallery-item'>\r\n\t\t\t<dt class='gallery-icon landscape'>\r\n\t\t\t\t<a title=\"Umfrage_\"  href='https:\/\/www.kloster-metten.com\/?attachment_id=9922'><img loading=\"lazy\" decoding=\"async\" width=\"170\" height=\"115\" src=\"https:\/\/www.kloster-metten.com\/wp-content\/uploads\/2016\/06\/Umfrage_-170x115.jpg\" class=\"attachment-thumbnail size-thumbnail\" alt=\"\" \/><\/a>\r\n\t\t\t<\/dt><\/dl><dl class='gallery-item'>\r\n\t\t\t<dt class='gallery-icon landscape'>\r\n\t\t\t\t<a title=\"Promillebrille2_\"  href='https:\/\/www.kloster-metten.com\/?attachment_id=9923'><img loading=\"lazy\" decoding=\"async\" width=\"170\" height=\"115\" src=\"https:\/\/www.kloster-metten.com\/wp-content\/uploads\/2016\/06\/Promillebrille2_-170x115.jpg\" class=\"attachment-thumbnail size-thumbnail\" alt=\"\" \/><\/a>\r\n\t\t\t<\/dt><\/dl>\r\n\t\t\t<br style='clear: both' \/>\r\n\t\t<\/div>\n\n","protected":false},"excerpt":{"rendered":"<p>Jugend unter Druck \u2013 Suchtpr\u00e4vention am St.-Michaels-Gymnasium Noch nie standen Jugendliche so sehr im Spannungsfeld von Leistungsanforderungen, Erwartungen und Zukunfts\u00e4ngsten wie in der Gegenwart. Daher w\u00e4hlte Frau Kraus, die Leiterin der Suchtberatungsstelle des Landratsamts Deggendorf den Titel \u201eJugend unter Druck\u201c f\u00fcr ihren Vortrag, den sie am St.-Michaels-Gymnasium Metten f\u00fcr die Eltern der Siebtkl\u00e4ssler hielt. Auch [&hellip;]<\/p>\n","protected":false},"author":5,"featured_media":0,"parent":11026,"menu_order":146,"comment_status":"closed","ping_status":"closed","template":"","meta":{"footnotes":""},"class_list":["post-9915","page","type-page","status-publish","hentry"],"_links":{"self":[{"href":"https:\/\/www.kloster-metten.com\/index.php?rest_route=\/wp\/v2\/pages\/9915","targetHints":{"allow":["GET"]}}],"collection":[{"href":"https:\/\/www.kloster-metten.com\/index.php?rest_route=\/wp\/v2\/pages"}],"about":[{"href":"https:\/\/www.kloster-metten.com\/index.php?rest_route=\/wp\/v2\/types\/page"}],"author":[{"embeddable":true,"href":"https:\/\/www.kloster-metten.com\/index.php?rest_route=\/wp\/v2\/users\/5"}],"replies":[{"embeddable":true,"href":"https:\/\/www.kloster-metten.com\/index.php?rest_route=%2Fwp%2Fv2%2Fcomments&post=9915"}],"version-history":[{"count":3,"href":"https:\/\/www.kloster-metten.com\/index.php?rest_route=\/wp\/v2\/pages\/9915\/revisions"}],"predecessor-version":[{"id":9924,"href":"https:\/\/www.kloster-metten.com\/index.php?rest_route=\/wp\/v2\/pages\/9915\/revisions\/9924"}],"up":[{"embeddable":true,"href":"https:\/\/www.kloster-metten.com\/index.php?rest_route=\/wp\/v2\/pages\/11026"}],"wp:attachment":[{"href":"https:\/\/www.kloster-metten.com\/index.php?rest_route=%2Fwp%2Fv2%2Fmedia&parent=9915"}],"curies":[{"name":"wp","href":"https:\/\/api.w.org\/{rel}","templated":true}]}}