{"id":9927,"date":"2016-06-20T20:44:55","date_gmt":"2016-06-20T18:44:55","guid":{"rendered":"http:\/\/www.kloster-metten.de\/?page_id=9927"},"modified":"2017-09-17T08:27:40","modified_gmt":"2017-09-17T06:27:40","slug":"kalliopefahrt-ins-elsass","status":"publish","type":"page","link":"https:\/\/www.kloster-metten.com\/?page_id=9927","title":{"rendered":"Kalliopefahrt ins Elsass"},"content":{"rendered":"<a href=\"https:\/\/www.kloster-metten.com\/wp-content\/uploads\/2016\/06\/Standkonzert-in-M\u00fchlhausen_.jpg\" rel=\"attachment wp-att-9928\"><img loading=\"lazy\" decoding=\"async\" class=\"alignnone size-medium wp-image-9928\" title=\"Standkonzert in M\u00fchlhausen_\" src=\"https:\/\/www.kloster-metten.com\/wp-content\/uploads\/2016\/06\/Standkonzert-in-M\u00fchlhausen_-500x334.jpg\" alt=\"Standkonzert in M\u00fchlhausen_\" width=\"500\" height=\"334\" srcset=\"https:\/\/www.kloster-metten.com\/wp-content\/uploads\/2016\/06\/Standkonzert-in-M\u00fchlhausen_-500x334.jpg 500w, https:\/\/www.kloster-metten.com\/wp-content\/uploads\/2016\/06\/Standkonzert-in-M\u00fchlhausen_-170x115.jpg 170w, https:\/\/www.kloster-metten.com\/wp-content\/uploads\/2016\/06\/Standkonzert-in-M\u00fchlhausen_-768x512.jpg 768w, https:\/\/www.kloster-metten.com\/wp-content\/uploads\/2016\/06\/Standkonzert-in-M\u00fchlhausen_-1024x683.jpg 1024w, https:\/\/www.kloster-metten.com\/wp-content\/uploads\/2016\/06\/Standkonzert-in-M\u00fchlhausen_.jpg 1382w\" sizes=\"auto, (max-width: 500px) 100vw, 500px\" \/><\/a><h2>Kalliopefahrt ins Elsass<\/h2><p><\/p>\n<p>Die diesj\u00e4hrige Fahrt der Kalliope f\u00fchrte vom 13. bis 16. Mai ins Elsa\u00df. Die aktiven und einige ehemalige Mitglieder besuchten die St\u00e4dte Colmar, M\u00fchlhausen und Stra\u00dfburg. Au\u00dferdem standen das Freilichtmuseum in Ungersheim, das \u201esch\u00f6nste Dorf Frankreichs\u201f Riquewihr und das Zentrum des franz\u00f6sischen Humanismus, S\u00e9lestat, auf dem Programm.<\/p>\n\r\n\t\t<style type='text\/css'>\r\n\t\t\t#gallery-1 {\r\n\t\t\t\tmargin: auto;\r\n\t\t\t}\r\n\t\t\t#gallery-1 .gallery-item {\r\n\t\t\t\tfloat: left;\r\n\t\t\t\tmargin-top: 10px;\r\n\t\t\t\ttext-align: center;\r\n\t\t\t\twidth: 33%;\r\n\t\t\t}\r\n\t\t\t#gallery-1 hr {\r\n\t\t\t\theight: 1px;\r\n\t\t\t}\r\n\t\t\t#gallery-1 .gallery-caption {\r\n\t\t\t\tmargin-left: 0;\r\n\t\t\t}\r\n\t\t\t\/* see gallery_shortcode() in wp-includes\/media.php *\/\r\n\t\t<\/style>\n\t\t<div id='gallery-1' class='gallery galleryid-9927 gallery-columns-3 gallery-size-thumbnail'><hr class='null'><dl class='gallery-item'>\r\n\t\t\t<dt class='gallery-icon landscape'>\r\n\t\t\t\t<a title=\"Standkonzert in Colmar_\"  href='https:\/\/www.kloster-metten.com\/?attachment_id=9929'><img loading=\"lazy\" decoding=\"async\" width=\"170\" height=\"115\" src=\"https:\/\/www.kloster-metten.com\/wp-content\/uploads\/2016\/06\/Standkonzert-in-Colmar_-170x115.jpg\" class=\"attachment-thumbnail size-thumbnail\" alt=\"\" srcset=\"https:\/\/www.kloster-metten.com\/wp-content\/uploads\/2016\/06\/Standkonzert-in-Colmar_-170x115.jpg 170w, https:\/\/www.kloster-metten.com\/wp-content\/uploads\/2016\/06\/Standkonzert-in-Colmar_-500x334.jpg 500w\" sizes=\"auto, (max-width: 170px) 100vw, 170px\" \/><\/a>\r\n\t\t\t<\/dt><\/dl><dl class='gallery-item'>\r\n\t\t\t<dt class='gallery-icon landscape'>\r\n\t\t\t\t<a title=\"Gruppenfoto in S\u00e9lestat_\"  href='https:\/\/www.kloster-metten.com\/?attachment_id=9930'><img loading=\"lazy\" decoding=\"async\" width=\"170\" height=\"115\" src=\"https:\/\/www.kloster-metten.com\/wp-content\/uploads\/2016\/06\/Gruppenfoto-in-S\u00e9lestat_-170x115.jpg\" class=\"attachment-thumbnail size-thumbnail\" alt=\"\" srcset=\"https:\/\/www.kloster-metten.com\/wp-content\/uploads\/2016\/06\/Gruppenfoto-in-S\u00e9lestat_-170x115.jpg 170w, https:\/\/www.kloster-metten.com\/wp-content\/uploads\/2016\/06\/Gruppenfoto-in-S\u00e9lestat_-500x334.jpg 500w\" sizes=\"auto, (max-width: 170px) 100vw, 170px\" \/><\/a>\r\n\t\t\t<\/dt><\/dl>\r\n\t\t\t<br style='clear: both' \/>\r\n\t\t<\/div>\n\n","protected":false},"excerpt":{"rendered":"<p>Kalliopefahrt ins Elsass Die diesj\u00e4hrige Fahrt der Kalliope f\u00fchrte vom 13. bis 16. Mai ins Elsa\u00df. Die aktiven und einige ehemalige Mitglieder besuchten die St\u00e4dte Colmar, M\u00fchlhausen und Stra\u00dfburg. Au\u00dferdem standen das Freilichtmuseum in Ungersheim, das \u201esch\u00f6nste Dorf Frankreichs\u201f Riquewihr und das Zentrum des franz\u00f6sischen Humanismus, S\u00e9lestat, auf dem Programm.<\/p>\n","protected":false},"author":5,"featured_media":0,"parent":11026,"menu_order":147,"comment_status":"closed","ping_status":"closed","template":"","meta":{"footnotes":""},"class_list":["post-9927","page","type-page","status-publish","hentry"],"_links":{"self":[{"href":"https:\/\/www.kloster-metten.com\/index.php?rest_route=\/wp\/v2\/pages\/9927","targetHints":{"allow":["GET"]}}],"collection":[{"href":"https:\/\/www.kloster-metten.com\/index.php?rest_route=\/wp\/v2\/pages"}],"about":[{"href":"https:\/\/www.kloster-metten.com\/index.php?rest_route=\/wp\/v2\/types\/page"}],"author":[{"embeddable":true,"href":"https:\/\/www.kloster-metten.com\/index.php?rest_route=\/wp\/v2\/users\/5"}],"replies":[{"embeddable":true,"href":"https:\/\/www.kloster-metten.com\/index.php?rest_route=%2Fwp%2Fv2%2Fcomments&post=9927"}],"version-history":[{"count":1,"href":"https:\/\/www.kloster-metten.com\/index.php?rest_route=\/wp\/v2\/pages\/9927\/revisions"}],"predecessor-version":[{"id":9931,"href":"https:\/\/www.kloster-metten.com\/index.php?rest_route=\/wp\/v2\/pages\/9927\/revisions\/9931"}],"up":[{"embeddable":true,"href":"https:\/\/www.kloster-metten.com\/index.php?rest_route=\/wp\/v2\/pages\/11026"}],"wp:attachment":[{"href":"https:\/\/www.kloster-metten.com\/index.php?rest_route=%2Fwp%2Fv2%2Fmedia&parent=9927"}],"curies":[{"name":"wp","href":"https:\/\/api.w.org\/{rel}","templated":true}]}}