{"id":9932,"date":"2016-06-20T20:50:06","date_gmt":"2016-06-20T18:50:06","guid":{"rendered":"http:\/\/www.kloster-metten.de\/?page_id=9932"},"modified":"2017-09-17T08:28:03","modified_gmt":"2017-09-17T06:28:03","slug":"indien-auf-zeit","status":"publish","type":"page","link":"https:\/\/www.kloster-metten.com\/?page_id=9932","title":{"rendered":"Indien auf Zeit"},"content":{"rendered":"<a href=\"https:\/\/www.kloster-metten.com\/wp-content\/uploads\/2016\/06\/IMG-20160518-WA0000.jpg\" rel=\"attachment wp-att-9933\"><img loading=\"lazy\" decoding=\"async\" class=\"alignnone size-medium wp-image-9933\" title=\"IMG-20160518-WA0000\" src=\"https:\/\/www.kloster-metten.com\/wp-content\/uploads\/2016\/06\/IMG-20160518-WA0000-373x500.jpg\" alt=\"IMG-20160518-WA0000\" width=\"373\" height=\"500\" srcset=\"https:\/\/www.kloster-metten.com\/wp-content\/uploads\/2016\/06\/IMG-20160518-WA0000-373x500.jpg 373w, https:\/\/www.kloster-metten.com\/wp-content\/uploads\/2016\/06\/IMG-20160518-WA0000-768x1028.jpg 768w, https:\/\/www.kloster-metten.com\/wp-content\/uploads\/2016\/06\/IMG-20160518-WA0000-765x1024.jpg 765w, https:\/\/www.kloster-metten.com\/wp-content\/uploads\/2016\/06\/IMG-20160518-WA0000.jpg 1195w\" sizes=\"auto, (max-width: 373px) 100vw, 373px\" \/><\/a><h2>Indien auf Zeit<\/h2><p><\/p>\n<p>15 Sch\u00fclerinnen und Sch\u00fcler des St.-Michael-Gymnasiums in Metten empfingen im Rahmen des allj\u00e4hrlichen Austauschprogramms mit dem Christ Junior College in Bangalore ihre indischen Partner.<\/p>\n<p>Gespannt und mit weit ge\u00f6ffneten Augen standen sie am M\u00fcnchner Franz-Josef-Strau\u00df Flughafen. Erwartungsvoll und gleichzeitig etwas verloren schweifte ihr Blick durch die Ankunftshalle. Wo war ein bekanntes Gesicht? Eine vertraute Person? Schnell l\u00f6ste sich die Spannung, als die Gruppe von 15 Sch\u00fclerinnen und Sch\u00fclern sowie zwei begleitenden Lehrkr\u00e4ften ihre deutschen Austauschpartner erblickten, bei deren Familien sie die n\u00e4chsten 14 Tage verbringen sollten.<\/p>\n<p>Neben dem Alltag in den Gastfamilien, der nicht nur f\u00fcr den ein oder anderen Inder mit der deutschen P\u00fcnktlichkeit eine Herausforderung darstellte, sondern auch die gestandene bayrische Hausfrau mit einem veganen Speiseplan konfrontierte, lernten die asiatischen Sch\u00fclerinnen und Sch\u00fcler Bayern von seiner kulturellen, \u00f6konomischen und landwirtschaftlichen Seite kennen. So standen unter anderem Ausfl\u00fcge in die St\u00e4dte M\u00fcnchen und Regensburg, auf die Zugspitze und nach Neuschwanstein, ein Besuch beim BMW-Werk in Dingolfing und die Besichtigung eines Bio-Bauernhofs auf dem Programm.<\/p>\n<p>Besonderen Eindruck hinterlie\u00df bei den indischen G\u00e4sten jedoch die nat\u00fcrliche Sch\u00f6nheit des bayrischen Waldes, die saubere Luft und das satte Gr\u00fcn des Fr\u00fchlings. Nichts desto trotz war der H\u00f6hepunkt wohl der Besuch des Fr\u00fchlingsfestes in Deggendorf, dem \u201elittle Oktoberfest\u201c, bei dem den indischen Sch\u00fclerinnen und Sch\u00fclern das Herz aufging, da sie endlich alle \u201edeutschen\u201c Traditionen von der Blasmusik \u00fcbers Dirndl bis zum Ma\u00dfkrug live miterleben konnten.<\/p>\n<p>All die gemeinsam verbrachte Zeit, die gemeinsamen Erlebnisse, die neu entstandenen Freundschaften konnten jedoch nicht dar\u00fcber hinweg t\u00e4uschen, dass dieser kulturelle Austausch nur auf Zeit stattfinden sollte. Und so sagten sich deutsche wie indische Sch\u00fcler mit Tr\u00e4nen in den Augen 14 Tage sp\u00e4ter auf Wiedersehen. Denn als kleiner Hoffnungsschimmer blieb den Sch\u00fclerinnen und Sch\u00fclern, ihren Partner im Herbst in Bangalore wieder in die Arme schlie\u00dfen zu k\u00f6nnen.<\/p>\n\r\n\t\t<style type='text\/css'>\r\n\t\t\t#gallery-1 {\r\n\t\t\t\tmargin: auto;\r\n\t\t\t}\r\n\t\t\t#gallery-1 .gallery-item {\r\n\t\t\t\tfloat: left;\r\n\t\t\t\tmargin-top: 10px;\r\n\t\t\t\ttext-align: center;\r\n\t\t\t\twidth: 33%;\r\n\t\t\t}\r\n\t\t\t#gallery-1 hr {\r\n\t\t\t\theight: 1px;\r\n\t\t\t}\r\n\t\t\t#gallery-1 .gallery-caption {\r\n\t\t\t\tmargin-left: 0;\r\n\t\t\t}\r\n\t\t\t\/* see gallery_shortcode() in wp-includes\/media.php *\/\r\n\t\t<\/style>\n\t\t<div id='gallery-1' class='gallery galleryid-9932 gallery-columns-3 gallery-size-thumbnail'><hr class='null'><dl class='gallery-item'>\r\n\t\t\t<dt class='gallery-icon landscape'>\r\n\t\t\t\t<a title=\"IMG-20160518-WA0001\"  href='https:\/\/www.kloster-metten.com\/?attachment_id=9934'><img loading=\"lazy\" decoding=\"async\" width=\"170\" height=\"115\" src=\"https:\/\/www.kloster-metten.com\/wp-content\/uploads\/2016\/06\/IMG-20160518-WA0001-170x115.jpg\" class=\"attachment-thumbnail size-thumbnail\" alt=\"\" \/><\/a>\r\n\t\t\t<\/dt><\/dl><dl class='gallery-item'>\r\n\t\t\t<dt class='gallery-icon landscape'>\r\n\t\t\t\t<a title=\"IMG-20160518-WA0002\"  href='https:\/\/www.kloster-metten.com\/?attachment_id=9935'><img loading=\"lazy\" decoding=\"async\" width=\"170\" height=\"115\" src=\"https:\/\/www.kloster-metten.com\/wp-content\/uploads\/2016\/06\/IMG-20160518-WA0002-170x115.jpg\" class=\"attachment-thumbnail size-thumbnail\" alt=\"\" \/><\/a>\r\n\t\t\t<\/dt><\/dl>\r\n\t\t\t<br style='clear: both' \/>\r\n\t\t<\/div>\n\n","protected":false},"excerpt":{"rendered":"<p>Indien auf Zeit 15 Sch\u00fclerinnen und Sch\u00fcler des St.-Michael-Gymnasiums in Metten empfingen im Rahmen des allj\u00e4hrlichen Austauschprogramms mit dem Christ Junior College in Bangalore ihre indischen Partner. Gespannt und mit weit ge\u00f6ffneten Augen standen sie am M\u00fcnchner Franz-Josef-Strau\u00df Flughafen. Erwartungsvoll und gleichzeitig etwas verloren schweifte ihr Blick durch die Ankunftshalle. Wo war ein bekanntes Gesicht? [&hellip;]<\/p>\n","protected":false},"author":5,"featured_media":0,"parent":11026,"menu_order":148,"comment_status":"closed","ping_status":"closed","template":"","meta":{"footnotes":""},"class_list":["post-9932","page","type-page","status-publish","hentry"],"_links":{"self":[{"href":"https:\/\/www.kloster-metten.com\/index.php?rest_route=\/wp\/v2\/pages\/9932","targetHints":{"allow":["GET"]}}],"collection":[{"href":"https:\/\/www.kloster-metten.com\/index.php?rest_route=\/wp\/v2\/pages"}],"about":[{"href":"https:\/\/www.kloster-metten.com\/index.php?rest_route=\/wp\/v2\/types\/page"}],"author":[{"embeddable":true,"href":"https:\/\/www.kloster-metten.com\/index.php?rest_route=\/wp\/v2\/users\/5"}],"replies":[{"embeddable":true,"href":"https:\/\/www.kloster-metten.com\/index.php?rest_route=%2Fwp%2Fv2%2Fcomments&post=9932"}],"version-history":[{"count":1,"href":"https:\/\/www.kloster-metten.com\/index.php?rest_route=\/wp\/v2\/pages\/9932\/revisions"}],"predecessor-version":[{"id":9936,"href":"https:\/\/www.kloster-metten.com\/index.php?rest_route=\/wp\/v2\/pages\/9932\/revisions\/9936"}],"up":[{"embeddable":true,"href":"https:\/\/www.kloster-metten.com\/index.php?rest_route=\/wp\/v2\/pages\/11026"}],"wp:attachment":[{"href":"https:\/\/www.kloster-metten.com\/index.php?rest_route=%2Fwp%2Fv2%2Fmedia&parent=9932"}],"curies":[{"name":"wp","href":"https:\/\/api.w.org\/{rel}","templated":true}]}}