{"id":9992,"date":"2016-07-05T00:14:27","date_gmt":"2016-07-04T22:14:27","guid":{"rendered":"http:\/\/www.kloster-metten.de\/?page_id=9992"},"modified":"2017-09-17T08:26:51","modified_gmt":"2017-09-17T06:26:51","slug":"lasset-die-spiele-beginnen","status":"publish","type":"page","link":"https:\/\/www.kloster-metten.com\/?page_id=9992","title":{"rendered":"Lasset die Spiele beginnen!"},"content":{"rendered":"<h2>Lasset die Spiele beginnen!<\/h2><p>&nbsp;<\/p>\n<p><a href=\"https:\/\/www.kloster-metten.com\/wp-content\/uploads\/2016\/07\/Olympische-Spiele-1_.jpg\"><img loading=\"lazy\" decoding=\"async\" class=\"alignnone size-medium wp-image-9993\" title=\"Olympische Spiele 1_\" src=\"https:\/\/www.kloster-metten.com\/wp-content\/uploads\/2016\/07\/Olympische-Spiele-1_-500x417.jpg\" alt=\"Olympische Spiele 1_\" width=\"500\" height=\"417\" srcset=\"https:\/\/www.kloster-metten.com\/wp-content\/uploads\/2016\/07\/Olympische-Spiele-1_-500x417.jpg 500w, https:\/\/www.kloster-metten.com\/wp-content\/uploads\/2016\/07\/Olympische-Spiele-1_-768x640.jpg 768w, https:\/\/www.kloster-metten.com\/wp-content\/uploads\/2016\/07\/Olympische-Spiele-1_-1024x854.jpg 1024w, https:\/\/www.kloster-metten.com\/wp-content\/uploads\/2016\/07\/Olympische-Spiele-1_.jpg 1040w\" sizes=\"auto, (max-width: 500px) 100vw, 500px\" \/><\/a><\/p>\n<p>Olympische Spiele des P-Seminars Latein<\/p>\n<p>\u201eDer Ruhm ist der Duft der Heldentaten\u201c (Sokrates) \u2013 das war das Motto der Olympische Spiele, die am Samstag, den 02.07.2016 von den Sch\u00fclern des P-Seminars Latein f\u00fcr die sechste Jahrgangsstufe veranstaltet wurden. Aufgabe der P-Seminar-Sch\u00fcler war es, den j\u00fcngeren Sch\u00fclern das humanistische Profil der Schule nahe zu bringen, was ihnen mit diesen Spielen nach antikem Vorbild gut gelungen ist. Die Unterstufensch\u00fcler traten in f\u00fcnf Disziplinen gegeneinander an. Die Disziplinen orientierten sich stark an den Aufgaben bei den antiken Spielen. Die Sechstkl\u00e4ssler konnten sich im Speerwerfen und beim Weitsprung mit Gewichten probieren. Zudem mussten sie auch ihr K\u00f6nnen im Sackh\u00fcpfen, Dauerlauf und beim Sprint \u00fcber 50 Meter unter Beweis stellen. Dabei wurden sehr gute Ergebnisse erzielt und die Kleinen f\u00fchlten sich f\u00fcr einen Vormittag wie echte griechische Sportler. Auch das Wetter spielte mit, da es angenehm warm war und nicht regnete. Zudem blieben alle unverletzt, was den Erfolg der Olympischen Spiele noch erh\u00f6hte. Begleitet wurden die Sch\u00fcler der Q11 von Herrn Bartlick aus der Fachschaft Sport und Frau Rauch, der Leiterin des P-Seminars. Als Unterst\u00fctzung konnten auch weitere Mitsch\u00fcler aus der Q11 gewonnen werden.<\/p>\n<p>Die Sch\u00fcler des P-Seminars zeigten gro\u00dfes Engagement und bewiesen ihr Organisationstalent. So waren die Olympischen Spiele gepr\u00e4gt von Spiel und Spa\u00df f\u00fcr Gro\u00df und Klein, hatte sich doch das P-Seminar Latein als Ziel gesetzt, den j\u00fcngeren Sch\u00fcler zu zeigen, wie sch\u00f6n und spannend die Antike war.<\/p>\n<p>Susanne Schedlbauer, Q11<\/p>\n\r\n\t\t<style type='text\/css'>\r\n\t\t\t#gallery-1 {\r\n\t\t\t\tmargin: auto;\r\n\t\t\t}\r\n\t\t\t#gallery-1 .gallery-item {\r\n\t\t\t\tfloat: left;\r\n\t\t\t\tmargin-top: 10px;\r\n\t\t\t\ttext-align: center;\r\n\t\t\t\twidth: 33%;\r\n\t\t\t}\r\n\t\t\t#gallery-1 hr {\r\n\t\t\t\theight: 1px;\r\n\t\t\t}\r\n\t\t\t#gallery-1 .gallery-caption {\r\n\t\t\t\tmargin-left: 0;\r\n\t\t\t}\r\n\t\t\t\/* see gallery_shortcode() in wp-includes\/media.php *\/\r\n\t\t<\/style>\n\t\t<div id='gallery-1' class='gallery galleryid-9992 gallery-columns-3 gallery-size-thumbnail'><hr class='null'><dl class='gallery-item'>\r\n\t\t\t<dt class='gallery-icon landscape'>\r\n\t\t\t\t<a title=\"Olympische Spiele 7_\"  href='https:\/\/www.kloster-metten.com\/?attachment_id=9994'><img loading=\"lazy\" decoding=\"async\" width=\"170\" height=\"115\" src=\"https:\/\/www.kloster-metten.com\/wp-content\/uploads\/2016\/07\/Olympische-Spiele-7_-170x115.jpg\" class=\"attachment-thumbnail size-thumbnail\" alt=\"\" \/><\/a>\r\n\t\t\t<\/dt><\/dl><dl class='gallery-item'>\r\n\t\t\t<dt class='gallery-icon landscape'>\r\n\t\t\t\t<a title=\"Olympische Spiele 6_\"  href='https:\/\/www.kloster-metten.com\/?attachment_id=9995'><img loading=\"lazy\" decoding=\"async\" width=\"170\" height=\"115\" src=\"https:\/\/www.kloster-metten.com\/wp-content\/uploads\/2016\/07\/Olympische-Spiele-6_-170x115.jpg\" class=\"attachment-thumbnail size-thumbnail\" alt=\"\" \/><\/a>\r\n\t\t\t<\/dt><\/dl><dl class='gallery-item'>\r\n\t\t\t<dt class='gallery-icon landscape'>\r\n\t\t\t\t<a title=\"Olympische Spiele 2_\"  href='https:\/\/www.kloster-metten.com\/?attachment_id=9996'><img loading=\"lazy\" decoding=\"async\" width=\"170\" height=\"115\" src=\"https:\/\/www.kloster-metten.com\/wp-content\/uploads\/2016\/07\/Olympische-Spiele-2_-170x115.jpg\" class=\"attachment-thumbnail size-thumbnail\" alt=\"\" \/><\/a>\r\n\t\t\t<\/dt><\/dl><br style=\"clear: both\" \/><dl class='gallery-item'>\r\n\t\t\t<dt class='gallery-icon landscape'>\r\n\t\t\t\t<a title=\"Olympische Spiele 4_\"  href='https:\/\/www.kloster-metten.com\/?attachment_id=9997'><img loading=\"lazy\" decoding=\"async\" width=\"170\" height=\"115\" src=\"https:\/\/www.kloster-metten.com\/wp-content\/uploads\/2016\/07\/Olympische-Spiele-4_-170x115.jpg\" class=\"attachment-thumbnail size-thumbnail\" alt=\"\" \/><\/a>\r\n\t\t\t<\/dt><\/dl><dl class='gallery-item'>\r\n\t\t\t<dt class='gallery-icon landscape'>\r\n\t\t\t\t<a title=\"Olympische Spiele 3_\"  href='https:\/\/www.kloster-metten.com\/?attachment_id=9998'><img loading=\"lazy\" decoding=\"async\" width=\"170\" height=\"115\" src=\"https:\/\/www.kloster-metten.com\/wp-content\/uploads\/2016\/07\/Olympische-Spiele-3_-170x115.jpg\" class=\"attachment-thumbnail size-thumbnail\" alt=\"\" \/><\/a>\r\n\t\t\t<\/dt><\/dl>\r\n\t\t\t<br style='clear: both' \/>\r\n\t\t<\/div>\n\n","protected":false},"excerpt":{"rendered":"<p>Lasset die Spiele beginnen!&nbsp; Olympische Spiele des P-Seminars Latein \u201eDer Ruhm ist der Duft der Heldentaten\u201c (Sokrates) \u2013 das war das Motto der Olympische Spiele, die am Samstag, den 02.07.2016 von den Sch\u00fclern des P-Seminars Latein f\u00fcr die sechste Jahrgangsstufe veranstaltet wurden. Aufgabe der P-Seminar-Sch\u00fcler war es, den j\u00fcngeren Sch\u00fclern das humanistische Profil der Schule [&hellip;]<\/p>\n","protected":false},"author":5,"featured_media":0,"parent":11026,"menu_order":145,"comment_status":"closed","ping_status":"closed","template":"","meta":{"footnotes":""},"class_list":["post-9992","page","type-page","status-publish","hentry"],"_links":{"self":[{"href":"https:\/\/www.kloster-metten.com\/index.php?rest_route=\/wp\/v2\/pages\/9992","targetHints":{"allow":["GET"]}}],"collection":[{"href":"https:\/\/www.kloster-metten.com\/index.php?rest_route=\/wp\/v2\/pages"}],"about":[{"href":"https:\/\/www.kloster-metten.com\/index.php?rest_route=\/wp\/v2\/types\/page"}],"author":[{"embeddable":true,"href":"https:\/\/www.kloster-metten.com\/index.php?rest_route=\/wp\/v2\/users\/5"}],"replies":[{"embeddable":true,"href":"https:\/\/www.kloster-metten.com\/index.php?rest_route=%2Fwp%2Fv2%2Fcomments&post=9992"}],"version-history":[{"count":1,"href":"https:\/\/www.kloster-metten.com\/index.php?rest_route=\/wp\/v2\/pages\/9992\/revisions"}],"predecessor-version":[{"id":9999,"href":"https:\/\/www.kloster-metten.com\/index.php?rest_route=\/wp\/v2\/pages\/9992\/revisions\/9999"}],"up":[{"embeddable":true,"href":"https:\/\/www.kloster-metten.com\/index.php?rest_route=\/wp\/v2\/pages\/11026"}],"wp:attachment":[{"href":"https:\/\/www.kloster-metten.com\/index.php?rest_route=%2Fwp%2Fv2%2Fmedia&parent=9992"}],"curies":[{"name":"wp","href":"https:\/\/api.w.org\/{rel}","templated":true}]}}